{"id":111653,"date":"2025-05-29T12:47:30","date_gmt":"2025-05-29T10:47:30","guid":{"rendered":"https:\/\/abinox-chr-clim.com\/index.php\/product\/seau-a-glace-en-inox-double-paroi-olympia-geo-2l\/"},"modified":"2026-04-24T11:13:05","modified_gmt":"2026-04-24T09:13:05","slug":"seau-a-glace-en-inox-double-paroi-olympia-geo-2l","status":"publish","type":"product","link":"https:\/\/abinox-chr-clim.com\/index.php\/product\/seau-a-glace-en-inox-double-paroi-olympia-geo-2l\/","title":{"rendered":"Seau \u00e0 glace en inox double paroi Olympia Geo 2L"},"content":{"rendered":"<p>Assurez-vous que vos boissons restent fra\u00eeches et rafra\u00eechissantes avec ce seau \u00e0 glace \u00e0 double paroi d&rsquo;Olympia. Fabriqu\u00e9 en acier inoxydable de haute qualit\u00e9, le seau dispose d&rsquo;une construction \u00e0 double paroi qui garde la glace parfaitement refroidie et pr\u00eate \u00e0 \u00eatre servie. \u00c9quip\u00e9 d&rsquo;un couvercle s\u00e9curis\u00e9 et d&rsquo;une poign\u00e9e pratique, le seau \u00e0 glace Olympia permet un acc\u00e8s facile \u00e0 la glace tout en maintenant son contenu \u00e0 une fra\u00eecheur optimale. L&rsquo;ajout d&rsquo;une finition d\u00e9corative \u00e9l\u00e9gante ajoute non seulement une touche de sophistication mais donne \u00e9galement au seau un aspect unique et raffin\u00e9.<\/p>\n<p>\u2022 Dimensions 170(L)x 150(P)x 165(H)mm<br \/>\u2022 Capacit\u00e9 1950ml<br \/>\u2022 Mat\u00e9riau Acier inoxydable<br \/>\u2022 Poids 832g<br \/>\u2022 Garde les bouteilles \u00e0 la temp\u00e9rature id\u00e9ale<br \/>\u2022 Passe au lave-vaisselle<br \/>\u2022 Design \u00e9l\u00e9gant<\/p>\n<p><b><u>Caract\u00e9ristiques du produit :<\/u><\/b><br \/>\u2022 Couleur : Argent.<\/p>\n","protected":false},"excerpt":{"rendered":"<p>Seau \u00e0 glace en acier inoxydable \u00e0 double paroi d&rsquo;une capacit\u00e9 de 2L.<\/p>\n","protected":false},"featured_media":109171,"comment_status":"open","ping_status":"closed","template":"","meta":[],"product_brand":[],"product_cat":[1107,1108,1297,1106],"product_tag":[],"class_list":{"0":"post-111653","1":"product","2":"type-product","3":"status-publish","4":"has-post-thumbnail","6":"product_cat-accessoires-de-bar","7":"product_cat-accessoires-de-bar-accessoires-de-bar","8":"product_cat-non-palettisable","9":"product_cat-restaurant-bar-et-hotel","10":"product_shipping_class-free-shipping","12":"first","13":"instock","14":"featured","15":"taxable","16":"shipping-taxable","17":"purchasable","18":"product-type-simple"},"_links":{"self":[{"href":"https:\/\/abinox-chr-clim.com\/index.php\/wp-json\/wp\/v2\/product\/111653","targetHints":{"allow":["GET"]}}],"collection":[{"href":"https:\/\/abinox-chr-clim.com\/index.php\/wp-json\/wp\/v2\/product"}],"about":[{"href":"https:\/\/abinox-chr-clim.com\/index.php\/wp-json\/wp\/v2\/types\/product"}],"replies":[{"embeddable":true,"href":"https:\/\/abinox-chr-clim.com\/index.php\/wp-json\/wp\/v2\/comments?post=111653"}],"wp:featuredmedia":[{"embeddable":true,"href":"https:\/\/abinox-chr-clim.com\/index.php\/wp-json\/wp\/v2\/media\/109171"}],"wp:attachment":[{"href":"https:\/\/abinox-chr-clim.com\/index.php\/wp-json\/wp\/v2\/media?parent=111653"}],"wp:term":[{"taxonomy":"product_brand","embeddable":true,"href":"https:\/\/abinox-chr-clim.com\/index.php\/wp-json\/wp\/v2\/product_brand?post=111653"},{"taxonomy":"product_cat","embeddable":true,"href":"https:\/\/abinox-chr-clim.com\/index.php\/wp-json\/wp\/v2\/product_cat?post=111653"},{"taxonomy":"product_tag","embeddable":true,"href":"https:\/\/abinox-chr-clim.com\/index.php\/wp-json\/wp\/v2\/product_tag?post=111653"}],"curies":[{"name":"wp","href":"https:\/\/api.w.org\/{rel}","templated":true}]}}