{"id":111651,"date":"2025-05-29T12:47:26","date_gmt":"2025-05-29T10:47:26","guid":{"rendered":"https:\/\/abinox-chr-clim.com\/index.php\/product\/mini-casserole-en-inox-olympia-table-presentation-90x60mm\/"},"modified":"2026-04-02T10:36:40","modified_gmt":"2026-04-02T08:36:40","slug":"mini-casserole-en-inox-olympia-table-presentation-90x60mm","status":"publish","type":"product","link":"https:\/\/abinox-chr-clim.com\/index.php\/product\/mini-casserole-en-inox-olympia-table-presentation-90x60mm\/","title":{"rendered":"Mini casserole en inox Olympia Table Presentation 90x60mm"},"content":{"rendered":"<p>Po\u00eales en acier inoxydable retenant la chaleur, id\u00e9ales pour servir des sauces, des trempettes et des mini p\u00e2t\u00e9s en cro\u00fbte. Compatible avec l&rsquo;induction.<\/p>\n<p>\u2022 Dimensions 61(H) x 93(P) x 180(L)mm<br \/>\u2022 Dot\u00e9 d&rsquo;un trou de suspension pratique pour un rangement facile<br \/>\u2022 Mat\u00e9riau : acier inoxydable<br \/>\u2022 Poids 181g<br \/>\u2022 Capacit\u00e9 371ml<br \/>\u2022 Haute r\u00e9tention de chaleur pour une cuisson rapide et efficace<br \/>\u2022 Parois en acier inoxydable durable<br \/>\u2022 Lavable au lave-vaisselle pour un nettoyage facile<\/p>\n<p><b><u>Caract\u00e9ristiques du produit :<\/u><\/b><br \/>\u2022 Capacit\u00e9 : 371ml<br \/>\u2022 Dim. : 61(H) x 93(P) x 180(L)mm<br \/>\u2022 Mati\u00e8re : Inox<br \/>\u2022 Poids : 181g<br \/>\u2022 Couleur : Argent.<\/p>\n","protected":false},"excerpt":{"rendered":"<p>61(H) x 93(P) x 180(L)mm<\/p>\n","protected":false},"featured_media":106441,"comment_status":"open","ping_status":"closed","template":"","meta":[],"product_brand":[],"product_cat":[1065,1064,1066,1297],"product_tag":[],"class_list":{"0":"post-111651","1":"product","2":"type-product","3":"status-publish","4":"has-post-thumbnail","6":"product_cat-batterie-et-platerie-de-cuisine","7":"product_cat-cuisine","8":"product_cat-marmites-et-casseroles","9":"product_cat-non-palettisable","10":"product_shipping_class-free-shipping","12":"first","13":"instock","14":"featured","15":"taxable","16":"shipping-taxable","17":"purchasable","18":"product-type-simple"},"_links":{"self":[{"href":"https:\/\/abinox-chr-clim.com\/index.php\/wp-json\/wp\/v2\/product\/111651","targetHints":{"allow":["GET"]}}],"collection":[{"href":"https:\/\/abinox-chr-clim.com\/index.php\/wp-json\/wp\/v2\/product"}],"about":[{"href":"https:\/\/abinox-chr-clim.com\/index.php\/wp-json\/wp\/v2\/types\/product"}],"replies":[{"embeddable":true,"href":"https:\/\/abinox-chr-clim.com\/index.php\/wp-json\/wp\/v2\/comments?post=111651"}],"wp:featuredmedia":[{"embeddable":true,"href":"https:\/\/abinox-chr-clim.com\/index.php\/wp-json\/wp\/v2\/media\/106441"}],"wp:attachment":[{"href":"https:\/\/abinox-chr-clim.com\/index.php\/wp-json\/wp\/v2\/media?parent=111651"}],"wp:term":[{"taxonomy":"product_brand","embeddable":true,"href":"https:\/\/abinox-chr-clim.com\/index.php\/wp-json\/wp\/v2\/product_brand?post=111651"},{"taxonomy":"product_cat","embeddable":true,"href":"https:\/\/abinox-chr-clim.com\/index.php\/wp-json\/wp\/v2\/product_cat?post=111651"},{"taxonomy":"product_tag","embeddable":true,"href":"https:\/\/abinox-chr-clim.com\/index.php\/wp-json\/wp\/v2\/product_tag?post=111651"}],"curies":[{"name":"wp","href":"https:\/\/api.w.org\/{rel}","templated":true}]}}