{"id":111648,"date":"2025-05-29T12:47:19","date_gmt":"2025-05-29T10:47:19","guid":{"rendered":"https:\/\/abinox-chr-clim.com\/index.php\/product\/plat-kadai-en-cuivre-avec-poignees-en-inox-revetement-laiton-olympia-660ml\/"},"modified":"2026-04-14T11:26:28","modified_gmt":"2026-04-14T09:26:28","slug":"plat-kadai-en-cuivre-avec-poignees-en-inox-revetement-laiton-olympia-660ml","status":"publish","type":"product","link":"https:\/\/abinox-chr-clim.com\/index.php\/product\/plat-kadai-en-cuivre-avec-poignees-en-inox-revetement-laiton-olympia-660ml\/","title":{"rendered":"Plat Kadai en cuivre avec poign\u00e9es en inox rev\u00eatement laiton Olympia 660ml"},"content":{"rendered":"<p>Plat Olympia en cuivre Kadai avec poign\u00e9es en laiton en acier inoxydable 660ml<\/p>\n<p>\u2022 Id\u00e9al pour faire sauter, frire et servir des plats<br \/>\u2022 Offre une excellente conservation et distribution de la chaleur<br \/>\u2022 Le fond plat assure la stabilit\u00e9; les poign\u00e9es en laiton permettent un levage facile et s\u00fbr<br \/>\u2022 Ajoute une touche exotique \u00e0 la table et est populaire pour son design authentique<br \/>\u2022 Passe au lave-vaisselle<\/p>\n<p><b><u>Caract\u00e9ristiques du produit :<\/u><\/b><br \/>\u2022 Dim. : 49(H) x 164(P) x 200(L)mm<br \/>\u2022 Poids : 405g<br \/>\u2022 Couleur : Cuivre.<\/p>\n","protected":false},"excerpt":{"rendered":"<p>49(H) x 164(P) x 200(L)mm<\/p>\n","protected":false},"featured_media":107265,"comment_status":"open","ping_status":"closed","template":"","meta":[],"product_brand":[],"product_cat":[1277,1297],"product_tag":[],"class_list":{"0":"post-111648","1":"product","2":"type-product","3":"status-publish","4":"has-post-thumbnail","6":"product_cat-divers-principal","7":"product_cat-non-palettisable","8":"product_shipping_class-free-shipping","10":"first","11":"outofstock","12":"featured","13":"taxable","14":"shipping-taxable","15":"purchasable","16":"product-type-simple"},"_links":{"self":[{"href":"https:\/\/abinox-chr-clim.com\/index.php\/wp-json\/wp\/v2\/product\/111648","targetHints":{"allow":["GET"]}}],"collection":[{"href":"https:\/\/abinox-chr-clim.com\/index.php\/wp-json\/wp\/v2\/product"}],"about":[{"href":"https:\/\/abinox-chr-clim.com\/index.php\/wp-json\/wp\/v2\/types\/product"}],"replies":[{"embeddable":true,"href":"https:\/\/abinox-chr-clim.com\/index.php\/wp-json\/wp\/v2\/comments?post=111648"}],"wp:featuredmedia":[{"embeddable":true,"href":"https:\/\/abinox-chr-clim.com\/index.php\/wp-json\/wp\/v2\/media\/107265"}],"wp:attachment":[{"href":"https:\/\/abinox-chr-clim.com\/index.php\/wp-json\/wp\/v2\/media?parent=111648"}],"wp:term":[{"taxonomy":"product_brand","embeddable":true,"href":"https:\/\/abinox-chr-clim.com\/index.php\/wp-json\/wp\/v2\/product_brand?post=111648"},{"taxonomy":"product_cat","embeddable":true,"href":"https:\/\/abinox-chr-clim.com\/index.php\/wp-json\/wp\/v2\/product_cat?post=111648"},{"taxonomy":"product_tag","embeddable":true,"href":"https:\/\/abinox-chr-clim.com\/index.php\/wp-json\/wp\/v2\/product_tag?post=111648"}],"curies":[{"name":"wp","href":"https:\/\/api.w.org\/{rel}","templated":true}]}}