{"id":111642,"date":"2025-05-29T12:47:07","date_gmt":"2025-05-29T10:47:07","guid":{"rendered":"https:\/\/abinox-chr-clim.com\/index.php\/product\/plat-de-presentation-en-inox-carre-olympia-115x115mm\/"},"modified":"2026-04-24T11:12:59","modified_gmt":"2026-04-24T09:12:59","slug":"plat-de-presentation-en-inox-carre-olympia-115x115mm","status":"publish","type":"product","link":"https:\/\/abinox-chr-clim.com\/index.php\/product\/plat-de-presentation-en-inox-carre-olympia-115x115mm\/","title":{"rendered":"Plat de pr\u00e9sentation en inox carr\u00e9 Olympia 115x115mm"},"content":{"rendered":"<p>L\u00e9ger avec des poign\u00e9es robustes pour un transport facile. Passe au lave-vaisselle.<\/p>\n<p>\u2022 Le design l\u00e9ger permet un \u00e9quilibre et un transport faciles<br \/>\u2022 Deux poign\u00e9es robustes pour un transport s\u00fbr<br \/>\u2022 Retient la chaleur pour garder les aliments chauds plus longtemps<br \/>\u2022 Design durable pour une utilisation prolong\u00e9e<br \/>\u2022 Lavable au lave-vaisselle pour un nettoyage facile<br \/>\u2022 \u00c9galement disponible en forme rectangulaire<\/p>\n<p><b><u>Caract\u00e9ristiques du produit :<\/u><\/b><br \/>\u2022 Dim. : 45(H) x 116(P) x 169(L)mm<br \/>\u2022 Mati\u00e8re : Inox<br \/>\u2022 Poids : 174g<br \/>\u2022 Couleur : Argent.<\/p>\n","protected":false},"excerpt":{"rendered":"<p>45(H) x 116(P) x 169(L)mm<\/p>\n","protected":false},"featured_media":106821,"comment_status":"open","ping_status":"closed","template":"","meta":[],"product_brand":[],"product_cat":[1114,1297,1119,1106],"product_tag":[],"class_list":{"0":"post-111642","1":"product","2":"type-product","3":"status-publish","4":"has-post-thumbnail","6":"product_cat-buffet","7":"product_cat-non-palettisable","8":"product_cat-presentation-buffet","9":"product_cat-restaurant-bar-et-hotel","10":"product_shipping_class-free-shipping","12":"first","13":"instock","14":"featured","15":"taxable","16":"shipping-taxable","17":"purchasable","18":"product-type-simple"},"_links":{"self":[{"href":"https:\/\/abinox-chr-clim.com\/index.php\/wp-json\/wp\/v2\/product\/111642","targetHints":{"allow":["GET"]}}],"collection":[{"href":"https:\/\/abinox-chr-clim.com\/index.php\/wp-json\/wp\/v2\/product"}],"about":[{"href":"https:\/\/abinox-chr-clim.com\/index.php\/wp-json\/wp\/v2\/types\/product"}],"replies":[{"embeddable":true,"href":"https:\/\/abinox-chr-clim.com\/index.php\/wp-json\/wp\/v2\/comments?post=111642"}],"wp:featuredmedia":[{"embeddable":true,"href":"https:\/\/abinox-chr-clim.com\/index.php\/wp-json\/wp\/v2\/media\/106821"}],"wp:attachment":[{"href":"https:\/\/abinox-chr-clim.com\/index.php\/wp-json\/wp\/v2\/media?parent=111642"}],"wp:term":[{"taxonomy":"product_brand","embeddable":true,"href":"https:\/\/abinox-chr-clim.com\/index.php\/wp-json\/wp\/v2\/product_brand?post=111642"},{"taxonomy":"product_cat","embeddable":true,"href":"https:\/\/abinox-chr-clim.com\/index.php\/wp-json\/wp\/v2\/product_cat?post=111642"},{"taxonomy":"product_tag","embeddable":true,"href":"https:\/\/abinox-chr-clim.com\/index.php\/wp-json\/wp\/v2\/product_tag?post=111642"}],"curies":[{"name":"wp","href":"https:\/\/api.w.org\/{rel}","templated":true}]}}