{"id":111641,"date":"2025-05-29T12:47:05","date_gmt":"2025-05-29T10:47:05","guid":{"rendered":"https:\/\/abinox-chr-clim.com\/index.php\/product\/plat-de-presentation-en-inox-rectangulaire-olympia-140x90mm\/"},"modified":"2026-01-12T09:30:33","modified_gmt":"2026-01-12T08:30:33","slug":"plat-de-presentation-en-inox-rectangulaire-olympia-140x90mm","status":"publish","type":"product","link":"https:\/\/abinox-chr-clim.com\/index.php\/product\/plat-de-presentation-en-inox-rectangulaire-olympia-140x90mm\/","title":{"rendered":"Plat de pr\u00e9sentation en inox rectangulaire Olympia 140x90mm"},"content":{"rendered":"<p>L\u00e9ger avec des poign\u00e9es robustes pour un transport facile. Passe au lave-vaisselle.<\/p>\n<p>\u2022 Le design l\u00e9ger permet un \u00e9quilibre et un transport faciles<br \/>\u2022 Deux poign\u00e9es robustes pour un transport s\u00e9curis\u00e9<br \/>\u2022 Retient la chaleur pour garder les aliments chauds plus longtemps<br \/>\u2022 Conception durable pour une utilisation prolong\u00e9e<br \/>\u2022 Passe au lave-vaisselle pour un nettoyage facile<br \/>\u2022 \u00c9galement disponible en forme carr\u00e9e<\/p>\n<p><b><u>Caract\u00e9ristiques du produit :<\/u><\/b><br \/>\u2022 Dim. : 43(H) x 95(P) x 194(L)mm<br \/>\u2022 Mati\u00e8re : Inox<br \/>\u2022 Poids : 178g<br \/>\u2022 Couleur : Argent.<\/p>\n","protected":false},"excerpt":{"rendered":"<p>43(H) x 95(P) x 194(L)mm<\/p>\n","protected":false},"featured_media":109164,"comment_status":"open","ping_status":"closed","template":"","meta":[],"product_brand":[],"product_cat":[1114,1297,1119,1106],"product_tag":[],"class_list":{"0":"post-111641","1":"product","2":"type-product","3":"status-publish","4":"has-post-thumbnail","6":"product_cat-buffet","7":"product_cat-non-palettisable","8":"product_cat-presentation-buffet","9":"product_cat-restaurant-bar-et-hotel","10":"product_shipping_class-free-shipping","12":"first","13":"outofstock","14":"featured","15":"taxable","16":"shipping-taxable","17":"purchasable","18":"product-type-simple"},"_links":{"self":[{"href":"https:\/\/abinox-chr-clim.com\/index.php\/wp-json\/wp\/v2\/product\/111641","targetHints":{"allow":["GET"]}}],"collection":[{"href":"https:\/\/abinox-chr-clim.com\/index.php\/wp-json\/wp\/v2\/product"}],"about":[{"href":"https:\/\/abinox-chr-clim.com\/index.php\/wp-json\/wp\/v2\/types\/product"}],"replies":[{"embeddable":true,"href":"https:\/\/abinox-chr-clim.com\/index.php\/wp-json\/wp\/v2\/comments?post=111641"}],"wp:featuredmedia":[{"embeddable":true,"href":"https:\/\/abinox-chr-clim.com\/index.php\/wp-json\/wp\/v2\/media\/109164"}],"wp:attachment":[{"href":"https:\/\/abinox-chr-clim.com\/index.php\/wp-json\/wp\/v2\/media?parent=111641"}],"wp:term":[{"taxonomy":"product_brand","embeddable":true,"href":"https:\/\/abinox-chr-clim.com\/index.php\/wp-json\/wp\/v2\/product_brand?post=111641"},{"taxonomy":"product_cat","embeddable":true,"href":"https:\/\/abinox-chr-clim.com\/index.php\/wp-json\/wp\/v2\/product_cat?post=111641"},{"taxonomy":"product_tag","embeddable":true,"href":"https:\/\/abinox-chr-clim.com\/index.php\/wp-json\/wp\/v2\/product_tag?post=111641"}],"curies":[{"name":"wp","href":"https:\/\/api.w.org\/{rel}","templated":true}]}}