{"id":111636,"date":"2025-05-29T12:46:54","date_gmt":"2025-05-29T10:46:54","guid":{"rendered":"https:\/\/abinox-chr-clim.com\/index.php\/product\/mini-pichets-a-lait-en-acier-inoxydable-martele-olympia-78ml-lot-de-6\/"},"modified":"2026-02-18T10:47:11","modified_gmt":"2026-02-18T09:47:11","slug":"mini-pichets-a-lait-en-acier-inoxydable-martele-olympia-78ml-lot-de-6","status":"publish","type":"product","link":"https:\/\/abinox-chr-clim.com\/index.php\/product\/mini-pichets-a-lait-en-acier-inoxydable-martele-olympia-78ml-lot-de-6\/","title":{"rendered":"Mini pichets \u00e0 lait en acier inoxydable martel\u00e9 Olympia 78ml (lot de 6)"},"content":{"rendered":"<p>Olympia Mini-pot \u00e0 lait en acier inoxydable martel\u00e9 78ml<\/p>\n<p>\u2022 Dimensions 56(H) x 51(P) x 84(L)mm<br \/>\u2022 Disponible dans une gamme de tailles pour plus de polyvalence<br \/>\u2022 Capacit\u00e9 78ml<br \/>\u2022 En acier inoxydable<br \/>\u2022 Poids 31g<br \/>\u2022 Ajoute une touche premium \u00e0 votre service de boissons de caf\u00e9, bar ou bistro<br \/>\u2022 Durable contre la chaleur et la corrosion<br \/>\u2022 Parfait pour servir le th\u00e9 et le caf\u00e9 &#8211; peut contenir beaucoup de lait<br \/>\u2022 Bec antigoutte pour un versement rapide et contr\u00f4l\u00e9<\/p>\n<p><b><u>Caract\u00e9ristiques du produit :<\/u><\/b><br \/>\u2022 Lot : 6.0<br \/>\u2022 Capacit\u00e9 : 78ml<br \/>\u2022 Dim. : 56(H) x 51(P) x 84(L)mm<br \/>\u2022 Mati\u00e8re : Inox<br \/>\u2022 Poids : 31g<br \/>\u2022 Couleur : Argent.<\/p>\n","protected":false},"excerpt":{"rendered":"<p>78ml. Quantit\u00e9: 6<\/p>\n","protected":false},"featured_media":106818,"comment_status":"open","ping_status":"closed","template":"","meta":[],"product_brand":[],"product_cat":[1297,1144,1106,1140],"product_tag":[],"class_list":{"0":"post-111636","1":"product","2":"type-product","3":"status-publish","4":"has-post-thumbnail","6":"product_cat-non-palettisable","7":"product_cat-pichets-isothermes","8":"product_cat-restaurant-bar-et-hotel","9":"product_cat-service-boissons","10":"product_shipping_class-free-shipping","12":"first","13":"outofstock","14":"featured","15":"taxable","16":"shipping-taxable","17":"purchasable","18":"product-type-simple"},"_links":{"self":[{"href":"https:\/\/abinox-chr-clim.com\/index.php\/wp-json\/wp\/v2\/product\/111636","targetHints":{"allow":["GET"]}}],"collection":[{"href":"https:\/\/abinox-chr-clim.com\/index.php\/wp-json\/wp\/v2\/product"}],"about":[{"href":"https:\/\/abinox-chr-clim.com\/index.php\/wp-json\/wp\/v2\/types\/product"}],"replies":[{"embeddable":true,"href":"https:\/\/abinox-chr-clim.com\/index.php\/wp-json\/wp\/v2\/comments?post=111636"}],"wp:featuredmedia":[{"embeddable":true,"href":"https:\/\/abinox-chr-clim.com\/index.php\/wp-json\/wp\/v2\/media\/106818"}],"wp:attachment":[{"href":"https:\/\/abinox-chr-clim.com\/index.php\/wp-json\/wp\/v2\/media?parent=111636"}],"wp:term":[{"taxonomy":"product_brand","embeddable":true,"href":"https:\/\/abinox-chr-clim.com\/index.php\/wp-json\/wp\/v2\/product_brand?post=111636"},{"taxonomy":"product_cat","embeddable":true,"href":"https:\/\/abinox-chr-clim.com\/index.php\/wp-json\/wp\/v2\/product_cat?post=111636"},{"taxonomy":"product_tag","embeddable":true,"href":"https:\/\/abinox-chr-clim.com\/index.php\/wp-json\/wp\/v2\/product_tag?post=111636"}],"curies":[{"name":"wp","href":"https:\/\/api.w.org\/{rel}","templated":true}]}}