{"id":111630,"date":"2025-05-29T12:46:42","date_gmt":"2025-05-29T10:46:42","guid":{"rendered":"https:\/\/abinox-chr-clim.com\/index.php\/product\/plat-inox-martele-double-poignee-olympia-table-presentation-150mm\/"},"modified":"2026-02-18T10:50:39","modified_gmt":"2026-02-18T09:50:39","slug":"plat-inox-martele-double-poignee-olympia-table-presentation-150mm","status":"publish","type":"product","link":"https:\/\/abinox-chr-clim.com\/index.php\/product\/plat-inox-martele-double-poignee-olympia-table-presentation-150mm\/","title":{"rendered":"Plat inox martel\u00e9 double poign\u00e9e Olympia Table Presentation 150mm"},"content":{"rendered":"<p>Acier inoxydable martel\u00e9, plats l\u00e9gers avec bord sur\u00e9lev\u00e9. Lavable au lave-vaisselle.<\/p>\n<p>\u2022 Finition martel\u00e9e, \u00e9galement disponible en finition lisse<br \/>\u2022 Rebord sur\u00e9lev\u00e9 emp\u00eachant le contenu de tomber<br \/>\u2022 Construction l\u00e9g\u00e8re permettant une manipulation et un transport faciles<br \/>\u2022 Fond plat pour un style traditionnel<br \/>\u2022 Disponible en diff\u00e9rentes tailles pour diff\u00e9rentes portions<br \/>\u2022 Poign\u00e9es pour un transport facile<br \/>\u2022 Lave-vaisselle pour un nettoyage rapide<\/p>\n<p><b><u>Caract\u00e9ristiques du produit :<\/u><\/b><br \/>\u2022 Capacit\u00e9 : 570ml<br \/>\u2022 Dim. : 150(\u00d8) x 46(H)mm<br \/>\u2022 Mati\u00e8re : Inox<br \/>\u2022 Poids : 167 g<br \/>\u2022 Couleur : Argent.<\/p>\n","protected":false},"excerpt":{"rendered":"<p>150(\u00d8)x46(H)mm. Mat\u00e9riau : Acier inoxydable<\/p>\n","protected":false},"featured_media":107721,"comment_status":"open","ping_status":"closed","template":"","meta":[],"product_brand":[],"product_cat":[1277,1297],"product_tag":[],"class_list":{"0":"post-111630","1":"product","2":"type-product","3":"status-publish","4":"has-post-thumbnail","6":"product_cat-divers-principal","7":"product_cat-non-palettisable","8":"product_shipping_class-free-shipping","10":"first","11":"outofstock","12":"featured","13":"taxable","14":"shipping-taxable","15":"purchasable","16":"product-type-simple"},"_links":{"self":[{"href":"https:\/\/abinox-chr-clim.com\/index.php\/wp-json\/wp\/v2\/product\/111630","targetHints":{"allow":["GET"]}}],"collection":[{"href":"https:\/\/abinox-chr-clim.com\/index.php\/wp-json\/wp\/v2\/product"}],"about":[{"href":"https:\/\/abinox-chr-clim.com\/index.php\/wp-json\/wp\/v2\/types\/product"}],"replies":[{"embeddable":true,"href":"https:\/\/abinox-chr-clim.com\/index.php\/wp-json\/wp\/v2\/comments?post=111630"}],"wp:featuredmedia":[{"embeddable":true,"href":"https:\/\/abinox-chr-clim.com\/index.php\/wp-json\/wp\/v2\/media\/107721"}],"wp:attachment":[{"href":"https:\/\/abinox-chr-clim.com\/index.php\/wp-json\/wp\/v2\/media?parent=111630"}],"wp:term":[{"taxonomy":"product_brand","embeddable":true,"href":"https:\/\/abinox-chr-clim.com\/index.php\/wp-json\/wp\/v2\/product_brand?post=111630"},{"taxonomy":"product_cat","embeddable":true,"href":"https:\/\/abinox-chr-clim.com\/index.php\/wp-json\/wp\/v2\/product_cat?post=111630"},{"taxonomy":"product_tag","embeddable":true,"href":"https:\/\/abinox-chr-clim.com\/index.php\/wp-json\/wp\/v2\/product_tag?post=111630"}],"curies":[{"name":"wp","href":"https:\/\/api.w.org\/{rel}","templated":true}]}}