{"id":111627,"date":"2025-05-29T12:46:35","date_gmt":"2025-05-29T10:46:35","guid":{"rendered":"https:\/\/abinox-chr-clim.com\/index.php\/product\/shaker-a-cocktail-en-inox-olympia-tin-on-tin-500ml-900ml\/"},"modified":"2026-04-15T10:56:39","modified_gmt":"2026-04-15T08:56:39","slug":"shaker-a-cocktail-en-inox-olympia-tin-on-tin-500ml-900ml","status":"publish","type":"product","link":"https:\/\/abinox-chr-clim.com\/index.php\/product\/shaker-a-cocktail-en-inox-olympia-tin-on-tin-500ml-900ml\/","title":{"rendered":"Shaker \u00e0 cocktail en inox Olympia Tin On Tin 500ml\/900ml"},"content":{"rendered":"<p>Id\u00e9al pour m\u00e9langer efficacement une large gamme de cocktails, le shaker Olympia Tin-on-Tin est con\u00e7u pour r\u00e9sister \u00e0 une utilisation intensive dans les bars anim\u00e9s. Ses verres \u00e0 m\u00e9lange coniques garantissent un m\u00e9lange s\u00fbr, tandis que son design peu encombrant permet un empilage facile.<\/p>\n<p>\u2022 La finition en acier inoxydable poli offre un style professionnel<br \/>\u2022 Id\u00e9al pour le m\u00e9lange efficace d&rsquo;une large gamme de cocktails<br \/>\u2022 Con\u00e7u pour r\u00e9sister \u00e0 un usage intensif dans des bars \u00e0 cocktails anim\u00e9s<br \/>\u2022 Les verres \u00e0 m\u00e9lange coniques permettent un m\u00e9lange s\u00fbr<br \/>\u2022 Conception peu encombrante permettant un empilage facile lorsqu&rsquo;il n&rsquo;est pas utilis\u00e9<br \/>\u2022 La couleur argent\u00e9e offre une finition \u00e9l\u00e9gante<\/p>\n<p><b><u>Caract\u00e9ristiques du produit :<\/u><\/b><br \/>\u2022 Capacit\u00e9 : 900ml<br \/>\u2022 Dim. : 289(\u00d8)x95(H)mm<br \/>\u2022 Mati\u00e8re : Inox<br \/>\u2022 Poids : 357 g<br \/>\u2022 Couleur : Argent.<\/p>\n","protected":false},"excerpt":{"rendered":"<p>289(\u00d8)x95(H)mm. Mat\u00e9riau : Acier inoxydable<\/p>\n","protected":false},"featured_media":107263,"comment_status":"open","ping_status":"closed","template":"","meta":[],"product_brand":[],"product_cat":[1023,1297,1062,1051],"product_tag":[],"class_list":{"0":"post-111627","1":"product","2":"type-product","3":"status-publish","4":"has-post-thumbnail","6":"product_cat-art-de-la-table","7":"product_cat-non-palettisable","8":"product_cat-shooters-et-cocktails","9":"product_cat-verrerie","10":"product_shipping_class-free-shipping","12":"first","13":"instock","14":"featured","15":"taxable","16":"shipping-taxable","17":"purchasable","18":"product-type-simple"},"_links":{"self":[{"href":"https:\/\/abinox-chr-clim.com\/index.php\/wp-json\/wp\/v2\/product\/111627","targetHints":{"allow":["GET"]}}],"collection":[{"href":"https:\/\/abinox-chr-clim.com\/index.php\/wp-json\/wp\/v2\/product"}],"about":[{"href":"https:\/\/abinox-chr-clim.com\/index.php\/wp-json\/wp\/v2\/types\/product"}],"replies":[{"embeddable":true,"href":"https:\/\/abinox-chr-clim.com\/index.php\/wp-json\/wp\/v2\/comments?post=111627"}],"wp:featuredmedia":[{"embeddable":true,"href":"https:\/\/abinox-chr-clim.com\/index.php\/wp-json\/wp\/v2\/media\/107263"}],"wp:attachment":[{"href":"https:\/\/abinox-chr-clim.com\/index.php\/wp-json\/wp\/v2\/media?parent=111627"}],"wp:term":[{"taxonomy":"product_brand","embeddable":true,"href":"https:\/\/abinox-chr-clim.com\/index.php\/wp-json\/wp\/v2\/product_brand?post=111627"},{"taxonomy":"product_cat","embeddable":true,"href":"https:\/\/abinox-chr-clim.com\/index.php\/wp-json\/wp\/v2\/product_cat?post=111627"},{"taxonomy":"product_tag","embeddable":true,"href":"https:\/\/abinox-chr-clim.com\/index.php\/wp-json\/wp\/v2\/product_tag?post=111627"}],"curies":[{"name":"wp","href":"https:\/\/api.w.org\/{rel}","templated":true}]}}