{"id":111626,"date":"2025-05-29T12:46:33","date_gmt":"2025-05-29T10:46:33","guid":{"rendered":"https:\/\/abinox-chr-clim.com\/index.php\/product\/plat-kadai-en-inox-martele-olympia-table-presentation-200mm\/"},"modified":"2026-02-18T10:50:36","modified_gmt":"2026-02-18T09:50:36","slug":"plat-kadai-en-inox-martele-olympia-table-presentation-200mm","status":"publish","type":"product","link":"https:\/\/abinox-chr-clim.com\/index.php\/product\/plat-kadai-en-inox-martele-olympia-table-presentation-200mm\/","title":{"rendered":"Plat Kadai en inox martel\u00e9 Olympia Table Presentation 200mm"},"content":{"rendered":"<p>Les plats Kadai d&rsquo;Olympia sont id\u00e9aux pour pr\u00e9senter les viandes marin\u00e9es, l\u00e9gumes et \u00e9pices. Ils offrent une excellente r\u00e9tention de chaleur et sont dot\u00e9s de poign\u00e9es de transport et d&rsquo;un fond plat pour plus de stabilit\u00e9. Lavable au lave-vaisselle.<\/p>\n<p>\u2022 Id\u00e9al pour pr\u00e9senter des viandes marin\u00e9es, des l\u00e9gumes et des \u00e9pices<br \/>\u2022 Offre une excellente r\u00e9tention de chaleur<br \/>\u2022 Fond plat pour un look traditionnel<br \/>\u2022 Poign\u00e9es de transport pratiques pour une manipulation s\u00fbre<br \/>\u2022 Lavable au lave-vaisselle pour un nettoyage rapide<br \/>\u2022 Disponible en plusieurs tailles pour diff\u00e9rentes portions<\/p>\n<p><b><u>Caract\u00e9ristiques du produit :<\/u><\/b><br \/>\u2022 Dim. : 200(\u00d8)x75(H)mm<br \/>\u2022 Mati\u00e8re : Inox<br \/>\u2022 Poids : 375 g<br \/>\u2022 Couleur : Argent.<\/p>\n","protected":false},"excerpt":{"rendered":"<p>200(\u00d8)x75(H)mm. Mat\u00e9riau : Acier inoxydable<\/p>\n","protected":false},"featured_media":109161,"comment_status":"open","ping_status":"closed","template":"","meta":[],"product_brand":[],"product_cat":[1277,1297],"product_tag":[],"class_list":{"0":"post-111626","1":"product","2":"type-product","3":"status-publish","4":"has-post-thumbnail","6":"product_cat-divers-principal","7":"product_cat-non-palettisable","8":"product_shipping_class-free-shipping","10":"first","11":"instock","12":"featured","13":"taxable","14":"shipping-taxable","15":"purchasable","16":"product-type-simple"},"_links":{"self":[{"href":"https:\/\/abinox-chr-clim.com\/index.php\/wp-json\/wp\/v2\/product\/111626","targetHints":{"allow":["GET"]}}],"collection":[{"href":"https:\/\/abinox-chr-clim.com\/index.php\/wp-json\/wp\/v2\/product"}],"about":[{"href":"https:\/\/abinox-chr-clim.com\/index.php\/wp-json\/wp\/v2\/types\/product"}],"replies":[{"embeddable":true,"href":"https:\/\/abinox-chr-clim.com\/index.php\/wp-json\/wp\/v2\/comments?post=111626"}],"wp:featuredmedia":[{"embeddable":true,"href":"https:\/\/abinox-chr-clim.com\/index.php\/wp-json\/wp\/v2\/media\/109161"}],"wp:attachment":[{"href":"https:\/\/abinox-chr-clim.com\/index.php\/wp-json\/wp\/v2\/media?parent=111626"}],"wp:term":[{"taxonomy":"product_brand","embeddable":true,"href":"https:\/\/abinox-chr-clim.com\/index.php\/wp-json\/wp\/v2\/product_brand?post=111626"},{"taxonomy":"product_cat","embeddable":true,"href":"https:\/\/abinox-chr-clim.com\/index.php\/wp-json\/wp\/v2\/product_cat?post=111626"},{"taxonomy":"product_tag","embeddable":true,"href":"https:\/\/abinox-chr-clim.com\/index.php\/wp-json\/wp\/v2\/product_tag?post=111626"}],"curies":[{"name":"wp","href":"https:\/\/api.w.org\/{rel}","templated":true}]}}