{"id":111625,"date":"2025-05-29T12:46:32","date_gmt":"2025-05-29T10:46:32","guid":{"rendered":"https:\/\/abinox-chr-clim.com\/index.php\/product\/plat-kadai-en-inox-martele-olympia-table-presentation-170mm\/"},"modified":"2026-03-16T13:00:28","modified_gmt":"2026-03-16T12:00:28","slug":"plat-kadai-en-inox-martele-olympia-table-presentation-170mm","status":"publish","type":"product","link":"https:\/\/abinox-chr-clim.com\/index.php\/product\/plat-kadai-en-inox-martele-olympia-table-presentation-170mm\/","title":{"rendered":"Plat Kadai en inox martel\u00e9 Olympia Table Presentation 170mm"},"content":{"rendered":"<p>Assiettes en acier inoxydable offrant une excellente r\u00e9tention de chaleur, avec poign\u00e9es de transport et fond plat pour la stabilit\u00e9. R\u00e9sistant au lave-vaisselle.<\/p>\n<p>\u2022 Id\u00e9al pour pr\u00e9senter des viandes marin\u00e9es, des l\u00e9gumes et des \u00e9pices<br \/>\u2022 Offre une excellente r\u00e9tention de la chaleur<br \/>\u2022 Fond plat pour un style traditionnel<br \/>\u2022 Poign\u00e9es de transport pratiques pour une manipulation en toute s\u00e9curit\u00e9<br \/>\u2022 Compatible lave-vaisselle pour un nettoyage rapide<br \/>\u2022 Disponible en diff\u00e9rentes tailles pour diff\u00e9rentes portions<\/p>\n<p><b><u>Caract\u00e9ristiques du produit :<\/u><\/b><br \/>\u2022 Dim. : 210(L)x170(P)x64(H)mm<br \/>\u2022 Mati\u00e8re : Inox<br \/>\u2022 Poids : 242 g<br \/>\u2022 Couleur : Argent.<\/p>\n","protected":false},"excerpt":{"rendered":"<p>210(L)x170(P)x64(H)mm. Mat\u00e9riau: Acier inoxydable<\/p>\n","protected":false},"featured_media":109161,"comment_status":"open","ping_status":"closed","template":"","meta":[],"product_brand":[],"product_cat":[1277,1297],"product_tag":[],"class_list":{"0":"post-111625","1":"product","2":"type-product","3":"status-publish","4":"has-post-thumbnail","6":"product_cat-divers-principal","7":"product_cat-non-palettisable","8":"product_shipping_class-free-shipping","10":"first","11":"outofstock","12":"featured","13":"taxable","14":"shipping-taxable","15":"purchasable","16":"product-type-simple"},"_links":{"self":[{"href":"https:\/\/abinox-chr-clim.com\/index.php\/wp-json\/wp\/v2\/product\/111625","targetHints":{"allow":["GET"]}}],"collection":[{"href":"https:\/\/abinox-chr-clim.com\/index.php\/wp-json\/wp\/v2\/product"}],"about":[{"href":"https:\/\/abinox-chr-clim.com\/index.php\/wp-json\/wp\/v2\/types\/product"}],"replies":[{"embeddable":true,"href":"https:\/\/abinox-chr-clim.com\/index.php\/wp-json\/wp\/v2\/comments?post=111625"}],"wp:featuredmedia":[{"embeddable":true,"href":"https:\/\/abinox-chr-clim.com\/index.php\/wp-json\/wp\/v2\/media\/109161"}],"wp:attachment":[{"href":"https:\/\/abinox-chr-clim.com\/index.php\/wp-json\/wp\/v2\/media?parent=111625"}],"wp:term":[{"taxonomy":"product_brand","embeddable":true,"href":"https:\/\/abinox-chr-clim.com\/index.php\/wp-json\/wp\/v2\/product_brand?post=111625"},{"taxonomy":"product_cat","embeddable":true,"href":"https:\/\/abinox-chr-clim.com\/index.php\/wp-json\/wp\/v2\/product_cat?post=111625"},{"taxonomy":"product_tag","embeddable":true,"href":"https:\/\/abinox-chr-clim.com\/index.php\/wp-json\/wp\/v2\/product_tag?post=111625"}],"curies":[{"name":"wp","href":"https:\/\/api.w.org\/{rel}","templated":true}]}}