{"id":111624,"date":"2025-05-29T12:46:30","date_gmt":"2025-05-29T10:46:30","guid":{"rendered":"https:\/\/abinox-chr-clim.com\/index.php\/product\/plat-kadai-martele-en-inox-double-poignee-olympia-table-presentation-150-mm\/"},"modified":"2026-04-14T11:30:30","modified_gmt":"2026-04-14T09:30:30","slug":"plat-kadai-martele-en-inox-double-poignee-olympia-table-presentation-150-mm","status":"publish","type":"product","link":"https:\/\/abinox-chr-clim.com\/index.php\/product\/plat-kadai-martele-en-inox-double-poignee-olympia-table-presentation-150-mm\/","title":{"rendered":"Plat Kadai martel\u00e9 en inox double poign\u00e9e Olympia Table Presentation 150 mm"},"content":{"rendered":"<p>Les plats Kadai sont id\u00e9aux pour pr\u00e9senter des viandes marin\u00e9es, des l\u00e9gumes et des \u00e9pices. Ils offrent une excellente conservation de la chaleur et sont dot\u00e9s de poign\u00e9es de transport et d&rsquo;un fond plat pour la stabilit\u00e9. Passe au lave-vaisselle<br \/>\u2022 Id\u00e9al pour pr\u00e9senter des viandes marin\u00e9es, des l\u00e9gumes et des \u00e9pices<br \/>\u2022 Offre une excellente r\u00e9tention de chaleur<br \/>\u2022 Fond plat pour un style traditionnel<br \/>\u2022 Poign\u00e9es de transport pratiques pour une manipulation s\u00fbre<br \/>\u2022 Compatible au lave-vaisselle pour un nettoyage rapide<\/p>\n<p><b><u>Caract\u00e9ristiques du produit :<\/u><\/b><br \/>\u2022 Dim. : 193(L)x150(P)x60(H)mm<br \/>\u2022 Mati\u00e8re : Inox<br \/>\u2022 Poids : 217 g<br \/>\u2022 Couleur : Argent.<\/p>\n","protected":false},"excerpt":{"rendered":"<p>193(L)x150(P)x60(H)mm. Mat\u00e9riau : Acier inoxydable<\/p>\n","protected":false},"featured_media":109160,"comment_status":"open","ping_status":"closed","template":"","meta":[],"product_brand":[],"product_cat":[1277,1297],"product_tag":[],"class_list":{"0":"post-111624","1":"product","2":"type-product","3":"status-publish","4":"has-post-thumbnail","6":"product_cat-divers-principal","7":"product_cat-non-palettisable","8":"product_shipping_class-free-shipping","10":"first","11":"outofstock","12":"featured","13":"taxable","14":"shipping-taxable","15":"purchasable","16":"product-type-simple"},"_links":{"self":[{"href":"https:\/\/abinox-chr-clim.com\/index.php\/wp-json\/wp\/v2\/product\/111624","targetHints":{"allow":["GET"]}}],"collection":[{"href":"https:\/\/abinox-chr-clim.com\/index.php\/wp-json\/wp\/v2\/product"}],"about":[{"href":"https:\/\/abinox-chr-clim.com\/index.php\/wp-json\/wp\/v2\/types\/product"}],"replies":[{"embeddable":true,"href":"https:\/\/abinox-chr-clim.com\/index.php\/wp-json\/wp\/v2\/comments?post=111624"}],"wp:featuredmedia":[{"embeddable":true,"href":"https:\/\/abinox-chr-clim.com\/index.php\/wp-json\/wp\/v2\/media\/109160"}],"wp:attachment":[{"href":"https:\/\/abinox-chr-clim.com\/index.php\/wp-json\/wp\/v2\/media?parent=111624"}],"wp:term":[{"taxonomy":"product_brand","embeddable":true,"href":"https:\/\/abinox-chr-clim.com\/index.php\/wp-json\/wp\/v2\/product_brand?post=111624"},{"taxonomy":"product_cat","embeddable":true,"href":"https:\/\/abinox-chr-clim.com\/index.php\/wp-json\/wp\/v2\/product_cat?post=111624"},{"taxonomy":"product_tag","embeddable":true,"href":"https:\/\/abinox-chr-clim.com\/index.php\/wp-json\/wp\/v2\/product_tag?post=111624"}],"curies":[{"name":"wp","href":"https:\/\/api.w.org\/{rel}","templated":true}]}}