{"id":111622,"date":"2025-05-29T12:46:26","date_gmt":"2025-05-29T10:46:26","guid":{"rendered":"https:\/\/abinox-chr-clim.com\/index.php\/product\/mini-plat-a-paella-en-inox-olympia-table-presentation-120mm\/"},"modified":"2026-01-12T09:33:52","modified_gmt":"2026-01-12T08:33:52","slug":"mini-plat-a-paella-en-inox-olympia-table-presentation-120mm","status":"publish","type":"product","link":"https:\/\/abinox-chr-clim.com\/index.php\/product\/mini-plat-a-paella-en-inox-olympia-table-presentation-120mm\/","title":{"rendered":"Mini plat \u00e0 pa\u00eblla en inox Olympia Table Presentation 120mm"},"content":{"rendered":"<p>Plats l\u00e9gers en acier inoxydable, r\u00e9sistants aux \u00e9claboussures et retiennent la chaleur. Lavable au lave-vaisselle.<\/p>\n<p>\u2022 Le design l\u00e9ger permet un \u00e9quilibre et un transport faciles<br \/>\u2022 Le bord large et relev\u00e9 emp\u00eache les \u00e9claboussures, gardant les aliments en s\u00e9curit\u00e9<br \/>\u2022 Retient efficacement la chaleur pour garder les aliments chauds plus longtemps<br \/>\u2022 Mat\u00e9riau en acier inoxydable durable garantissant une longue dur\u00e9e de vie<br \/>\u2022 Disponible en diff\u00e9rentes tailles pour diverses portions<br \/>\u2022 Passe au lave-vaisselle pour un nettoyage facile apr\u00e8s utilisation<\/p>\n<p><b><u>Caract\u00e9ristiques du produit :<\/u><\/b><br \/>\u2022 Dim. : 163(L)x120(P)x22(H)mm<br \/>\u2022 Mati\u00e8re : Inox<br \/>\u2022 Poids : 111 g<br \/>\u2022 Couleur : Argent.<\/p>\n","protected":false},"excerpt":{"rendered":"<p>163(L)x120(P)x22(H)mm. Mat\u00e9riau : Acier inoxydable<\/p>\n","protected":false},"featured_media":109159,"comment_status":"open","ping_status":"closed","template":"","meta":[],"product_brand":[],"product_cat":[1277,1297],"product_tag":[],"class_list":{"0":"post-111622","1":"product","2":"type-product","3":"status-publish","4":"has-post-thumbnail","6":"product_cat-divers-principal","7":"product_cat-non-palettisable","8":"product_shipping_class-free-shipping","10":"first","11":"instock","12":"featured","13":"taxable","14":"shipping-taxable","15":"purchasable","16":"product-type-simple"},"_links":{"self":[{"href":"https:\/\/abinox-chr-clim.com\/index.php\/wp-json\/wp\/v2\/product\/111622","targetHints":{"allow":["GET"]}}],"collection":[{"href":"https:\/\/abinox-chr-clim.com\/index.php\/wp-json\/wp\/v2\/product"}],"about":[{"href":"https:\/\/abinox-chr-clim.com\/index.php\/wp-json\/wp\/v2\/types\/product"}],"replies":[{"embeddable":true,"href":"https:\/\/abinox-chr-clim.com\/index.php\/wp-json\/wp\/v2\/comments?post=111622"}],"wp:featuredmedia":[{"embeddable":true,"href":"https:\/\/abinox-chr-clim.com\/index.php\/wp-json\/wp\/v2\/media\/109159"}],"wp:attachment":[{"href":"https:\/\/abinox-chr-clim.com\/index.php\/wp-json\/wp\/v2\/media?parent=111622"}],"wp:term":[{"taxonomy":"product_brand","embeddable":true,"href":"https:\/\/abinox-chr-clim.com\/index.php\/wp-json\/wp\/v2\/product_brand?post=111622"},{"taxonomy":"product_cat","embeddable":true,"href":"https:\/\/abinox-chr-clim.com\/index.php\/wp-json\/wp\/v2\/product_cat?post=111622"},{"taxonomy":"product_tag","embeddable":true,"href":"https:\/\/abinox-chr-clim.com\/index.php\/wp-json\/wp\/v2\/product_tag?post=111622"}],"curies":[{"name":"wp","href":"https:\/\/api.w.org\/{rel}","templated":true}]}}