{"id":111620,"date":"2025-05-29T12:46:22","date_gmt":"2025-05-29T10:46:22","guid":{"rendered":"https:\/\/abinox-chr-clim.com\/index.php\/product\/plat-en-inox-double-poignee-olympia-table-presentation-150-mm\/"},"modified":"2026-01-12T09:33:48","modified_gmt":"2026-01-12T08:33:48","slug":"plat-en-inox-double-poignee-olympia-table-presentation-150-mm","status":"publish","type":"product","link":"https:\/\/abinox-chr-clim.com\/index.php\/product\/plat-en-inox-double-poignee-olympia-table-presentation-150-mm\/","title":{"rendered":"Plat en inox double poign\u00e9e Olympia Table Presentation 150 mm"},"content":{"rendered":"<p>Acier inoxydable avec rebord sur\u00e9lev\u00e9 pour \u00e9viter les d\u00e9versements. Compatible lave-vaisselle.<\/p>\n<p>\u2022 Mat\u00e9riau en acier inoxydable durable pour une longue dur\u00e9e de vie<br \/>\u2022 Conception l\u00e9g\u00e8re permettant un \u00e9quilibrage et un transport faciles<br \/>\u2022 Rebord large et sur\u00e9lev\u00e9 emp\u00eachant le contenu de tomber<br \/>\u2022 Disponible en diff\u00e9rentes tailles pour des portions vari\u00e9es<br \/>\u2022 L&rsquo;acier inoxydable retient la chaleur<br \/>\u2022 Compatible avec le lave-vaisselle pour un nettoyage facile<\/p>\n<p><b><u>Caract\u00e9ristiques du produit :<\/u><\/b><br \/>\u2022 Dim. : 204(L) x 150(P) x 47(H)mm<br \/>\u2022 Mati\u00e8re : Inox<br \/>\u2022 Poids : 169 g<br \/>\u2022 Couleur : Argent.<\/p>\n","protected":false},"excerpt":{"rendered":"<p>204(L)x150(P)x47(H)mm. Mat\u00e9riau : Acier inoxydable<\/p>\n","protected":false},"featured_media":106817,"comment_status":"open","ping_status":"closed","template":"","meta":[],"product_brand":[],"product_cat":[1277,1297],"product_tag":[],"class_list":{"0":"post-111620","1":"product","2":"type-product","3":"status-publish","4":"has-post-thumbnail","6":"product_cat-divers-principal","7":"product_cat-non-palettisable","8":"product_shipping_class-free-shipping","10":"first","11":"outofstock","12":"featured","13":"taxable","14":"shipping-taxable","15":"purchasable","16":"product-type-simple"},"_links":{"self":[{"href":"https:\/\/abinox-chr-clim.com\/index.php\/wp-json\/wp\/v2\/product\/111620","targetHints":{"allow":["GET"]}}],"collection":[{"href":"https:\/\/abinox-chr-clim.com\/index.php\/wp-json\/wp\/v2\/product"}],"about":[{"href":"https:\/\/abinox-chr-clim.com\/index.php\/wp-json\/wp\/v2\/types\/product"}],"replies":[{"embeddable":true,"href":"https:\/\/abinox-chr-clim.com\/index.php\/wp-json\/wp\/v2\/comments?post=111620"}],"wp:featuredmedia":[{"embeddable":true,"href":"https:\/\/abinox-chr-clim.com\/index.php\/wp-json\/wp\/v2\/media\/106817"}],"wp:attachment":[{"href":"https:\/\/abinox-chr-clim.com\/index.php\/wp-json\/wp\/v2\/media?parent=111620"}],"wp:term":[{"taxonomy":"product_brand","embeddable":true,"href":"https:\/\/abinox-chr-clim.com\/index.php\/wp-json\/wp\/v2\/product_brand?post=111620"},{"taxonomy":"product_cat","embeddable":true,"href":"https:\/\/abinox-chr-clim.com\/index.php\/wp-json\/wp\/v2\/product_cat?post=111620"},{"taxonomy":"product_tag","embeddable":true,"href":"https:\/\/abinox-chr-clim.com\/index.php\/wp-json\/wp\/v2\/product_tag?post=111620"}],"curies":[{"name":"wp","href":"https:\/\/api.w.org\/{rel}","templated":true}]}}