{"id":111618,"date":"2025-05-29T12:46:17","date_gmt":"2025-05-29T10:46:17","guid":{"rendered":"https:\/\/abinox-chr-clim.com\/index.php\/product\/bobines-bleues-a-alimentation-centrale-nisbets-essentials-2-plis-320-feuilles-lot-de-2\/"},"modified":"2026-04-14T11:33:28","modified_gmt":"2026-04-14T09:33:28","slug":"bobines-bleues-a-alimentation-centrale-nisbets-essentials-2-plis-320-feuilles-lot-de-2","status":"publish","type":"product","link":"https:\/\/abinox-chr-clim.com\/index.php\/product\/bobines-bleues-a-alimentation-centrale-nisbets-essentials-2-plis-320-feuilles-lot-de-2\/","title":{"rendered":"Bobines bleues \u00e0 alimentation centrale Nisbets Essentials 2 plis 320 feuilles (lot de 2)"},"content":{"rendered":"<p>Les bobines bleues Nisbets Essentials permettent de g\u00e9rer les d\u00e9versements et le nettoyage sans se ruiner. Tr\u00e8s absorbantes et durables, elles sont parfaites pour essuyer les surfaces et pour les t\u00e2ches de nettoyage g\u00e9n\u00e9ral.<\/p>\n<p>\u2022 Environ 320 feuilles perfor\u00e9es par bobine<br \/>\u2022 Taille d&rsquo;une feuille 165x250mm pour un nettoyage efficace<br \/>\u2022 Conception durable et absorbante double \u00e9paisseur<br \/>\u2022 Solution pratique et \u00e9conomique pour les environnements tr\u00e8s fr\u00e9quent\u00e9s<br \/>\u2022 Id\u00e9al pour absorber les d\u00e9versements, nettoyer les surfaces et s\u00e9cher les mains<br \/>\u2022 Mandrin facilement amovible pour une utilisation avec le distributeur \u00e0 alimentation centrale Nisbets Essentials (HZ199)<br \/>\u2022 Mat\u00e9riau : Papier recycl\u00e9<br \/>\u2022 Poids : 940g<\/p>\n<p><b><u>Caract\u00e9ristiques du produit :<\/u><\/b><br \/>\u2022 Lot : 2.0<br \/>\u2022 Dim. : 165(H) mm<br \/>\u2022 Mati\u00e8re : Papier recycl\u00e9<br \/>\u2022 Poids : 940 g<br \/>\u2022 Couleur : Bleu.<\/p>\n","protected":false},"excerpt":{"rendered":"<p>Nombre total de feuilles : 640. Taille de la feuille : 165x250mm.<\/p>\n","protected":false},"featured_media":109158,"comment_status":"open","ping_status":"closed","template":"","meta":[],"product_brand":[],"product_cat":[1277,1297],"product_tag":[],"class_list":{"0":"post-111618","1":"product","2":"type-product","3":"status-publish","4":"has-post-thumbnail","6":"product_cat-divers-principal","7":"product_cat-non-palettisable","8":"product_shipping_class-free-shipping","10":"first","11":"outofstock","12":"featured","13":"taxable","14":"shipping-taxable","15":"purchasable","16":"product-type-simple"},"_links":{"self":[{"href":"https:\/\/abinox-chr-clim.com\/index.php\/wp-json\/wp\/v2\/product\/111618","targetHints":{"allow":["GET"]}}],"collection":[{"href":"https:\/\/abinox-chr-clim.com\/index.php\/wp-json\/wp\/v2\/product"}],"about":[{"href":"https:\/\/abinox-chr-clim.com\/index.php\/wp-json\/wp\/v2\/types\/product"}],"replies":[{"embeddable":true,"href":"https:\/\/abinox-chr-clim.com\/index.php\/wp-json\/wp\/v2\/comments?post=111618"}],"wp:featuredmedia":[{"embeddable":true,"href":"https:\/\/abinox-chr-clim.com\/index.php\/wp-json\/wp\/v2\/media\/109158"}],"wp:attachment":[{"href":"https:\/\/abinox-chr-clim.com\/index.php\/wp-json\/wp\/v2\/media?parent=111618"}],"wp:term":[{"taxonomy":"product_brand","embeddable":true,"href":"https:\/\/abinox-chr-clim.com\/index.php\/wp-json\/wp\/v2\/product_brand?post=111618"},{"taxonomy":"product_cat","embeddable":true,"href":"https:\/\/abinox-chr-clim.com\/index.php\/wp-json\/wp\/v2\/product_cat?post=111618"},{"taxonomy":"product_tag","embeddable":true,"href":"https:\/\/abinox-chr-clim.com\/index.php\/wp-json\/wp\/v2\/product_tag?post=111618"}],"curies":[{"name":"wp","href":"https:\/\/api.w.org\/{rel}","templated":true}]}}