{"id":111617,"date":"2025-05-29T12:46:15","date_gmt":"2025-05-29T10:46:15","guid":{"rendered":"https:\/\/abinox-chr-clim.com\/index.php\/product\/cuiseur-a-riz-buffalo-21l\/"},"modified":"2026-04-02T10:42:01","modified_gmt":"2026-04-02T08:42:01","slug":"cuiseur-a-riz-buffalo-21l","status":"publish","type":"product","link":"https:\/\/abinox-chr-clim.com\/index.php\/product\/cuiseur-a-riz-buffalo-21l\/","title":{"rendered":"Cuiseur \u00e0 riz Buffalo 21L"},"content":{"rendered":"<p>Cuiseur \u00e0 riz haut de gamme grande capacit\u00e9 avec cuve int\u00e9rieure antiadh\u00e9sive et commandes conviviales. Permet de conserver un riz moelleux et pr\u00eat \u00e0 servir pendant de longues p\u00e9riodes.<\/p>\n<p>\u2022 Grande capacit\u00e9 de 21L de riz cuit<br \/>\u2022 Cuve int\u00e9rieure antiadh\u00e9sive haut de gamme<br \/>\u2022 Utilisation simple \u00e0 un bouton<br \/>\u2022 Maintient le riz \u00e0 des temp\u00e9ratures optimales de service pendant de longues p\u00e9riodes sans dess\u00e8chement<br \/>\u2022 Cuill\u00e8re antirayure incluse<br \/>\u2022 Id\u00e9al en combinaison avec un autre cuiseur de riz &#8211; permet de garde de grandes quantit\u00e9s \u00e0 disposition<\/p>\n<p><b><u>Caract\u00e9ristiques du produit :<\/u><\/b><br \/>\u2022 Dim. : 404(H) x 388(L) x 388(P) mm<br \/>\u2022 Voltage : 240V<br \/>\u2022 Poids : 7,1 kg<br \/>\u2022 Couleur : Argent.<\/p>\n","protected":false},"excerpt":{"rendered":"<p>Capacit\u00e9: 21L. 110W.<\/p>\n","protected":false},"featured_media":109157,"comment_status":"open","ping_status":"closed","template":"","meta":[],"product_brand":[],"product_cat":[1181,1160,1297,1179],"product_tag":[],"class_list":{"0":"post-111617","1":"product","2":"type-product","3":"status-publish","4":"has-post-thumbnail","6":"product_cat-cuiseurs-a-riz-et-pates","7":"product_cat-materiel-electrique-et-de-cuisson","8":"product_cat-non-palettisable","9":"product_cat-petit-materiel","10":"product_shipping_class-free-shipping","12":"first","13":"instock","14":"featured","15":"taxable","16":"shipping-taxable","17":"purchasable","18":"product-type-simple"},"_links":{"self":[{"href":"https:\/\/abinox-chr-clim.com\/index.php\/wp-json\/wp\/v2\/product\/111617","targetHints":{"allow":["GET"]}}],"collection":[{"href":"https:\/\/abinox-chr-clim.com\/index.php\/wp-json\/wp\/v2\/product"}],"about":[{"href":"https:\/\/abinox-chr-clim.com\/index.php\/wp-json\/wp\/v2\/types\/product"}],"replies":[{"embeddable":true,"href":"https:\/\/abinox-chr-clim.com\/index.php\/wp-json\/wp\/v2\/comments?post=111617"}],"wp:featuredmedia":[{"embeddable":true,"href":"https:\/\/abinox-chr-clim.com\/index.php\/wp-json\/wp\/v2\/media\/109157"}],"wp:attachment":[{"href":"https:\/\/abinox-chr-clim.com\/index.php\/wp-json\/wp\/v2\/media?parent=111617"}],"wp:term":[{"taxonomy":"product_brand","embeddable":true,"href":"https:\/\/abinox-chr-clim.com\/index.php\/wp-json\/wp\/v2\/product_brand?post=111617"},{"taxonomy":"product_cat","embeddable":true,"href":"https:\/\/abinox-chr-clim.com\/index.php\/wp-json\/wp\/v2\/product_cat?post=111617"},{"taxonomy":"product_tag","embeddable":true,"href":"https:\/\/abinox-chr-clim.com\/index.php\/wp-json\/wp\/v2\/product_tag?post=111617"}],"curies":[{"name":"wp","href":"https:\/\/api.w.org\/{rel}","templated":true}]}}