{"id":111612,"date":"2025-05-29T12:46:05","date_gmt":"2025-05-29T10:46:05","guid":{"rendered":"https:\/\/abinox-chr-clim.com\/index.php\/product\/moustiquaire-de-porte-a-chaines-eazyzap-bleue\/"},"modified":"2026-04-02T10:42:00","modified_gmt":"2026-04-02T08:42:00","slug":"moustiquaire-de-porte-a-chaines-eazyzap-bleue","status":"publish","type":"product","link":"https:\/\/abinox-chr-clim.com\/index.php\/product\/moustiquaire-de-porte-a-chaines-eazyzap-bleue\/","title":{"rendered":"Moustiquaire de porte \u00e0 cha\u00eenes EazyZap bleue"},"content":{"rendered":"<p>Fournit une barri\u00e8re efficace contre tous les insectes volants tout en permettant \u00e0 l&rsquo;air de circuler dans la cuisine. Les cha\u00eenes en finition aluminium anodis\u00e9 glissent facilement lors des passages et retombent \u00e9l\u00e9gamment.<\/p>\n<p>\u2022 Repousse les mouches, gu\u00eapes et insectes tout en maximisant le flux d&rsquo;air<br \/>\u2022 Aide \u00e0 maintenir l&rsquo;hygi\u00e8ne en emp\u00eachant les bact\u00e9ries des nuisibles<br \/>\u2022 R\u00e9duit les temp\u00e9ratures dans la cuisine pour un espace de travail plus confortable<br \/>\u2022 Fabriqu\u00e9 en aluminium anodis\u00e9 pour la r\u00e9sistance aux impacts, \u00e0 la rouille et \u00e0 la corrosion<br \/>\u2022 Cha\u00eenes sans enchev\u00eatrement minimisant le risque que le personnel se coince<br \/>\u2022 Facile \u00e0 installer sur supports pr\u00e9-perc\u00e9es pour une mise en place et un retrait rapides<\/p>\n<p><b><u>Caract\u00e9ristiques du produit :<\/u><\/b><br \/>\u2022 Dim. : 1950(H) x 900<br \/>\u2022 Mati\u00e8re : Aluminium<br \/>\u2022 Couleur : Bleu.<\/p>\n","protected":false},"excerpt":{"rendered":"<p>Taille : 1950(H)x900(L)mm. Mat\u00e9riau : Aluminium<\/p>\n","protected":false},"featured_media":109156,"comment_status":"open","ping_status":"closed","template":"","meta":[],"product_brand":[],"product_cat":[1277,1297],"product_tag":[],"class_list":{"0":"post-111612","1":"product","2":"type-product","3":"status-publish","4":"has-post-thumbnail","6":"product_cat-divers-principal","7":"product_cat-non-palettisable","8":"product_shipping_class-free-shipping","10":"first","11":"instock","12":"featured","13":"taxable","14":"shipping-taxable","15":"purchasable","16":"product-type-simple"},"_links":{"self":[{"href":"https:\/\/abinox-chr-clim.com\/index.php\/wp-json\/wp\/v2\/product\/111612","targetHints":{"allow":["GET"]}}],"collection":[{"href":"https:\/\/abinox-chr-clim.com\/index.php\/wp-json\/wp\/v2\/product"}],"about":[{"href":"https:\/\/abinox-chr-clim.com\/index.php\/wp-json\/wp\/v2\/types\/product"}],"replies":[{"embeddable":true,"href":"https:\/\/abinox-chr-clim.com\/index.php\/wp-json\/wp\/v2\/comments?post=111612"}],"wp:featuredmedia":[{"embeddable":true,"href":"https:\/\/abinox-chr-clim.com\/index.php\/wp-json\/wp\/v2\/media\/109156"}],"wp:attachment":[{"href":"https:\/\/abinox-chr-clim.com\/index.php\/wp-json\/wp\/v2\/media?parent=111612"}],"wp:term":[{"taxonomy":"product_brand","embeddable":true,"href":"https:\/\/abinox-chr-clim.com\/index.php\/wp-json\/wp\/v2\/product_brand?post=111612"},{"taxonomy":"product_cat","embeddable":true,"href":"https:\/\/abinox-chr-clim.com\/index.php\/wp-json\/wp\/v2\/product_cat?post=111612"},{"taxonomy":"product_tag","embeddable":true,"href":"https:\/\/abinox-chr-clim.com\/index.php\/wp-json\/wp\/v2\/product_tag?post=111612"}],"curies":[{"name":"wp","href":"https:\/\/api.w.org\/{rel}","templated":true}]}}