{"id":111611,"date":"2025-05-29T12:46:02","date_gmt":"2025-05-29T10:46:02","guid":{"rendered":"https:\/\/abinox-chr-clim.com\/index.php\/product\/rouleaux-mini-jumbo-jantex-green-100-recycle-2-plis-150m-lot-de-12\/"},"modified":"2026-04-24T11:18:30","modified_gmt":"2026-04-24T09:18:30","slug":"rouleaux-mini-jumbo-jantex-green-100-recycle-2-plis-150m-lot-de-12","status":"publish","type":"product","link":"https:\/\/abinox-chr-clim.com\/index.php\/product\/rouleaux-mini-jumbo-jantex-green-100-recycle-2-plis-150m-lot-de-12\/","title":{"rendered":"Rouleaux Mini Jumbo Jantex Green 100% recycl\u00e9 2 plis 150m (lot de 12)"},"content":{"rendered":"<p>Cette gamme 100 % recycl\u00e9e comprend du papier hygi\u00e9nique, des mouchoirs en papier, des essuie-mains et des essuie-tout. Elle est enti\u00e8rement fabriqu\u00e9e \u00e0 partir de mat\u00e9riaux recycl\u00e9s. Ces produits constituent des options fiables et de haute qualit\u00e9 pour les besoins quotidiens.<\/p>\n<p>\u2022 Fabriqu\u00e9 \u00e0 partir de fibres de papier 100% recycl\u00e9 pr\u00e9-consommateur<br \/>\u2022 Pas de blanchiment ou teinture dans le processus de fabrication<br \/>\u2022 Offre la m\u00eame douceur et absorption que le papier vierge<br \/>\u2022 150m de papier par rouleau<\/p>\n<p><b><u>Caract\u00e9ristiques du produit :<\/u><\/b><br \/>\u2022 Lot : 12.0<br \/>\u2022 Dim. : 300(L) x 300(P) mm<br \/>\u2022 Couleur : Marron.<\/p>\n","protected":false},"excerpt":{"rendered":"<p>150m de papier par rouleau. Conception 2 plis. Quantit\u00e9 par paquet : 12<\/p>\n","protected":false},"featured_media":106303,"comment_status":"open","ping_status":"closed","template":"","meta":[],"product_brand":[],"product_cat":[1227,1297,1216],"product_tag":[],"class_list":{"0":"post-111611","1":"product","2":"type-product","3":"status-publish","4":"has-post-thumbnail","6":"product_cat-nettoyage","7":"product_cat-non-palettisable","8":"product_cat-usage-unique-et-entretien","9":"product_shipping_class-free-shipping","11":"first","12":"instock","13":"featured","14":"taxable","15":"shipping-taxable","16":"purchasable","17":"product-type-simple"},"_links":{"self":[{"href":"https:\/\/abinox-chr-clim.com\/index.php\/wp-json\/wp\/v2\/product\/111611","targetHints":{"allow":["GET"]}}],"collection":[{"href":"https:\/\/abinox-chr-clim.com\/index.php\/wp-json\/wp\/v2\/product"}],"about":[{"href":"https:\/\/abinox-chr-clim.com\/index.php\/wp-json\/wp\/v2\/types\/product"}],"replies":[{"embeddable":true,"href":"https:\/\/abinox-chr-clim.com\/index.php\/wp-json\/wp\/v2\/comments?post=111611"}],"wp:featuredmedia":[{"embeddable":true,"href":"https:\/\/abinox-chr-clim.com\/index.php\/wp-json\/wp\/v2\/media\/106303"}],"wp:attachment":[{"href":"https:\/\/abinox-chr-clim.com\/index.php\/wp-json\/wp\/v2\/media?parent=111611"}],"wp:term":[{"taxonomy":"product_brand","embeddable":true,"href":"https:\/\/abinox-chr-clim.com\/index.php\/wp-json\/wp\/v2\/product_brand?post=111611"},{"taxonomy":"product_cat","embeddable":true,"href":"https:\/\/abinox-chr-clim.com\/index.php\/wp-json\/wp\/v2\/product_cat?post=111611"},{"taxonomy":"product_tag","embeddable":true,"href":"https:\/\/abinox-chr-clim.com\/index.php\/wp-json\/wp\/v2\/product_tag?post=111611"}],"curies":[{"name":"wp","href":"https:\/\/api.w.org\/{rel}","templated":true}]}}