{"id":111603,"date":"2025-05-29T12:45:46","date_gmt":"2025-05-29T10:45:46","guid":{"rendered":"https:\/\/abinox-chr-clim.com\/index.php\/product\/cube-de-mouchoirs-jantex-green-100-recycle-100-feuilles-lot-de-36\/"},"modified":"2026-04-20T11:00:47","modified_gmt":"2026-04-20T09:00:47","slug":"cube-de-mouchoirs-jantex-green-100-recycle-100-feuilles-lot-de-36","status":"publish","type":"product","link":"https:\/\/abinox-chr-clim.com\/index.php\/product\/cube-de-mouchoirs-jantex-green-100-recycle-100-feuilles-lot-de-36\/","title":{"rendered":"Cube de mouchoirs Jantex Green 100% recycl\u00e9 100 feuilles (lot de 36)"},"content":{"rendered":"<p>Cette gamme 100 % recycl\u00e9e comprend du papier hygi\u00e9nique, des mouchoirs en papier, des essuie-mains et des essuie-tout. Elle est enti\u00e8rement fabriqu\u00e9e \u00e0 partir de mat\u00e9riaux recycl\u00e9s. Ces produits constituent des options fiables et de haute qualit\u00e9 pour les besoins quotidiens.<\/p>\n<p>\u2022 Fabriqu\u00e9 \u00e0 partir de fibres de papier pr\u00e9-consommateur 100% recycl\u00e9<br \/>\u2022 Aucun blanchiment ou teinture dans le processus de fabrication<br \/>\u2022 Offre la m\u00eame douceur et absorption que le papier vierge<br \/>\u2022 100 feuilles par bo\u00eete pour un approvisionnement durable<\/p>\n<p><b><u>Caract\u00e9ristiques du produit :<\/u><\/b><br \/>\u2022 Lot : 36.0<br \/>\u2022 Dim. : 105(L) x 105(P) mm<br \/>\u2022 Couleur : Blanc.<\/p>\n","protected":false},"excerpt":{"rendered":"<p>100 feuilles par bo\u00eete. Lot de 36<\/p>\n","protected":false},"featured_media":105934,"comment_status":"open","ping_status":"closed","template":"","meta":[],"product_brand":[],"product_cat":[1227,1297,1216],"product_tag":[],"class_list":{"0":"post-111603","1":"product","2":"type-product","3":"status-publish","4":"has-post-thumbnail","6":"product_cat-nettoyage","7":"product_cat-non-palettisable","8":"product_cat-usage-unique-et-entretien","9":"product_shipping_class-free-shipping","11":"first","12":"instock","13":"featured","14":"taxable","15":"shipping-taxable","16":"purchasable","17":"product-type-simple"},"_links":{"self":[{"href":"https:\/\/abinox-chr-clim.com\/index.php\/wp-json\/wp\/v2\/product\/111603","targetHints":{"allow":["GET"]}}],"collection":[{"href":"https:\/\/abinox-chr-clim.com\/index.php\/wp-json\/wp\/v2\/product"}],"about":[{"href":"https:\/\/abinox-chr-clim.com\/index.php\/wp-json\/wp\/v2\/types\/product"}],"replies":[{"embeddable":true,"href":"https:\/\/abinox-chr-clim.com\/index.php\/wp-json\/wp\/v2\/comments?post=111603"}],"wp:featuredmedia":[{"embeddable":true,"href":"https:\/\/abinox-chr-clim.com\/index.php\/wp-json\/wp\/v2\/media\/105934"}],"wp:attachment":[{"href":"https:\/\/abinox-chr-clim.com\/index.php\/wp-json\/wp\/v2\/media?parent=111603"}],"wp:term":[{"taxonomy":"product_brand","embeddable":true,"href":"https:\/\/abinox-chr-clim.com\/index.php\/wp-json\/wp\/v2\/product_brand?post=111603"},{"taxonomy":"product_cat","embeddable":true,"href":"https:\/\/abinox-chr-clim.com\/index.php\/wp-json\/wp\/v2\/product_cat?post=111603"},{"taxonomy":"product_tag","embeddable":true,"href":"https:\/\/abinox-chr-clim.com\/index.php\/wp-json\/wp\/v2\/product_tag?post=111603"}],"curies":[{"name":"wp","href":"https:\/\/api.w.org\/{rel}","templated":true}]}}