{"id":111596,"date":"2025-05-29T12:45:30","date_gmt":"2025-05-29T10:45:30","guid":{"rendered":"https:\/\/abinox-chr-clim.com\/index.php\/product\/bouteilles-vertis-utopia-1l-lot-de-6\/"},"modified":"2026-04-15T10:51:01","modified_gmt":"2026-04-15T08:51:01","slug":"bouteilles-vertis-utopia-1l-lot-de-6","status":"publish","type":"product","link":"https:\/\/abinox-chr-clim.com\/index.php\/product\/bouteilles-vertis-utopia-1l-lot-de-6\/","title":{"rendered":"Bouteilles Vertis Utopia 1L (lot de 6)"},"content":{"rendered":"<p>Apportez de la polyvalence \u00e0 votre collection de verrerie avec cet ensemble de six bouteilles de la gamme Vertis d&rsquo;Utopia. Fabriqu\u00e9es en verre borosilicate r\u00e9sistant, elles pr\u00e9sentent une forme haute et \u00e9lanc\u00e9e avec un design nervur\u00e9 distinctif pour un look moderne. Leur capacit\u00e9 de 1 litre les rend adapt\u00e9es \u00e0 divers usages, et elles sont lavables au lave-vaisselle pour un nettoyage facile.<\/p>\n<p>\u2022 Fabriqu\u00e9 \u00e0 partir de gaz borosilicate<br \/>\u2022 Verrerie polyvalente pour une vari\u00e9t\u00e9 d&rsquo;utilisations<br \/>\u2022 Le design nervur\u00e9 robuste cr\u00e9e un look accrocheur<br \/>\u2022 Passe au lave-verres<\/p>\n<p><b><u>Caract\u00e9ristiques du produit :<\/u><\/b><br \/>\u2022 Lot : 6.0<br \/>\u2022 Dim. : 57(H) x 68(L)mm<br \/>\u2022 Poids : 213g.<\/p>\n","protected":false},"excerpt":{"rendered":"<p>1L. Lot de 6<\/p>\n","protected":false},"featured_media":106302,"comment_status":"open","ping_status":"closed","template":"","meta":[],"product_brand":[],"product_cat":[1023,1058,1297,1051],"product_tag":[],"class_list":{"0":"post-111596","1":"product","2":"type-product","3":"status-publish","4":"has-post-thumbnail","6":"product_cat-art-de-la-table","7":"product_cat-divers-verrerie","8":"product_cat-non-palettisable","9":"product_cat-verrerie","10":"product_shipping_class-free-shipping","12":"first","13":"outofstock","14":"featured","15":"taxable","16":"shipping-taxable","17":"purchasable","18":"product-type-simple"},"_links":{"self":[{"href":"https:\/\/abinox-chr-clim.com\/index.php\/wp-json\/wp\/v2\/product\/111596","targetHints":{"allow":["GET"]}}],"collection":[{"href":"https:\/\/abinox-chr-clim.com\/index.php\/wp-json\/wp\/v2\/product"}],"about":[{"href":"https:\/\/abinox-chr-clim.com\/index.php\/wp-json\/wp\/v2\/types\/product"}],"replies":[{"embeddable":true,"href":"https:\/\/abinox-chr-clim.com\/index.php\/wp-json\/wp\/v2\/comments?post=111596"}],"wp:featuredmedia":[{"embeddable":true,"href":"https:\/\/abinox-chr-clim.com\/index.php\/wp-json\/wp\/v2\/media\/106302"}],"wp:attachment":[{"href":"https:\/\/abinox-chr-clim.com\/index.php\/wp-json\/wp\/v2\/media?parent=111596"}],"wp:term":[{"taxonomy":"product_brand","embeddable":true,"href":"https:\/\/abinox-chr-clim.com\/index.php\/wp-json\/wp\/v2\/product_brand?post=111596"},{"taxonomy":"product_cat","embeddable":true,"href":"https:\/\/abinox-chr-clim.com\/index.php\/wp-json\/wp\/v2\/product_cat?post=111596"},{"taxonomy":"product_tag","embeddable":true,"href":"https:\/\/abinox-chr-clim.com\/index.php\/wp-json\/wp\/v2\/product_tag?post=111596"}],"curies":[{"name":"wp","href":"https:\/\/api.w.org\/{rel}","templated":true}]}}