{"id":111594,"date":"2025-05-29T12:45:27","date_gmt":"2025-05-29T10:45:27","guid":{"rendered":"https:\/\/abinox-chr-clim.com\/index.php\/product\/chopes-vertis-utopia-360-ml-lot-de-6\/"},"modified":"2026-04-15T10:50:59","modified_gmt":"2026-04-15T08:50:59","slug":"chopes-vertis-utopia-360-ml-lot-de-6","status":"publish","type":"product","link":"https:\/\/abinox-chr-clim.com\/index.php\/product\/chopes-vertis-utopia-360-ml-lot-de-6\/","title":{"rendered":"Chopes Vertis Utopia 360 ml (lot de 6)"},"content":{"rendered":"<p>Apportez de la polyvalence \u00e0 votre collection de verrerie avec cet ensemble de six verres hiball de la gamme Vertis d&rsquo;Utopia. Fabriqu\u00e9s en verre borosilicate r\u00e9sistant, ils ont un design nervur\u00e9 distinctif pour un look moderne. La capacit\u00e9 de 360 ml les rend adapt\u00e9s \u00e0 diverses boissons, et ils passent au lave-vaisselle pour un nettoyage facile.<\/p>\n<p>\u2022 Fabriqu\u00e9 \u00e0 partir de verre borosilicate<br \/>\u2022 Verrerie polyvalente pour une vari\u00e9t\u00e9 d&rsquo;utilisations<br \/>\u2022 Le design nervur\u00e9 robuste cr\u00e9e un look accrocheur<br \/>\u2022 Passe au lave-verres<\/p>\n<p><b><u>Caract\u00e9ristiques du produit :<\/u><\/b><br \/>\u2022 Lot : 6.0<br \/>\u2022 Dim. : 57(H) x 68(L)mm<br \/>\u2022 Poids : 213g.<\/p>\n","protected":false},"excerpt":{"rendered":"<p>360 ml. Lot de 6<\/p>\n","protected":false},"featured_media":109148,"comment_status":"open","ping_status":"closed","template":"","meta":[],"product_brand":[],"product_cat":[1023,1055,1297,1051],"product_tag":[],"class_list":{"0":"post-111594","1":"product","2":"type-product","3":"status-publish","4":"has-post-thumbnail","6":"product_cat-art-de-la-table","7":"product_cat-chopes-et-gobelets","8":"product_cat-non-palettisable","9":"product_cat-verrerie","10":"product_shipping_class-free-shipping","12":"first","13":"outofstock","14":"featured","15":"taxable","16":"shipping-taxable","17":"purchasable","18":"product-type-simple"},"_links":{"self":[{"href":"https:\/\/abinox-chr-clim.com\/index.php\/wp-json\/wp\/v2\/product\/111594","targetHints":{"allow":["GET"]}}],"collection":[{"href":"https:\/\/abinox-chr-clim.com\/index.php\/wp-json\/wp\/v2\/product"}],"about":[{"href":"https:\/\/abinox-chr-clim.com\/index.php\/wp-json\/wp\/v2\/types\/product"}],"replies":[{"embeddable":true,"href":"https:\/\/abinox-chr-clim.com\/index.php\/wp-json\/wp\/v2\/comments?post=111594"}],"wp:featuredmedia":[{"embeddable":true,"href":"https:\/\/abinox-chr-clim.com\/index.php\/wp-json\/wp\/v2\/media\/109148"}],"wp:attachment":[{"href":"https:\/\/abinox-chr-clim.com\/index.php\/wp-json\/wp\/v2\/media?parent=111594"}],"wp:term":[{"taxonomy":"product_brand","embeddable":true,"href":"https:\/\/abinox-chr-clim.com\/index.php\/wp-json\/wp\/v2\/product_brand?post=111594"},{"taxonomy":"product_cat","embeddable":true,"href":"https:\/\/abinox-chr-clim.com\/index.php\/wp-json\/wp\/v2\/product_cat?post=111594"},{"taxonomy":"product_tag","embeddable":true,"href":"https:\/\/abinox-chr-clim.com\/index.php\/wp-json\/wp\/v2\/product_tag?post=111594"}],"curies":[{"name":"wp","href":"https:\/\/api.w.org\/{rel}","templated":true}]}}