{"id":111593,"date":"2025-05-29T12:45:24","date_gmt":"2025-05-29T10:45:24","guid":{"rendered":"https:\/\/abinox-chr-clim.com\/index.php\/product\/gobelets-coniques-hayworth-utopia-350-ml-lot-de-6\/"},"modified":"2026-04-15T10:50:58","modified_gmt":"2026-04-15T08:50:58","slug":"gobelets-coniques-hayworth-utopia-350-ml-lot-de-6","status":"publish","type":"product","link":"https:\/\/abinox-chr-clim.com\/index.php\/product\/gobelets-coniques-hayworth-utopia-350-ml-lot-de-6\/","title":{"rendered":"Gobelets coniques Hayworth Utopia 350 ml (lot de 6)"},"content":{"rendered":"<p>En \u00e9largissant la collection Hayworth bien-aim\u00e9e d&rsquo;Utopia, ces gobelets en verre sodocalcique faits \u00e0 la main ajoutent une touche fra\u00eeche au design optique signature de la ligne. Exsudant un glamour intemporel, ils sont disponibles dans un pack pratique de six et sont r\u00e9sistants au lave-vaisselle pour un nettoyage sans effort, en faisant un ajout pratique et fonctionnel \u00e0 toute installation de restaurant ou de bar.<\/p>\n<p>\u2022 Fait partie d&rsquo;une gamme artisanale de chaux sod\u00e9e<br \/>\u2022 Pr\u00e9sente un motif optique accrocheur<br \/>\u2022 Lave-vaisselle<br \/>\u2022 Am\u00e9liorez votre exp\u00e9rience de boisson avec une sophistication moderne<\/p>\n<p><b><u>Caract\u00e9ristiques du produit :<\/u><\/b><br \/>\u2022 Lot : 6.0.<\/p>\n","protected":false},"excerpt":{"rendered":"<p>350 ml. Lot de 6<\/p>\n","protected":false},"featured_media":109147,"comment_status":"open","ping_status":"closed","template":"","meta":[],"product_brand":[],"product_cat":[1023,1055,1297,1051],"product_tag":[],"class_list":{"0":"post-111593","1":"product","2":"type-product","3":"status-publish","4":"has-post-thumbnail","6":"product_cat-art-de-la-table","7":"product_cat-chopes-et-gobelets","8":"product_cat-non-palettisable","9":"product_cat-verrerie","10":"product_shipping_class-free-shipping","12":"first","13":"outofstock","14":"featured","15":"taxable","16":"shipping-taxable","17":"purchasable","18":"product-type-simple"},"_links":{"self":[{"href":"https:\/\/abinox-chr-clim.com\/index.php\/wp-json\/wp\/v2\/product\/111593","targetHints":{"allow":["GET"]}}],"collection":[{"href":"https:\/\/abinox-chr-clim.com\/index.php\/wp-json\/wp\/v2\/product"}],"about":[{"href":"https:\/\/abinox-chr-clim.com\/index.php\/wp-json\/wp\/v2\/types\/product"}],"replies":[{"embeddable":true,"href":"https:\/\/abinox-chr-clim.com\/index.php\/wp-json\/wp\/v2\/comments?post=111593"}],"wp:featuredmedia":[{"embeddable":true,"href":"https:\/\/abinox-chr-clim.com\/index.php\/wp-json\/wp\/v2\/media\/109147"}],"wp:attachment":[{"href":"https:\/\/abinox-chr-clim.com\/index.php\/wp-json\/wp\/v2\/media?parent=111593"}],"wp:term":[{"taxonomy":"product_brand","embeddable":true,"href":"https:\/\/abinox-chr-clim.com\/index.php\/wp-json\/wp\/v2\/product_brand?post=111593"},{"taxonomy":"product_cat","embeddable":true,"href":"https:\/\/abinox-chr-clim.com\/index.php\/wp-json\/wp\/v2\/product_cat?post=111593"},{"taxonomy":"product_tag","embeddable":true,"href":"https:\/\/abinox-chr-clim.com\/index.php\/wp-json\/wp\/v2\/product_tag?post=111593"}],"curies":[{"name":"wp","href":"https:\/\/api.w.org\/{rel}","templated":true}]}}