{"id":111592,"date":"2025-05-29T12:45:22","date_gmt":"2025-05-29T10:45:22","guid":{"rendered":"https:\/\/abinox-chr-clim.com\/index.php\/product\/gobelets-coniques-hayworth-utopia-400-ml-lot-de-6\/"},"modified":"2026-04-15T10:50:57","modified_gmt":"2026-04-15T08:50:57","slug":"gobelets-coniques-hayworth-utopia-400-ml-lot-de-6","status":"publish","type":"product","link":"https:\/\/abinox-chr-clim.com\/index.php\/product\/gobelets-coniques-hayworth-utopia-400-ml-lot-de-6\/","title":{"rendered":"Gobelets coniques Hayworth Utopia 400 ml (lot de 6)"},"content":{"rendered":"<p>\u00c9largissant la collection Hayworth appr\u00e9ci\u00e9e de Utopia, ces gobelets en verre sodocalcique fabriqu\u00e9s \u00e0 la main apportent une touche fra\u00eeche au design optique signature de la ligne. Exhalant un glamour intemporel, ils sont disponibles en pack pratique de six et passent au lave-vaisselle pour un nettoyage sans effort, ce qui en fait un ajout pratique et fonctionnel \u00e0 tout agencement de restaurant ou de bar.<\/p>\n<p>\u2022 Fait partie d&rsquo;une gamme artisanale de chaux sod\u00e9e<br \/>\u2022 Pr\u00e9sente un motif optique accrocheur<br \/>\u2022 Lave-vaisselle<br \/>\u2022 Am\u00e9liorez votre exp\u00e9rience de boisson avec une sophistication moderne<\/p>\n<p><b><u>Caract\u00e9ristiques du produit :<\/u><\/b><br \/>\u2022 Lot : 6.0<br \/>\u2022 Poids : 77g.<\/p>\n","protected":false},"excerpt":{"rendered":"<p>400 ml. Lot de 6<\/p>\n","protected":false},"featured_media":107259,"comment_status":"open","ping_status":"closed","template":"","meta":[],"product_brand":[],"product_cat":[1023,1055,1297,1051],"product_tag":[],"class_list":{"0":"post-111592","1":"product","2":"type-product","3":"status-publish","4":"has-post-thumbnail","6":"product_cat-art-de-la-table","7":"product_cat-chopes-et-gobelets","8":"product_cat-non-palettisable","9":"product_cat-verrerie","10":"product_shipping_class-free-shipping","12":"first","13":"outofstock","14":"featured","15":"taxable","16":"shipping-taxable","17":"purchasable","18":"product-type-simple"},"_links":{"self":[{"href":"https:\/\/abinox-chr-clim.com\/index.php\/wp-json\/wp\/v2\/product\/111592","targetHints":{"allow":["GET"]}}],"collection":[{"href":"https:\/\/abinox-chr-clim.com\/index.php\/wp-json\/wp\/v2\/product"}],"about":[{"href":"https:\/\/abinox-chr-clim.com\/index.php\/wp-json\/wp\/v2\/types\/product"}],"replies":[{"embeddable":true,"href":"https:\/\/abinox-chr-clim.com\/index.php\/wp-json\/wp\/v2\/comments?post=111592"}],"wp:featuredmedia":[{"embeddable":true,"href":"https:\/\/abinox-chr-clim.com\/index.php\/wp-json\/wp\/v2\/media\/107259"}],"wp:attachment":[{"href":"https:\/\/abinox-chr-clim.com\/index.php\/wp-json\/wp\/v2\/media?parent=111592"}],"wp:term":[{"taxonomy":"product_brand","embeddable":true,"href":"https:\/\/abinox-chr-clim.com\/index.php\/wp-json\/wp\/v2\/product_brand?post=111592"},{"taxonomy":"product_cat","embeddable":true,"href":"https:\/\/abinox-chr-clim.com\/index.php\/wp-json\/wp\/v2\/product_cat?post=111592"},{"taxonomy":"product_tag","embeddable":true,"href":"https:\/\/abinox-chr-clim.com\/index.php\/wp-json\/wp\/v2\/product_tag?post=111592"}],"curies":[{"name":"wp","href":"https:\/\/api.w.org\/{rel}","templated":true}]}}