{"id":111591,"date":"2025-05-29T12:45:20","date_gmt":"2025-05-29T10:45:20","guid":{"rendered":"https:\/\/abinox-chr-clim.com\/index.php\/product\/photophores-hayworth-utopia-70-mm-lot-de-6\/"},"modified":"2026-04-15T10:50:56","modified_gmt":"2026-04-15T08:50:56","slug":"photophores-hayworth-utopia-70-mm-lot-de-6","status":"publish","type":"product","link":"https:\/\/abinox-chr-clim.com\/index.php\/product\/photophores-hayworth-utopia-70-mm-lot-de-6\/","title":{"rendered":"Photophores Hayworth Utopia 70 mm (lot de 6)"},"content":{"rendered":"<p>Am\u00e9liorez l&rsquo;ambiance de votre restaurant ou bar avec ces porte-bougies en verre sodocalcique faits \u00e0 la main de la collection pris\u00e9e Hayworth d&rsquo;Utopia. Avec leur design optique saisissant, les porte-bougies diffusent une lueur chaleureuse et accueillante qui compl\u00e8te toute exp\u00e9rience culinaire. Fabriqu\u00e9s avec soin et souci du d\u00e9tail, ces pi\u00e8ces \u00e9l\u00e9gantes ajoutent une touche de sophistication et de charme \u00e0 votre \u00e9tablissement, rendant chaque repas sp\u00e9cial et m\u00e9morable.<br \/>\u2022 Glamour intemporel<br \/>\u2022 Un motif optique accrocheur orne la collection<br \/>\u2022 Am\u00e9liorez votre service de boisson avec une sophistication moderne<\/p>\n<p><b><u>Caract\u00e9ristiques du produit :<\/u><\/b><br \/>\u2022 Lot : 6.0<br \/>\u2022 Dim. : 105(H) x 87(L)mm<br \/>\u2022 Poids : 95g<br \/>\u2022 Couleur : Transparent.<\/p>\n","protected":false},"excerpt":{"rendered":"<p>70mm. Lot de 6<\/p>\n","protected":false},"featured_media":107258,"comment_status":"open","ping_status":"closed","template":"","meta":[],"product_brand":[],"product_cat":[1024,1023,1025,1297],"product_tag":[],"class_list":{"0":"post-111591","1":"product","2":"type-product","3":"status-publish","4":"has-post-thumbnail","6":"product_cat-accessoires-de-table","7":"product_cat-art-de-la-table","8":"product_cat-bougies-et-photophores","9":"product_cat-non-palettisable","10":"product_shipping_class-free-shipping","12":"first","13":"outofstock","14":"featured","15":"taxable","16":"shipping-taxable","17":"purchasable","18":"product-type-simple"},"_links":{"self":[{"href":"https:\/\/abinox-chr-clim.com\/index.php\/wp-json\/wp\/v2\/product\/111591","targetHints":{"allow":["GET"]}}],"collection":[{"href":"https:\/\/abinox-chr-clim.com\/index.php\/wp-json\/wp\/v2\/product"}],"about":[{"href":"https:\/\/abinox-chr-clim.com\/index.php\/wp-json\/wp\/v2\/types\/product"}],"replies":[{"embeddable":true,"href":"https:\/\/abinox-chr-clim.com\/index.php\/wp-json\/wp\/v2\/comments?post=111591"}],"wp:featuredmedia":[{"embeddable":true,"href":"https:\/\/abinox-chr-clim.com\/index.php\/wp-json\/wp\/v2\/media\/107258"}],"wp:attachment":[{"href":"https:\/\/abinox-chr-clim.com\/index.php\/wp-json\/wp\/v2\/media?parent=111591"}],"wp:term":[{"taxonomy":"product_brand","embeddable":true,"href":"https:\/\/abinox-chr-clim.com\/index.php\/wp-json\/wp\/v2\/product_brand?post=111591"},{"taxonomy":"product_cat","embeddable":true,"href":"https:\/\/abinox-chr-clim.com\/index.php\/wp-json\/wp\/v2\/product_cat?post=111591"},{"taxonomy":"product_tag","embeddable":true,"href":"https:\/\/abinox-chr-clim.com\/index.php\/wp-json\/wp\/v2\/product_tag?post=111591"}],"curies":[{"name":"wp","href":"https:\/\/api.w.org\/{rel}","templated":true}]}}