{"id":111590,"date":"2025-05-29T12:45:18","date_gmt":"2025-05-29T10:45:18","guid":{"rendered":"https:\/\/abinox-chr-clim.com\/index.php\/product\/gobelets-utopia-singapore-310ml-lot-de-6\/"},"modified":"2026-04-15T10:50:55","modified_gmt":"2026-04-15T08:50:55","slug":"gobelets-utopia-singapore-310ml-lot-de-6","status":"publish","type":"product","link":"https:\/\/abinox-chr-clim.com\/index.php\/product\/gobelets-utopia-singapore-310ml-lot-de-6\/","title":{"rendered":"Gobelets Utopia Singapore 310ml (lot de 6)"},"content":{"rendered":"<p>\u00c9levez la pr\u00e9sentation de vos boissons avec le style sophistiqu\u00e9 des verres \u00e0 double whisky de Singapour de Utopia. M\u00e9ticuleusement fabriqu\u00e9s par Crown Glassware, ces beaut\u00e9s en verre fabriqu\u00e9es \u00e0 la machine arborent des lignes verticales propres et nettes. Les lignes am\u00e9liorent non seulement l&rsquo;attrait visuel des verres, mais offrent \u00e9galement une texture tactile agr\u00e9able, ajoutant une touche de luxe \u00e0 l&rsquo;exp\u00e9rience de service.<\/p>\n<p>\u2022 Collection Singapore : Fabriqu\u00e9 par Crown Glassware avec une pr\u00e9cision m\u00e9ticuleuse<br \/>\u2022 Fabriqu\u00e9 \u00e0 la machine \u00e0 partir de verre sodocalcique pour une qualit\u00e9 in\u00e9gal\u00e9e<br \/>\u2022 Une chope et un gobelet (vendu s\u00e9par\u00e9ment), tous deux orn\u00e9s de lignes verticales nettes et pr\u00e9cises.<br \/>\u2022 Am\u00e9liorez votre service gr\u00e2ce \u00e0 l&rsquo;attrait visuel et tactile<\/p>\n<p><b><u>Caract\u00e9ristiques du produit :<\/u><\/b><br \/>\u2022 Lot : 24.0<br \/>\u2022 Dim. : 120(H) x 85(L)mm<br \/>\u2022 Poids : 102g.<\/p>\n","protected":false},"excerpt":{"rendered":"<p>310ml. Lot de 6<\/p>\n","protected":false},"featured_media":109146,"comment_status":"open","ping_status":"closed","template":"","meta":[],"product_brand":[],"product_cat":[1023,1297,1062,1051],"product_tag":[],"class_list":{"0":"post-111590","1":"product","2":"type-product","3":"status-publish","4":"has-post-thumbnail","6":"product_cat-art-de-la-table","7":"product_cat-non-palettisable","8":"product_cat-shooters-et-cocktails","9":"product_cat-verrerie","10":"product_shipping_class-free-shipping","12":"first","13":"outofstock","14":"featured","15":"taxable","16":"shipping-taxable","17":"purchasable","18":"product-type-simple"},"_links":{"self":[{"href":"https:\/\/abinox-chr-clim.com\/index.php\/wp-json\/wp\/v2\/product\/111590","targetHints":{"allow":["GET"]}}],"collection":[{"href":"https:\/\/abinox-chr-clim.com\/index.php\/wp-json\/wp\/v2\/product"}],"about":[{"href":"https:\/\/abinox-chr-clim.com\/index.php\/wp-json\/wp\/v2\/types\/product"}],"replies":[{"embeddable":true,"href":"https:\/\/abinox-chr-clim.com\/index.php\/wp-json\/wp\/v2\/comments?post=111590"}],"wp:featuredmedia":[{"embeddable":true,"href":"https:\/\/abinox-chr-clim.com\/index.php\/wp-json\/wp\/v2\/media\/109146"}],"wp:attachment":[{"href":"https:\/\/abinox-chr-clim.com\/index.php\/wp-json\/wp\/v2\/media?parent=111590"}],"wp:term":[{"taxonomy":"product_brand","embeddable":true,"href":"https:\/\/abinox-chr-clim.com\/index.php\/wp-json\/wp\/v2\/product_brand?post=111590"},{"taxonomy":"product_cat","embeddable":true,"href":"https:\/\/abinox-chr-clim.com\/index.php\/wp-json\/wp\/v2\/product_cat?post=111590"},{"taxonomy":"product_tag","embeddable":true,"href":"https:\/\/abinox-chr-clim.com\/index.php\/wp-json\/wp\/v2\/product_tag?post=111590"}],"curies":[{"name":"wp","href":"https:\/\/api.w.org\/{rel}","templated":true}]}}