{"id":111588,"date":"2025-05-29T12:45:13","date_gmt":"2025-05-29T10:45:13","guid":{"rendered":"https:\/\/abinox-chr-clim.com\/index.php\/product\/lucent-hiball-12oz-34cl\/"},"modified":"2026-04-15T10:50:54","modified_gmt":"2026-04-15T08:50:54","slug":"lucent-hiball-12oz-34cl","status":"publish","type":"product","link":"https:\/\/abinox-chr-clim.com\/index.php\/product\/lucent-hiball-12oz-34cl\/","title":{"rendered":"Lucent Hiball 12oz (34cl)"},"content":{"rendered":"<p>R\u00e9alis\u00e9s \u00e0 la perfection par Crown Glassware, ces verres \u00e0 bi\u00e8re \u00e0 pied de la collection Murray pr\u00e9sentent des bols angulaires spectaculaires et des tiges courtes et \u00e9lanc\u00e9es. Les verres de 460 ml sont fabriqu\u00e9s \u00e0 partir de cristal 100% sans plomb et sont compatibles avec le lave-verres pour garantir un nettoyage facile et un retour rapide en service.<\/p>\n<p>\u2022 Collection Lucent comprenant des verres Hiball et doubles \u00e0 l&rsquo;ancienne<br \/>\u2022 Fabriqu\u00e9 \u00e0 partir de polycarbonate pratiquement incassable pour plus de s\u00e9curit\u00e9 et de durabilit\u00e9<br \/>\u2022 Polyvalent et pratique, id\u00e9al pour une utilisation int\u00e9rieure et ext\u00e9rieure<br \/>\u2022 Am\u00e9liorez votre exp\u00e9rience de consommation avec un m\u00e9lange parfait de style et de fonctionnalit\u00e9.<\/p>\n<p><b><u>Caract\u00e9ristiques du produit :<\/u><\/b><br \/>\u2022 Lot : 6.0.<\/p>\n","protected":false},"excerpt":{"rendered":"<p>Utopia Lucent Hiball 12oz (34cl)<\/p>\n","protected":false},"featured_media":105728,"comment_status":"open","ping_status":"closed","template":"","meta":[],"product_brand":[],"product_cat":[1023,1297,1051],"product_tag":[],"class_list":{"0":"post-111588","1":"product","2":"type-product","3":"status-publish","4":"has-post-thumbnail","6":"product_cat-art-de-la-table","7":"product_cat-non-palettisable","8":"product_cat-verrerie","9":"product_shipping_class-free-shipping","11":"first","12":"outofstock","13":"featured","14":"taxable","15":"shipping-taxable","16":"purchasable","17":"product-type-simple"},"_links":{"self":[{"href":"https:\/\/abinox-chr-clim.com\/index.php\/wp-json\/wp\/v2\/product\/111588","targetHints":{"allow":["GET"]}}],"collection":[{"href":"https:\/\/abinox-chr-clim.com\/index.php\/wp-json\/wp\/v2\/product"}],"about":[{"href":"https:\/\/abinox-chr-clim.com\/index.php\/wp-json\/wp\/v2\/types\/product"}],"replies":[{"embeddable":true,"href":"https:\/\/abinox-chr-clim.com\/index.php\/wp-json\/wp\/v2\/comments?post=111588"}],"wp:featuredmedia":[{"embeddable":true,"href":"https:\/\/abinox-chr-clim.com\/index.php\/wp-json\/wp\/v2\/media\/105728"}],"wp:attachment":[{"href":"https:\/\/abinox-chr-clim.com\/index.php\/wp-json\/wp\/v2\/media?parent=111588"}],"wp:term":[{"taxonomy":"product_brand","embeddable":true,"href":"https:\/\/abinox-chr-clim.com\/index.php\/wp-json\/wp\/v2\/product_brand?post=111588"},{"taxonomy":"product_cat","embeddable":true,"href":"https:\/\/abinox-chr-clim.com\/index.php\/wp-json\/wp\/v2\/product_cat?post=111588"},{"taxonomy":"product_tag","embeddable":true,"href":"https:\/\/abinox-chr-clim.com\/index.php\/wp-json\/wp\/v2\/product_tag?post=111588"}],"curies":[{"name":"wp","href":"https:\/\/api.w.org\/{rel}","templated":true}]}}