{"id":111587,"date":"2025-05-29T12:45:11","date_gmt":"2025-05-29T10:45:11","guid":{"rendered":"https:\/\/abinox-chr-clim.com\/index.php\/product\/machine-sous-vide-a-cloche-buffalo-68l\/"},"modified":"2026-04-14T11:33:25","modified_gmt":"2026-04-14T09:33:25","slug":"machine-sous-vide-a-cloche-buffalo-68l","status":"publish","type":"product","link":"https:\/\/abinox-chr-clim.com\/index.php\/product\/machine-sous-vide-a-cloche-buffalo-68l\/","title":{"rendered":"Machine sous vide \u00e0 cloche Buffalo 6,8L"},"content":{"rendered":"<p>Machine \u00e0 emballer sous vide \u00e0 chambre grande capacit\u00e9 avec commandes conviviales et barre de soudure puissante. La technologie Smart Vac permet d&rsquo;ajuster automatiquement les r\u00e9glages pour des r\u00e9sultats parfaits.<\/p>\n<p>\u2022 Smart Vac s&rsquo;ajuste automatiquement selon la taille du sac et le contenu<br \/>\u2022 Fonction accessoire permettant l&rsquo;utilisation avec des bo\u00eetes sous vide, des couvercles universels, des sacs zipp\u00e9s et des bouchons de vin<br \/>\u2022 Fonction marinade &#8211; parfait pour rehausser les saveurs<br \/>\u2022 Commandes conviviales avec temps de scellage ajustables (0-9s)<br \/>\u2022 Fils de scellage doubles pour un scellage fiable<br \/>\u2022 Ext\u00e9rieur en acier inoxydable avec couvercle en verre tremp\u00e9<\/p>\n<p><b><u>Caract\u00e9ristiques du produit :<\/u><\/b><br \/>\u2022 Dim. : 269(H) x 371(L) x 449(P) mm<br \/>\u2022 Mati\u00e8re : Inox et plastique<br \/>\u2022 Voltage : 220-240V<br \/>\u2022 Poids : 12,96 kg<br \/>\u2022 Couleur : Argent.<\/p>\n","protected":false},"excerpt":{"rendered":"<p>380W. Capacit\u00e9 : 6,8L. Largeur max du sac : 305mm<\/p>\n","protected":false},"featured_media":106301,"comment_status":"open","ping_status":"closed","template":"","meta":[],"product_brand":[],"product_cat":[1277,1297],"product_tag":[],"class_list":{"0":"post-111587","1":"product","2":"type-product","3":"status-publish","4":"has-post-thumbnail","6":"product_cat-divers-principal","7":"product_cat-non-palettisable","8":"product_shipping_class-free-shipping","10":"first","11":"instock","12":"featured","13":"taxable","14":"shipping-taxable","15":"purchasable","16":"product-type-simple"},"_links":{"self":[{"href":"https:\/\/abinox-chr-clim.com\/index.php\/wp-json\/wp\/v2\/product\/111587","targetHints":{"allow":["GET"]}}],"collection":[{"href":"https:\/\/abinox-chr-clim.com\/index.php\/wp-json\/wp\/v2\/product"}],"about":[{"href":"https:\/\/abinox-chr-clim.com\/index.php\/wp-json\/wp\/v2\/types\/product"}],"replies":[{"embeddable":true,"href":"https:\/\/abinox-chr-clim.com\/index.php\/wp-json\/wp\/v2\/comments?post=111587"}],"wp:featuredmedia":[{"embeddable":true,"href":"https:\/\/abinox-chr-clim.com\/index.php\/wp-json\/wp\/v2\/media\/106301"}],"wp:attachment":[{"href":"https:\/\/abinox-chr-clim.com\/index.php\/wp-json\/wp\/v2\/media?parent=111587"}],"wp:term":[{"taxonomy":"product_brand","embeddable":true,"href":"https:\/\/abinox-chr-clim.com\/index.php\/wp-json\/wp\/v2\/product_brand?post=111587"},{"taxonomy":"product_cat","embeddable":true,"href":"https:\/\/abinox-chr-clim.com\/index.php\/wp-json\/wp\/v2\/product_cat?post=111587"},{"taxonomy":"product_tag","embeddable":true,"href":"https:\/\/abinox-chr-clim.com\/index.php\/wp-json\/wp\/v2\/product_tag?post=111587"}],"curies":[{"name":"wp","href":"https:\/\/api.w.org\/{rel}","templated":true}]}}