{"id":111586,"date":"2025-05-29T12:45:09","date_gmt":"2025-05-29T10:45:09","guid":{"rendered":"https:\/\/abinox-chr-clim.com\/index.php\/product\/plaque-de-cuisson-et-gril-salamandre-buffalo-2\/"},"modified":"2026-04-02T10:41:11","modified_gmt":"2026-04-02T08:41:11","slug":"plaque-de-cuisson-et-gril-salamandre-buffalo-2","status":"publish","type":"product","link":"https:\/\/abinox-chr-clim.com\/index.php\/product\/plaque-de-cuisson-et-gril-salamandre-buffalo-2\/","title":{"rendered":"Plaque de cuisson et gril salamandre Buffalo"},"content":{"rendered":"<p>Un appareil unique, 2-en-1, \u00e0 encombrement r\u00e9duit associant une plaque puissante \u00e0 un gril int\u00e9gr\u00e9. Thermostat et \u00e9l\u00e9ments de chauffe m\u00e9talliques professionnels et forte r\u00e9tention de la chaleur sur la plaque.<\/p>\n<p>\u2022 Bo\u00eetier en acier inoxydable solide et facile \u00e0 nettoyer<br \/>\u2022 Thermostat \u00e0 cadran r\u00e9glable jusqu&rsquo;\u00e0 300\u00b0C<br \/>\u2022 Hauteur de la salamandre r\u00e9glable 43mm-195mm<br \/>\u2022 Fonctionnement lisse du levage et de la descente assure des r\u00e9sultats parfaits<br \/>\u2022 Fonctionnement lisse du levage et de la descente assure des r\u00e9sultats parfaits<br \/>\u2022 Protection contre la surchauffe<\/p>\n<p><b><u>Caract\u00e9ristiques du produit :<\/u><\/b><br \/>\u2022 Dim. : 500(H) x 450(L) x 509(P) mm<br \/>\u2022 Mati\u00e8re : Inox<br \/>\u2022 Voltage : 220-240V<br \/>\u2022 Couleur : Argent.<\/p>\n","protected":false},"excerpt":{"rendered":"<p>2,8kW. Largeur : 450mm<\/p>\n","protected":false},"featured_media":107257,"comment_status":"open","ping_status":"closed","template":"","meta":[],"product_brand":[],"product_cat":[1180,1160,1297,1179],"product_tag":[],"class_list":{"0":"post-111586","1":"product","2":"type-product","3":"status-publish","4":"has-post-thumbnail","6":"product_cat-chauffe-aliments","7":"product_cat-materiel-electrique-et-de-cuisson","8":"product_cat-non-palettisable","9":"product_cat-petit-materiel","10":"product_shipping_class-free-shipping","12":"first","13":"instock","14":"featured","15":"taxable","16":"shipping-taxable","17":"purchasable","18":"product-type-simple"},"_links":{"self":[{"href":"https:\/\/abinox-chr-clim.com\/index.php\/wp-json\/wp\/v2\/product\/111586","targetHints":{"allow":["GET"]}}],"collection":[{"href":"https:\/\/abinox-chr-clim.com\/index.php\/wp-json\/wp\/v2\/product"}],"about":[{"href":"https:\/\/abinox-chr-clim.com\/index.php\/wp-json\/wp\/v2\/types\/product"}],"replies":[{"embeddable":true,"href":"https:\/\/abinox-chr-clim.com\/index.php\/wp-json\/wp\/v2\/comments?post=111586"}],"wp:featuredmedia":[{"embeddable":true,"href":"https:\/\/abinox-chr-clim.com\/index.php\/wp-json\/wp\/v2\/media\/107257"}],"wp:attachment":[{"href":"https:\/\/abinox-chr-clim.com\/index.php\/wp-json\/wp\/v2\/media?parent=111586"}],"wp:term":[{"taxonomy":"product_brand","embeddable":true,"href":"https:\/\/abinox-chr-clim.com\/index.php\/wp-json\/wp\/v2\/product_brand?post=111586"},{"taxonomy":"product_cat","embeddable":true,"href":"https:\/\/abinox-chr-clim.com\/index.php\/wp-json\/wp\/v2\/product_cat?post=111586"},{"taxonomy":"product_tag","embeddable":true,"href":"https:\/\/abinox-chr-clim.com\/index.php\/wp-json\/wp\/v2\/product_tag?post=111586"}],"curies":[{"name":"wp","href":"https:\/\/api.w.org\/{rel}","templated":true}]}}