{"id":111585,"date":"2025-05-29T12:45:07","date_gmt":"2025-05-29T10:45:07","guid":{"rendered":"https:\/\/abinox-chr-clim.com\/index.php\/product\/blender-de-bar-numerique-silencieux-buffalo-18l\/"},"modified":"2026-04-14T11:32:14","modified_gmt":"2026-04-14T09:32:14","slug":"blender-de-bar-numerique-silencieux-buffalo-18l","status":"publish","type":"product","link":"https:\/\/abinox-chr-clim.com\/index.php\/product\/blender-de-bar-numerique-silencieux-buffalo-18l\/","title":{"rendered":"Blender de bar num\u00e9rique silencieux Buffalo 1,8L"},"content":{"rendered":"<p>Puissant blender de bar haut de gamme con\u00e7u pour les zones sensibles au bruit. Con\u00e7u pour \u00eatre durable et performant, il est dot\u00e9 de commandes num\u00e9riques conviviales.<\/p>\n<p>\u2022 Moteur puissant sans balais \u00e0 couple &#8211; dur\u00e9e de vie plus longue, \u00e9conome en \u00e9nergie, beaucoup plus silencieux que les blenders standards<br \/>\u2022 Syst\u00e8me de verrouillage de s\u00e9curit\u00e9, fonctionne uniquement avec le pichet en place<br \/>\u2022 Enregistrez jusqu&rsquo;\u00e0 6 programmes \u00e0 plusieurs \u00e9tapes<br \/>\u2022 Pichet solide de 1,8L sans BPA<br \/>\u2022 Contr\u00f4le de vitesse\/temps variable et peut \u00eatre ajust\u00e9 pendant le fonctionnement<br \/>\u2022 Fonction pulse pour un mixage pr\u00e9cis<br \/>\u2022 Id\u00e9al pour les zones en fa\u00e7ade &#8211; moteur sans balais et cloche d&rsquo;insonorisation pour \u00e9mettre un bruit minimum pendant le fonctionnement<br \/>\u2022 Les commandes tactiles permettent \u00e0 l&rsquo;utilisateur de fonctionner avec des mains mouill\u00e9es ou sales<br \/>\u2022 Conception haute performance &#8211; fait des smoothies en secondes<\/p>\n<p><b><u>Caract\u00e9ristiques du produit :<\/u><\/b><br \/>\u2022 Capacit\u00e9 : 1,8 L<br \/>\u2022 Dim. : 487(H) x 246(L) x 271(P) mm<br \/>\u2022 Mati\u00e8re : Inox<br \/>\u2022 Voltage : 220-240V<br \/>\u2022 Poids : 9,1 kg<br \/>\u2022 Temp\u00e9rature ambiante MAX : 80 \u00b0C<br \/>\u2022 Couleur : Noir.<\/p>\n","protected":false},"excerpt":{"rendered":"<p>1680W. Capacit\u00e9: 1,8L. Avec cloche d&rsquo;insonorisation<\/p>\n","protected":false},"featured_media":106300,"comment_status":"open","ping_status":"closed","template":"","meta":[],"product_brand":[],"product_cat":[1162,1161,1160,1297],"product_tag":[],"class_list":{"0":"post-111585","1":"product","2":"type-product","3":"status-publish","4":"has-post-thumbnail","6":"product_cat-blenders-de-bar-et-cuisine","7":"product_cat-blenders-et-mixeurs-plongeants","8":"product_cat-materiel-electrique-et-de-cuisson","9":"product_cat-non-palettisable","10":"product_shipping_class-free-shipping","12":"first","13":"instock","14":"featured","15":"taxable","16":"shipping-taxable","17":"purchasable","18":"product-type-simple"},"_links":{"self":[{"href":"https:\/\/abinox-chr-clim.com\/index.php\/wp-json\/wp\/v2\/product\/111585","targetHints":{"allow":["GET"]}}],"collection":[{"href":"https:\/\/abinox-chr-clim.com\/index.php\/wp-json\/wp\/v2\/product"}],"about":[{"href":"https:\/\/abinox-chr-clim.com\/index.php\/wp-json\/wp\/v2\/types\/product"}],"replies":[{"embeddable":true,"href":"https:\/\/abinox-chr-clim.com\/index.php\/wp-json\/wp\/v2\/comments?post=111585"}],"wp:featuredmedia":[{"embeddable":true,"href":"https:\/\/abinox-chr-clim.com\/index.php\/wp-json\/wp\/v2\/media\/106300"}],"wp:attachment":[{"href":"https:\/\/abinox-chr-clim.com\/index.php\/wp-json\/wp\/v2\/media?parent=111585"}],"wp:term":[{"taxonomy":"product_brand","embeddable":true,"href":"https:\/\/abinox-chr-clim.com\/index.php\/wp-json\/wp\/v2\/product_brand?post=111585"},{"taxonomy":"product_cat","embeddable":true,"href":"https:\/\/abinox-chr-clim.com\/index.php\/wp-json\/wp\/v2\/product_cat?post=111585"},{"taxonomy":"product_tag","embeddable":true,"href":"https:\/\/abinox-chr-clim.com\/index.php\/wp-json\/wp\/v2\/product_tag?post=111585"}],"curies":[{"name":"wp","href":"https:\/\/api.w.org\/{rel}","templated":true}]}}