{"id":111584,"date":"2025-05-29T12:45:05","date_gmt":"2025-05-29T10:45:05","guid":{"rendered":"https:\/\/abinox-chr-clim.com\/index.php\/product\/four-a-charbon-buffalo\/"},"modified":"2026-04-13T08:27:37","modified_gmt":"2026-04-13T06:27:37","slug":"four-a-charbon-buffalo","status":"publish","type":"product","link":"https:\/\/abinox-chr-clim.com\/index.php\/product\/four-a-charbon-buffalo\/","title":{"rendered":"Four \u00e0 charbon Buffalo"},"content":{"rendered":"<p>Le four \u00e0 charbon de bois haute temp\u00e9rature permet une cuisson plus rapide et une polyvalence exceptionnelle. R\u00f4tissez, fumez, cuisez et faites un barbecue avec des r\u00e9sultats fantastiques.<\/p>\n<p>\u2022 Syst\u00e8me de d\u00e9sactivation de la traction inclus<br \/>\u2022 Tiroir \u00e0 cendres ind\u00e9pendant avec tisonnier, brosse et pelle \u00e0 cendres inclus<br \/>\u2022 L&rsquo;isolation interne de haute qualit\u00e9 prolonge la dur\u00e9e de vie du combustible<br \/>\u2022 Pince incluse<br \/>\u2022 Syst\u00e8me d&rsquo;ouverture de la porte anti-impact r\u00e9duisant les dommages accidentels<br \/>\u2022 Thermom\u00e8tre int\u00e9gr\u00e9 jusqu&rsquo;\u00e0 500\u00baC<br \/>\u2022 Tiroir de r\u00e9cup\u00e9ration des graisses<\/p>\n<p><b><u>Caract\u00e9ristiques du produit :<\/u><\/b><br \/>\u2022 Dim. : 670(H) x 740(L) x 575(P) mm<br \/>\u2022 Mati\u00e8re : Inox<br \/>\u2022 Poids : 200 kg<br \/>\u2022 Couleur : Argent.<\/p>\n","protected":false},"excerpt":{"rendered":"<p>Surface de cuisson : 570 x 350mm<\/p>\n","protected":false},"featured_media":109144,"comment_status":"open","ping_status":"closed","template":"","meta":[],"product_brand":[],"product_cat":[1160,1178,1175,1297],"product_tag":[],"class_list":{"0":"post-111584","1":"product","2":"type-product","3":"status-publish","4":"has-post-thumbnail","6":"product_cat-materiel-electrique-et-de-cuisson","7":"product_cat-micro-ondes","8":"product_cat-micro-ondes-et-fours","9":"product_cat-non-palettisable","10":"product_shipping_class-free-shipping","12":"first","13":"instock","14":"featured","15":"taxable","16":"shipping-taxable","17":"purchasable","18":"product-type-simple"},"_links":{"self":[{"href":"https:\/\/abinox-chr-clim.com\/index.php\/wp-json\/wp\/v2\/product\/111584","targetHints":{"allow":["GET"]}}],"collection":[{"href":"https:\/\/abinox-chr-clim.com\/index.php\/wp-json\/wp\/v2\/product"}],"about":[{"href":"https:\/\/abinox-chr-clim.com\/index.php\/wp-json\/wp\/v2\/types\/product"}],"replies":[{"embeddable":true,"href":"https:\/\/abinox-chr-clim.com\/index.php\/wp-json\/wp\/v2\/comments?post=111584"}],"wp:featuredmedia":[{"embeddable":true,"href":"https:\/\/abinox-chr-clim.com\/index.php\/wp-json\/wp\/v2\/media\/109144"}],"wp:attachment":[{"href":"https:\/\/abinox-chr-clim.com\/index.php\/wp-json\/wp\/v2\/media?parent=111584"}],"wp:term":[{"taxonomy":"product_brand","embeddable":true,"href":"https:\/\/abinox-chr-clim.com\/index.php\/wp-json\/wp\/v2\/product_brand?post=111584"},{"taxonomy":"product_cat","embeddable":true,"href":"https:\/\/abinox-chr-clim.com\/index.php\/wp-json\/wp\/v2\/product_cat?post=111584"},{"taxonomy":"product_tag","embeddable":true,"href":"https:\/\/abinox-chr-clim.com\/index.php\/wp-json\/wp\/v2\/product_tag?post=111584"}],"curies":[{"name":"wp","href":"https:\/\/api.w.org\/{rel}","templated":true}]}}