{"id":111582,"date":"2025-05-29T12:45:01","date_gmt":"2025-05-29T10:45:01","guid":{"rendered":"https:\/\/abinox-chr-clim.com\/index.php\/product\/planche-ronde-en-bois-dacacia-pour-cloche-de-280-mm\/"},"modified":"2026-04-14T11:28:53","modified_gmt":"2026-04-14T09:28:53","slug":"planche-ronde-en-bois-dacacia-pour-cloche-de-280-mm","status":"publish","type":"product","link":"https:\/\/abinox-chr-clim.com\/index.php\/product\/planche-ronde-en-bois-dacacia-pour-cloche-de-280-mm\/","title":{"rendered":"Planche ronde en bois d&rsquo;acacia pour cloche de 280 mm"},"content":{"rendered":"<p>Servez des aliments de buffet avec les planches rondes en bois d&rsquo;acacia d&rsquo;Olympia. Parfaites pour les fromages, les canap\u00e9s, les amuse-bouches et les parts de g\u00e2teau, leur conception facile \u00e0 nettoyer convient aux environnements anim\u00e9s. Associez-les \u00e0 un d\u00f4me de 240\/280mm pour garder les aliments frais.<\/p>\n<p>\u2022 Ne convient pas aux aliments humides ou gras<br \/>\u2022 Poids 885g<br \/>\u2022 Associer avec une cloche de 280mm pour garder les aliments frais<br \/>\u2022 Fabriqu\u00e9 en bois d&rsquo;acacia naturel pour un look charmant et rustique<br \/>\u2022 Design facile \u00e0 nettoyer assurant une rotation rapide du mat\u00e9riel de pr\u00e9sentation<br \/>\u2022 Le design naturel met en valeur vos ingr\u00e9dients<\/p>\n<p><b><u>Caract\u00e9ristiques du produit :<\/u><\/b><br \/>\u2022 Dim. : 330(\u00d8) x 20(H)mm<br \/>\u2022 Mati\u00e8re : Bois d&rsquo;acacia<br \/>\u2022 Poids : 885 g.<\/p>\n","protected":false},"excerpt":{"rendered":"<p>330(\u00d8)x20(H)mm. Convient pour une cloche de 280(\u00d8)mm<\/p>\n","protected":false},"featured_media":109142,"comment_status":"open","ping_status":"closed","template":"","meta":[],"product_brand":[],"product_cat":[1277,1297],"product_tag":[],"class_list":{"0":"post-111582","1":"product","2":"type-product","3":"status-publish","4":"has-post-thumbnail","6":"product_cat-divers-principal","7":"product_cat-non-palettisable","8":"product_shipping_class-free-shipping","10":"first","11":"instock","12":"featured","13":"taxable","14":"shipping-taxable","15":"purchasable","16":"product-type-simple"},"_links":{"self":[{"href":"https:\/\/abinox-chr-clim.com\/index.php\/wp-json\/wp\/v2\/product\/111582","targetHints":{"allow":["GET"]}}],"collection":[{"href":"https:\/\/abinox-chr-clim.com\/index.php\/wp-json\/wp\/v2\/product"}],"about":[{"href":"https:\/\/abinox-chr-clim.com\/index.php\/wp-json\/wp\/v2\/types\/product"}],"replies":[{"embeddable":true,"href":"https:\/\/abinox-chr-clim.com\/index.php\/wp-json\/wp\/v2\/comments?post=111582"}],"wp:featuredmedia":[{"embeddable":true,"href":"https:\/\/abinox-chr-clim.com\/index.php\/wp-json\/wp\/v2\/media\/109142"}],"wp:attachment":[{"href":"https:\/\/abinox-chr-clim.com\/index.php\/wp-json\/wp\/v2\/media?parent=111582"}],"wp:term":[{"taxonomy":"product_brand","embeddable":true,"href":"https:\/\/abinox-chr-clim.com\/index.php\/wp-json\/wp\/v2\/product_brand?post=111582"},{"taxonomy":"product_cat","embeddable":true,"href":"https:\/\/abinox-chr-clim.com\/index.php\/wp-json\/wp\/v2\/product_cat?post=111582"},{"taxonomy":"product_tag","embeddable":true,"href":"https:\/\/abinox-chr-clim.com\/index.php\/wp-json\/wp\/v2\/product_tag?post=111582"}],"curies":[{"name":"wp","href":"https:\/\/api.w.org\/{rel}","templated":true}]}}