{"id":111580,"date":"2025-05-29T12:44:58","date_gmt":"2025-05-29T10:44:58","guid":{"rendered":"https:\/\/abinox-chr-clim.com\/index.php\/product\/organisateur-de-gobelets-jetables-en-bois-dhevea-olympia-340x120x240mm\/"},"modified":"2026-02-18T10:50:31","modified_gmt":"2026-02-18T09:50:31","slug":"organisateur-de-gobelets-jetables-en-bois-dhevea-olympia-340x120x240mm","status":"publish","type":"product","link":"https:\/\/abinox-chr-clim.com\/index.php\/product\/organisateur-de-gobelets-jetables-en-bois-dhevea-olympia-340x120x240mm\/","title":{"rendered":"Organisateur de gobelets jetables en bois d&rsquo;h\u00e9v\u00e9a Olympia 340x120x240mm"},"content":{"rendered":"<p>Gardez vos gobelets jetables bien organis\u00e9s et facilement accessibles avec ce porte-gobelets en bois. Con\u00e7u pour les caf\u00e9s anim\u00e9s, les sandwicheries et les salles de pause de bureau, l&rsquo;organisateur garantit que les gobelets sont toujours \u00e0 port\u00e9e de main pour un service rapide et efficace.<\/p>\n<p>\u2022 Garde les gobelets en papier bien empil\u00e9s et organis\u00e9s<br \/>\u2022 Design \u00e0 ouverture frontale pour un acc\u00e8s facile et des recharges rapides<br \/>\u2022 Id\u00e9al pour les zones \u00e0 fort trafic pour assurer un service fluide<br \/>\u2022 Design naturel ajoutant une touche rustique charmante<\/p>\n<p><b><u>Caract\u00e9ristiques du produit :<\/u><\/b><br \/>\u2022 Dim. : 340(L)x120(P)x240(H)mm<br \/>\u2022 Couleur : Bois.<\/p>\n","protected":false},"excerpt":{"rendered":"<p>340(L)x120(P)x240(H)mm. Mat\u00e9riel : Bois d&rsquo;h\u00e9v\u00e9a<\/p>\n","protected":false},"featured_media":107256,"comment_status":"open","ping_status":"closed","template":"","meta":[],"product_brand":[],"product_cat":[1277,1297],"product_tag":[],"class_list":{"0":"post-111580","1":"product","2":"type-product","3":"status-publish","4":"has-post-thumbnail","6":"product_cat-divers-principal","7":"product_cat-non-palettisable","8":"product_shipping_class-free-shipping","10":"first","11":"outofstock","12":"featured","13":"taxable","14":"shipping-taxable","15":"purchasable","16":"product-type-simple"},"_links":{"self":[{"href":"https:\/\/abinox-chr-clim.com\/index.php\/wp-json\/wp\/v2\/product\/111580","targetHints":{"allow":["GET"]}}],"collection":[{"href":"https:\/\/abinox-chr-clim.com\/index.php\/wp-json\/wp\/v2\/product"}],"about":[{"href":"https:\/\/abinox-chr-clim.com\/index.php\/wp-json\/wp\/v2\/types\/product"}],"replies":[{"embeddable":true,"href":"https:\/\/abinox-chr-clim.com\/index.php\/wp-json\/wp\/v2\/comments?post=111580"}],"wp:featuredmedia":[{"embeddable":true,"href":"https:\/\/abinox-chr-clim.com\/index.php\/wp-json\/wp\/v2\/media\/107256"}],"wp:attachment":[{"href":"https:\/\/abinox-chr-clim.com\/index.php\/wp-json\/wp\/v2\/media?parent=111580"}],"wp:term":[{"taxonomy":"product_brand","embeddable":true,"href":"https:\/\/abinox-chr-clim.com\/index.php\/wp-json\/wp\/v2\/product_brand?post=111580"},{"taxonomy":"product_cat","embeddable":true,"href":"https:\/\/abinox-chr-clim.com\/index.php\/wp-json\/wp\/v2\/product_cat?post=111580"},{"taxonomy":"product_tag","embeddable":true,"href":"https:\/\/abinox-chr-clim.com\/index.php\/wp-json\/wp\/v2\/product_tag?post=111580"}],"curies":[{"name":"wp","href":"https:\/\/api.w.org\/{rel}","templated":true}]}}