{"id":111577,"date":"2025-05-29T12:44:51","date_gmt":"2025-05-29T10:44:51","guid":{"rendered":"https:\/\/abinox-chr-clim.com\/index.php\/product\/ensemble-pelle-et-balayette-robuste-jantex\/"},"modified":"2026-04-14T11:30:27","modified_gmt":"2026-04-14T09:30:27","slug":"ensemble-pelle-et-balayette-robuste-jantex","status":"publish","type":"product","link":"https:\/\/abinox-chr-clim.com\/index.php\/product\/ensemble-pelle-et-balayette-robuste-jantex\/","title":{"rendered":"Ensemble pelle et balayette robuste Jantex"},"content":{"rendered":"<p>Rel\u00e8ve les d\u00e9fis de nettoyage difficiles avec les ensembles de porte-poussi\u00e8re et balayette Jantex haute r\u00e9sistance. Con\u00e7us pour la durabilit\u00e9, ils collectent efficacement la poussi\u00e8re et les d\u00e9bris, rendant le nettoyage rapide et facile.<\/p>\n<p>\u2022 Con\u00e7u pour un usage intensif, id\u00e9al pour ramasser des d\u00e9bris plus lourds comme le verre<br \/>\u2022 La pelle dispose d&rsquo;un rebord sur\u00e9lev\u00e9 et d&rsquo;un bord caoutchout\u00e9 pour un contact coll\u00e9 au sol<br \/>\u2022 Rend les t\u00e2ches de nettoyage plus rapides et plus efficaces<\/p>\n<p><b><u>Caract\u00e9ristiques du produit :<\/u><\/b><br \/>\u2022 Dim. : 111(H) x 425(L) x 312(P) mm<br \/>\u2022 Mati\u00e8re : Polypropyl\u00e8ne<br \/>\u2022 Couleur : Noir.<\/p>\n","protected":false},"excerpt":{"rendered":"<p>425(L)x312(P)mm. Convient pour usage intensif<\/p>\n","protected":false},"featured_media":107255,"comment_status":"open","ping_status":"closed","template":"","meta":[],"product_brand":[],"product_cat":[1227,1297,1232,1216],"product_tag":[],"class_list":{"0":"post-111577","1":"product","2":"type-product","3":"status-publish","4":"has-post-thumbnail","6":"product_cat-nettoyage","7":"product_cat-non-palettisable","8":"product_cat-seaux-de-lavage-et-balais-brosse","9":"product_cat-usage-unique-et-entretien","10":"product_shipping_class-free-shipping","12":"first","13":"instock","14":"featured","15":"taxable","16":"shipping-taxable","17":"purchasable","18":"product-type-simple"},"_links":{"self":[{"href":"https:\/\/abinox-chr-clim.com\/index.php\/wp-json\/wp\/v2\/product\/111577","targetHints":{"allow":["GET"]}}],"collection":[{"href":"https:\/\/abinox-chr-clim.com\/index.php\/wp-json\/wp\/v2\/product"}],"about":[{"href":"https:\/\/abinox-chr-clim.com\/index.php\/wp-json\/wp\/v2\/types\/product"}],"replies":[{"embeddable":true,"href":"https:\/\/abinox-chr-clim.com\/index.php\/wp-json\/wp\/v2\/comments?post=111577"}],"wp:featuredmedia":[{"embeddable":true,"href":"https:\/\/abinox-chr-clim.com\/index.php\/wp-json\/wp\/v2\/media\/107255"}],"wp:attachment":[{"href":"https:\/\/abinox-chr-clim.com\/index.php\/wp-json\/wp\/v2\/media?parent=111577"}],"wp:term":[{"taxonomy":"product_brand","embeddable":true,"href":"https:\/\/abinox-chr-clim.com\/index.php\/wp-json\/wp\/v2\/product_brand?post=111577"},{"taxonomy":"product_cat","embeddable":true,"href":"https:\/\/abinox-chr-clim.com\/index.php\/wp-json\/wp\/v2\/product_cat?post=111577"},{"taxonomy":"product_tag","embeddable":true,"href":"https:\/\/abinox-chr-clim.com\/index.php\/wp-json\/wp\/v2\/product_tag?post=111577"}],"curies":[{"name":"wp","href":"https:\/\/api.w.org\/{rel}","templated":true}]}}