{"id":111576,"date":"2025-05-29T12:44:49","date_gmt":"2025-05-29T10:44:49","guid":{"rendered":"https:\/\/abinox-chr-clim.com\/index.php\/product\/set-balai-et-manche-robuste-avec-raclette-jantex-1677mm\/"},"modified":"2026-04-14T11:30:26","modified_gmt":"2026-04-14T09:30:26","slug":"set-balai-et-manche-robuste-avec-raclette-jantex-1677mm","status":"publish","type":"product","link":"https:\/\/abinox-chr-clim.com\/index.php\/product\/set-balai-et-manche-robuste-avec-raclette-jantex-1677mm\/","title":{"rendered":"Set balai et manche robuste avec raclette Jantex 1677mm"},"content":{"rendered":"<p>\u2022 Balai et raclette tout en un<br \/>\u2022 Convient \u00e0 tous les types de sols, y compris la pierre et le stratifi\u00e9<br \/>\u2022 Permet au personnel de nettoyer sans interruption d&rsquo;une pi\u00e8ce \u00e0 l&rsquo;autre sans changer d&rsquo;\u00e9quipement<br \/>\u2022 Sa construction durable le rend id\u00e9al pour une utilisation en ext\u00e9rieur<\/p>\n<p><b><u>Caract\u00e9ristiques du produit :<\/u><\/b><br \/>\u2022 Dim. : 1677(H) x 670(L) mm<br \/>\u2022 Mati\u00e8re : Acier<br \/>\u2022 Couleur : Noir.<\/p>\n","protected":false},"excerpt":{"rendered":"<p>Longueur de 1677mm. Convient pour un usage intensif. Inclus une raclette<\/p>\n","protected":false},"featured_media":107254,"comment_status":"open","ping_status":"closed","template":"","meta":[],"product_brand":[],"product_cat":[1227,1297,1232,1216],"product_tag":[],"class_list":{"0":"post-111576","1":"product","2":"type-product","3":"status-publish","4":"has-post-thumbnail","6":"product_cat-nettoyage","7":"product_cat-non-palettisable","8":"product_cat-seaux-de-lavage-et-balais-brosse","9":"product_cat-usage-unique-et-entretien","10":"product_shipping_class-free-shipping","12":"first","13":"instock","14":"featured","15":"taxable","16":"shipping-taxable","17":"purchasable","18":"product-type-simple"},"_links":{"self":[{"href":"https:\/\/abinox-chr-clim.com\/index.php\/wp-json\/wp\/v2\/product\/111576","targetHints":{"allow":["GET"]}}],"collection":[{"href":"https:\/\/abinox-chr-clim.com\/index.php\/wp-json\/wp\/v2\/product"}],"about":[{"href":"https:\/\/abinox-chr-clim.com\/index.php\/wp-json\/wp\/v2\/types\/product"}],"replies":[{"embeddable":true,"href":"https:\/\/abinox-chr-clim.com\/index.php\/wp-json\/wp\/v2\/comments?post=111576"}],"wp:featuredmedia":[{"embeddable":true,"href":"https:\/\/abinox-chr-clim.com\/index.php\/wp-json\/wp\/v2\/media\/107254"}],"wp:attachment":[{"href":"https:\/\/abinox-chr-clim.com\/index.php\/wp-json\/wp\/v2\/media?parent=111576"}],"wp:term":[{"taxonomy":"product_brand","embeddable":true,"href":"https:\/\/abinox-chr-clim.com\/index.php\/wp-json\/wp\/v2\/product_brand?post=111576"},{"taxonomy":"product_cat","embeddable":true,"href":"https:\/\/abinox-chr-clim.com\/index.php\/wp-json\/wp\/v2\/product_cat?post=111576"},{"taxonomy":"product_tag","embeddable":true,"href":"https:\/\/abinox-chr-clim.com\/index.php\/wp-json\/wp\/v2\/product_tag?post=111576"}],"curies":[{"name":"wp","href":"https:\/\/api.w.org\/{rel}","templated":true}]}}