{"id":111574,"date":"2025-05-29T12:44:45","date_gmt":"2025-05-29T10:44:45","guid":{"rendered":"https:\/\/abinox-chr-clim.com\/index.php\/product\/verres-hauts-utopia-symphony-300-ml-lot-de-24\/"},"modified":"2026-04-15T10:50:53","modified_gmt":"2026-04-15T08:50:53","slug":"verres-hauts-utopia-symphony-300-ml-lot-de-24","status":"publish","type":"product","link":"https:\/\/abinox-chr-clim.com\/index.php\/product\/verres-hauts-utopia-symphony-300-ml-lot-de-24\/","title":{"rendered":"Verres hauts Utopia Symphony 300 ml (lot de 24)"},"content":{"rendered":"<p>Avec l&rsquo;aspect haut de gamme du verre en cristal et la r\u00e9silience et la fonctionnalit\u00e9 du verre sodocalcique fabriqu\u00e9 \u00e0 la machine, ces verres \u00e0 long drink de 300 ml de la collection Symphony d&rsquo;Utopia \u00e9l\u00e8vent n&rsquo;importe quel service de bar ou de table. Les verres pr\u00e9sentent un design extravagant qui offre un aspect haut de gamme \u00e0 votre \u00e9tablissement. Et gr\u00e2ce \u00e0 leur conception lavable au lave-vaisselle, chaque pi\u00e8ce se nettoie rapidement et facilement.<\/p>\n<p>\u2022 Le verre sodocalcique offre une excellente clart\u00e9 pour mettre en valeur vos boissons<br \/>\u2022 Passe au lave-vaisselle pour un nettoyage efficace<\/p>\n<p><b><u>Caract\u00e9ristiques du produit :<\/u><\/b><br \/>\u2022 Lot : 24.0.<\/p>\n","protected":false},"excerpt":{"rendered":"<p>Lot de 24<\/p>\n","protected":false},"featured_media":105727,"comment_status":"open","ping_status":"closed","template":"","meta":[],"product_brand":[],"product_cat":[1023,1297,1062,1051],"product_tag":[],"class_list":{"0":"post-111574","1":"product","2":"type-product","3":"status-publish","4":"has-post-thumbnail","6":"product_cat-art-de-la-table","7":"product_cat-non-palettisable","8":"product_cat-shooters-et-cocktails","9":"product_cat-verrerie","10":"product_shipping_class-free-shipping","12":"first","13":"outofstock","14":"featured","15":"taxable","16":"shipping-taxable","17":"purchasable","18":"product-type-simple"},"_links":{"self":[{"href":"https:\/\/abinox-chr-clim.com\/index.php\/wp-json\/wp\/v2\/product\/111574","targetHints":{"allow":["GET"]}}],"collection":[{"href":"https:\/\/abinox-chr-clim.com\/index.php\/wp-json\/wp\/v2\/product"}],"about":[{"href":"https:\/\/abinox-chr-clim.com\/index.php\/wp-json\/wp\/v2\/types\/product"}],"replies":[{"embeddable":true,"href":"https:\/\/abinox-chr-clim.com\/index.php\/wp-json\/wp\/v2\/comments?post=111574"}],"wp:featuredmedia":[{"embeddable":true,"href":"https:\/\/abinox-chr-clim.com\/index.php\/wp-json\/wp\/v2\/media\/105727"}],"wp:attachment":[{"href":"https:\/\/abinox-chr-clim.com\/index.php\/wp-json\/wp\/v2\/media?parent=111574"}],"wp:term":[{"taxonomy":"product_brand","embeddable":true,"href":"https:\/\/abinox-chr-clim.com\/index.php\/wp-json\/wp\/v2\/product_brand?post=111574"},{"taxonomy":"product_cat","embeddable":true,"href":"https:\/\/abinox-chr-clim.com\/index.php\/wp-json\/wp\/v2\/product_cat?post=111574"},{"taxonomy":"product_tag","embeddable":true,"href":"https:\/\/abinox-chr-clim.com\/index.php\/wp-json\/wp\/v2\/product_tag?post=111574"}],"curies":[{"name":"wp","href":"https:\/\/api.w.org\/{rel}","templated":true}]}}