{"id":111573,"date":"2025-05-29T12:44:43","date_gmt":"2025-05-29T10:44:43","guid":{"rendered":"https:\/\/abinox-chr-clim.com\/index.php\/product\/verres-hauts-utopia-symphony-450-ml-lot-de-24\/"},"modified":"2026-04-15T10:50:52","modified_gmt":"2026-04-15T08:50:52","slug":"verres-hauts-utopia-symphony-450-ml-lot-de-24","status":"publish","type":"product","link":"https:\/\/abinox-chr-clim.com\/index.php\/product\/verres-hauts-utopia-symphony-450-ml-lot-de-24\/","title":{"rendered":"Verres hauts Utopia Symphony 450 ml (lot de 24)"},"content":{"rendered":"<p>Avec l&rsquo;apparence haut de gamme du verre en cristal et la r\u00e9silience et la fonctionnalit\u00e9 du verre soda-lime fabriqu\u00e9 \u00e0 la machine, ces verres hiball de 450 ml de la collection Symphony de Utopia rehaussent tout service de bar ou de table. Les verres pr\u00e9sentent un design extravagant qui conf\u00e8re une allure haut de gamme \u00e0 votre \u00e9tablissement. Et gr\u00e2ce \u00e0 leur conception compatible lave-vaisselle, chaque pi\u00e8ce est rapide et facile \u00e0 nettoyer.<\/p>\n<p>\u2022 Le verre sodocalcique offre une excellente clart\u00e9 pour mettre en valeur vos boissons<br \/>\u2022 Passe au lave-vaisselle pour un nettoyage efficace<\/p>\n<p><b><u>Caract\u00e9ristiques du produit :<\/u><\/b><br \/>\u2022 Lot : 24.0.<\/p>\n","protected":false},"excerpt":{"rendered":"<p>Lot de 24<\/p>\n","protected":false},"featured_media":106616,"comment_status":"open","ping_status":"closed","template":"","meta":[],"product_brand":[],"product_cat":[1023,1055,1297,1051],"product_tag":[],"class_list":{"0":"post-111573","1":"product","2":"type-product","3":"status-publish","4":"has-post-thumbnail","6":"product_cat-art-de-la-table","7":"product_cat-chopes-et-gobelets","8":"product_cat-non-palettisable","9":"product_cat-verrerie","10":"product_shipping_class-free-shipping","12":"first","13":"outofstock","14":"featured","15":"taxable","16":"shipping-taxable","17":"purchasable","18":"product-type-simple"},"_links":{"self":[{"href":"https:\/\/abinox-chr-clim.com\/index.php\/wp-json\/wp\/v2\/product\/111573","targetHints":{"allow":["GET"]}}],"collection":[{"href":"https:\/\/abinox-chr-clim.com\/index.php\/wp-json\/wp\/v2\/product"}],"about":[{"href":"https:\/\/abinox-chr-clim.com\/index.php\/wp-json\/wp\/v2\/types\/product"}],"replies":[{"embeddable":true,"href":"https:\/\/abinox-chr-clim.com\/index.php\/wp-json\/wp\/v2\/comments?post=111573"}],"wp:featuredmedia":[{"embeddable":true,"href":"https:\/\/abinox-chr-clim.com\/index.php\/wp-json\/wp\/v2\/media\/106616"}],"wp:attachment":[{"href":"https:\/\/abinox-chr-clim.com\/index.php\/wp-json\/wp\/v2\/media?parent=111573"}],"wp:term":[{"taxonomy":"product_brand","embeddable":true,"href":"https:\/\/abinox-chr-clim.com\/index.php\/wp-json\/wp\/v2\/product_brand?post=111573"},{"taxonomy":"product_cat","embeddable":true,"href":"https:\/\/abinox-chr-clim.com\/index.php\/wp-json\/wp\/v2\/product_cat?post=111573"},{"taxonomy":"product_tag","embeddable":true,"href":"https:\/\/abinox-chr-clim.com\/index.php\/wp-json\/wp\/v2\/product_tag?post=111573"}],"curies":[{"name":"wp","href":"https:\/\/api.w.org\/{rel}","templated":true}]}}