{"id":111570,"date":"2025-05-29T12:44:37","date_gmt":"2025-05-29T10:44:37","guid":{"rendered":"https:\/\/abinox-chr-clim.com\/index.php\/product\/gobelets-utopia-london-330-ml-lot-de-24\/"},"modified":"2026-04-15T10:50:50","modified_gmt":"2026-04-15T08:50:50","slug":"gobelets-utopia-london-330-ml-lot-de-24","status":"publish","type":"product","link":"https:\/\/abinox-chr-clim.com\/index.php\/product\/gobelets-utopia-london-330-ml-lot-de-24\/","title":{"rendered":"Gobelets Utopia London 330 ml (lot de 24)"},"content":{"rendered":"<p>Confectionn\u00e9 avec soin par Crown Glassware, le tumbler de 330ml de Londres avec un design en relief offre un aspect unique et haut de gamme \u00e0 tout devant de maison. Fabriqu\u00e9 en verre sodocalcique, chaque verre b\u00e9n\u00e9ficie d&rsquo;une excellente clart\u00e9 qui met en valeur l&rsquo;aspect de vos boissons pr\u00e9f\u00e9r\u00e9es. Et gr\u00e2ce \u00e0 son design compatible lave-vaisselle, chaque pi\u00e8ce est rapide et facile \u00e0 nettoyer.<\/p>\n<p>\u2022 Le verre sodocalcique offre une excellente clart\u00e9 pour mettre en valeur vos boissons<br \/>\u2022 Des lignes caract\u00e9ristiques frappantes offrent un look unique<br \/>\u2022 Passe au lave-vaisselle pour un nettoyage efficace<\/p>\n<p><b><u>Caract\u00e9ristiques du produit :<\/u><\/b><br \/>\u2022 Lot : 24.0.<\/p>\n","protected":false},"excerpt":{"rendered":"<p>Lot de 24<\/p>\n","protected":false},"featured_media":107718,"comment_status":"open","ping_status":"closed","template":"","meta":[],"product_brand":[],"product_cat":[1023,1055,1297,1051],"product_tag":[],"class_list":{"0":"post-111570","1":"product","2":"type-product","3":"status-publish","4":"has-post-thumbnail","6":"product_cat-art-de-la-table","7":"product_cat-chopes-et-gobelets","8":"product_cat-non-palettisable","9":"product_cat-verrerie","10":"product_shipping_class-free-shipping","12":"first","13":"outofstock","14":"featured","15":"taxable","16":"shipping-taxable","17":"purchasable","18":"product-type-simple"},"_links":{"self":[{"href":"https:\/\/abinox-chr-clim.com\/index.php\/wp-json\/wp\/v2\/product\/111570","targetHints":{"allow":["GET"]}}],"collection":[{"href":"https:\/\/abinox-chr-clim.com\/index.php\/wp-json\/wp\/v2\/product"}],"about":[{"href":"https:\/\/abinox-chr-clim.com\/index.php\/wp-json\/wp\/v2\/types\/product"}],"replies":[{"embeddable":true,"href":"https:\/\/abinox-chr-clim.com\/index.php\/wp-json\/wp\/v2\/comments?post=111570"}],"wp:featuredmedia":[{"embeddable":true,"href":"https:\/\/abinox-chr-clim.com\/index.php\/wp-json\/wp\/v2\/media\/107718"}],"wp:attachment":[{"href":"https:\/\/abinox-chr-clim.com\/index.php\/wp-json\/wp\/v2\/media?parent=111570"}],"wp:term":[{"taxonomy":"product_brand","embeddable":true,"href":"https:\/\/abinox-chr-clim.com\/index.php\/wp-json\/wp\/v2\/product_brand?post=111570"},{"taxonomy":"product_cat","embeddable":true,"href":"https:\/\/abinox-chr-clim.com\/index.php\/wp-json\/wp\/v2\/product_cat?post=111570"},{"taxonomy":"product_tag","embeddable":true,"href":"https:\/\/abinox-chr-clim.com\/index.php\/wp-json\/wp\/v2\/product_tag?post=111570"}],"curies":[{"name":"wp","href":"https:\/\/api.w.org\/{rel}","templated":true}]}}