{"id":111569,"date":"2025-05-29T12:44:35","date_gmt":"2025-05-29T10:44:35","guid":{"rendered":"https:\/\/abinox-chr-clim.com\/index.php\/product\/chopes-utopia-london-350-ml-lot-de-24\/"},"modified":"2026-04-15T10:50:49","modified_gmt":"2026-04-15T08:50:49","slug":"chopes-utopia-london-350-ml-lot-de-24","status":"publish","type":"product","link":"https:\/\/abinox-chr-clim.com\/index.php\/product\/chopes-utopia-london-350-ml-lot-de-24\/","title":{"rendered":"Chopes Utopia London 350 ml (lot de 24)"},"content":{"rendered":"<p>Fabriqu\u00e9 avec ma\u00eetrise par Crown Glassware, les verres hiball London de 350ml avec un design en relief offrent un look unique et haut de gamme pour n&rsquo;importe quelle devanture. Fabriqu\u00e9 en verre de chaux sodique, chaque verre b\u00e9n\u00e9ficie d&rsquo;une excellente clart\u00e9 qui aide \u00e0 mettre en valeur l&rsquo;apparence de vos boissons pr\u00e9f\u00e9r\u00e9es. Et gr\u00e2ce au design compatible avec le lave-vaisselle, chaque pi\u00e8ce est rapide et facile \u00e0 nettoyer.<\/p>\n<p>\u2022 Le verre sodocalcique offre une excellente clart\u00e9 pour mettre en valeur vos boissons<br \/>\u2022 Des lignes caract\u00e9ristiques frappantes offrent un look unique<br \/>\u2022 Passe au lave-vaisselle pour un nettoyage efficace<\/p>\n<p><b><u>Caract\u00e9ristiques du produit :<\/u><\/b><br \/>\u2022 Lot : 24.0.<\/p>\n","protected":false},"excerpt":{"rendered":"<p>Lot de 24<\/p>\n","protected":false},"featured_media":106440,"comment_status":"open","ping_status":"closed","template":"","meta":[],"product_brand":[],"product_cat":[1023,1055,1297,1051],"product_tag":[],"class_list":{"0":"post-111569","1":"product","2":"type-product","3":"status-publish","4":"has-post-thumbnail","6":"product_cat-art-de-la-table","7":"product_cat-chopes-et-gobelets","8":"product_cat-non-palettisable","9":"product_cat-verrerie","10":"product_shipping_class-free-shipping","12":"first","13":"outofstock","14":"featured","15":"taxable","16":"shipping-taxable","17":"purchasable","18":"product-type-simple"},"_links":{"self":[{"href":"https:\/\/abinox-chr-clim.com\/index.php\/wp-json\/wp\/v2\/product\/111569","targetHints":{"allow":["GET"]}}],"collection":[{"href":"https:\/\/abinox-chr-clim.com\/index.php\/wp-json\/wp\/v2\/product"}],"about":[{"href":"https:\/\/abinox-chr-clim.com\/index.php\/wp-json\/wp\/v2\/types\/product"}],"replies":[{"embeddable":true,"href":"https:\/\/abinox-chr-clim.com\/index.php\/wp-json\/wp\/v2\/comments?post=111569"}],"wp:featuredmedia":[{"embeddable":true,"href":"https:\/\/abinox-chr-clim.com\/index.php\/wp-json\/wp\/v2\/media\/106440"}],"wp:attachment":[{"href":"https:\/\/abinox-chr-clim.com\/index.php\/wp-json\/wp\/v2\/media?parent=111569"}],"wp:term":[{"taxonomy":"product_brand","embeddable":true,"href":"https:\/\/abinox-chr-clim.com\/index.php\/wp-json\/wp\/v2\/product_brand?post=111569"},{"taxonomy":"product_cat","embeddable":true,"href":"https:\/\/abinox-chr-clim.com\/index.php\/wp-json\/wp\/v2\/product_cat?post=111569"},{"taxonomy":"product_tag","embeddable":true,"href":"https:\/\/abinox-chr-clim.com\/index.php\/wp-json\/wp\/v2\/product_tag?post=111569"}],"curies":[{"name":"wp","href":"https:\/\/api.w.org\/{rel}","templated":true}]}}