{"id":111565,"date":"2025-05-29T12:44:26","date_gmt":"2025-05-29T10:44:26","guid":{"rendered":"https:\/\/abinox-chr-clim.com\/index.php\/product\/verres-a-vin-utopia-summit-350-ml-lot-de-24\/"},"modified":"2026-04-15T10:50:45","modified_gmt":"2026-04-15T08:50:45","slug":"verres-a-vin-utopia-summit-350-ml-lot-de-24","status":"publish","type":"product","link":"https:\/\/abinox-chr-clim.com\/index.php\/product\/verres-a-vin-utopia-summit-350-ml-lot-de-24\/","title":{"rendered":"Verres \u00e0 vin Utopia Summit 350 ml (lot de 24)"},"content":{"rendered":"<p>Pr\u00e9sentez des verreries \u00e9l\u00e9gantes et pratiques \u00e0 vos services avec les verres \u00e0 vin de 350 ml de la gamme Summit de Utopia. Fabriqu\u00e9s en verre de soude, ces verres \u00e0 vin b\u00e9n\u00e9ficient d&rsquo;une excellente clart\u00e9 qui met en valeur vos rouges pr\u00e9f\u00e9r\u00e9s. Gr\u00e2ce \u00e0 leurs bols inclin\u00e9s, ces verres \u00e0 vin permettent d&rsquo;a\u00e9rer le vin &#8211; am\u00e9liorant \u00e0 la fois l&rsquo;ar\u00f4me et la saveur.<\/p>\n<p>\u2022 Le verre sodocalcique offre une excellente clart\u00e9 pour mettre en valeur vos boissons<br \/>\u2022 Bols inclin\u00e9s et \u00e9l\u00e9gants pour une touche d&rsquo;\u00e9l\u00e9gance suppl\u00e9mentaire<br \/>\u2022 Passe au lave-vaisselle pour un nettoyage efficace<\/p>\n<p><b><u>Caract\u00e9ristiques du produit :<\/u><\/b><br \/>\u2022 Lot : 24.0.<\/p>\n","protected":false},"excerpt":{"rendered":"<p>Quantit\u00e9 par paquet : 24<\/p>\n","protected":false},"featured_media":106297,"comment_status":"open","ping_status":"closed","template":"","meta":[],"product_brand":[],"product_cat":[1023,1297,1051,1063],"product_tag":[],"class_list":{"0":"post-111565","1":"product","2":"type-product","3":"status-publish","4":"has-post-thumbnail","6":"product_cat-art-de-la-table","7":"product_cat-non-palettisable","8":"product_cat-verrerie","9":"product_cat-vin","10":"product_shipping_class-free-shipping","12":"first","13":"outofstock","14":"featured","15":"taxable","16":"shipping-taxable","17":"purchasable","18":"product-type-simple"},"_links":{"self":[{"href":"https:\/\/abinox-chr-clim.com\/index.php\/wp-json\/wp\/v2\/product\/111565","targetHints":{"allow":["GET"]}}],"collection":[{"href":"https:\/\/abinox-chr-clim.com\/index.php\/wp-json\/wp\/v2\/product"}],"about":[{"href":"https:\/\/abinox-chr-clim.com\/index.php\/wp-json\/wp\/v2\/types\/product"}],"replies":[{"embeddable":true,"href":"https:\/\/abinox-chr-clim.com\/index.php\/wp-json\/wp\/v2\/comments?post=111565"}],"wp:featuredmedia":[{"embeddable":true,"href":"https:\/\/abinox-chr-clim.com\/index.php\/wp-json\/wp\/v2\/media\/106297"}],"wp:attachment":[{"href":"https:\/\/abinox-chr-clim.com\/index.php\/wp-json\/wp\/v2\/media?parent=111565"}],"wp:term":[{"taxonomy":"product_brand","embeddable":true,"href":"https:\/\/abinox-chr-clim.com\/index.php\/wp-json\/wp\/v2\/product_brand?post=111565"},{"taxonomy":"product_cat","embeddable":true,"href":"https:\/\/abinox-chr-clim.com\/index.php\/wp-json\/wp\/v2\/product_cat?post=111565"},{"taxonomy":"product_tag","embeddable":true,"href":"https:\/\/abinox-chr-clim.com\/index.php\/wp-json\/wp\/v2\/product_tag?post=111565"}],"curies":[{"name":"wp","href":"https:\/\/api.w.org\/{rel}","templated":true}]}}