{"id":111562,"date":"2025-05-29T12:44:20","date_gmt":"2025-05-29T10:44:20","guid":{"rendered":"https:\/\/abinox-chr-clim.com\/index.php\/product\/verres-a-hauts-utopia-summit-350-ml-lot-de-24\/"},"modified":"2026-04-15T10:50:44","modified_gmt":"2026-04-15T08:50:44","slug":"verres-a-hauts-utopia-summit-350-ml-lot-de-24","status":"publish","type":"product","link":"https:\/\/abinox-chr-clim.com\/index.php\/product\/verres-a-hauts-utopia-summit-350-ml-lot-de-24\/","title":{"rendered":"Verres \u00e0 hauts Utopia Summit 350 ml (lot de 24)"},"content":{"rendered":"<p>Introduisez une verrerie \u00e9l\u00e9gante, pratique et durable dans votre collection avec ces verres longs de 350ml de la collection Summit d&rsquo;Utopia. Leurs bols inclin\u00e9s ajoutent non seulement un look unique et moderne \u00e0 votre table ou \u00e0 vos param\u00e8tres de bar, mais aident vos boissons \u00e0 lib\u00e9rer leur plein ar\u00f4me et saveur. Fabriqu\u00e9 en verre de soude, chaque pi\u00e8ce b\u00e9n\u00e9ficie d&rsquo;une excellente clart\u00e9 qui aide \u00e0 mettre en valeur l&rsquo;apparence de vos boissons pr\u00e9f\u00e9r\u00e9es.<\/p>\n<p>\u2022 Le verre sodocalcique offre une excellente clart\u00e9 pour mettre en valeur vos boissons<br \/>\u2022 Bols inclin\u00e9s et \u00e9l\u00e9gants pour une touche d&rsquo;\u00e9l\u00e9gance suppl\u00e9mentaire<br \/>\u2022 Passe au lave-vaisselle pour un nettoyage efficace<\/p>\n<p><b><u>Caract\u00e9ristiques du produit :<\/u><\/b><br \/>\u2022 Lot : 24.0.<\/p>\n","protected":false},"excerpt":{"rendered":"<p>Quantit\u00e9 par paquet : 24<\/p>\n","protected":false},"featured_media":109133,"comment_status":"open","ping_status":"closed","template":"","meta":[],"product_brand":[],"product_cat":[1023,1297,1062,1051],"product_tag":[],"class_list":{"0":"post-111562","1":"product","2":"type-product","3":"status-publish","4":"has-post-thumbnail","6":"product_cat-art-de-la-table","7":"product_cat-non-palettisable","8":"product_cat-shooters-et-cocktails","9":"product_cat-verrerie","10":"product_shipping_class-free-shipping","12":"first","13":"outofstock","14":"featured","15":"taxable","16":"shipping-taxable","17":"purchasable","18":"product-type-simple"},"_links":{"self":[{"href":"https:\/\/abinox-chr-clim.com\/index.php\/wp-json\/wp\/v2\/product\/111562","targetHints":{"allow":["GET"]}}],"collection":[{"href":"https:\/\/abinox-chr-clim.com\/index.php\/wp-json\/wp\/v2\/product"}],"about":[{"href":"https:\/\/abinox-chr-clim.com\/index.php\/wp-json\/wp\/v2\/types\/product"}],"replies":[{"embeddable":true,"href":"https:\/\/abinox-chr-clim.com\/index.php\/wp-json\/wp\/v2\/comments?post=111562"}],"wp:featuredmedia":[{"embeddable":true,"href":"https:\/\/abinox-chr-clim.com\/index.php\/wp-json\/wp\/v2\/media\/109133"}],"wp:attachment":[{"href":"https:\/\/abinox-chr-clim.com\/index.php\/wp-json\/wp\/v2\/media?parent=111562"}],"wp:term":[{"taxonomy":"product_brand","embeddable":true,"href":"https:\/\/abinox-chr-clim.com\/index.php\/wp-json\/wp\/v2\/product_brand?post=111562"},{"taxonomy":"product_cat","embeddable":true,"href":"https:\/\/abinox-chr-clim.com\/index.php\/wp-json\/wp\/v2\/product_cat?post=111562"},{"taxonomy":"product_tag","embeddable":true,"href":"https:\/\/abinox-chr-clim.com\/index.php\/wp-json\/wp\/v2\/product_tag?post=111562"}],"curies":[{"name":"wp","href":"https:\/\/api.w.org\/{rel}","templated":true}]}}