{"id":111560,"date":"2025-05-29T12:44:16","date_gmt":"2025-05-29T10:44:16","guid":{"rendered":"https:\/\/abinox-chr-clim.com\/index.php\/product\/gobelets-outline-utopia-385-ml-lot-de-6\/"},"modified":"2026-04-15T10:50:42","modified_gmt":"2026-04-15T08:50:42","slug":"gobelets-outline-utopia-385-ml-lot-de-6","status":"publish","type":"product","link":"https:\/\/abinox-chr-clim.com\/index.php\/product\/gobelets-outline-utopia-385-ml-lot-de-6\/","title":{"rendered":"Gobelets Outline Utopia 385 ml (lot de 6)"},"content":{"rendered":"<p>Ajoutez de l&rsquo;\u00e9l\u00e9gance et de la sophistication \u00e0 vos services de boissons avec ces gobelets de 385 ml de la gamme Outline de Utopia. Avec leur design intentionnellement fin, ils semblent aussi l\u00e9gers que l&rsquo;air tout en \u00e9tant suffisamment solides pour n&rsquo;importe quel environnement h\u00f4telier. Leur apparence simpliste rend les gobelets id\u00e9aux pour tout lieu &#8211; quel que soit le style de votre collection de verrerie actuelle.<\/p>\n<p>\u2022 Le verre borosilicate b\u00e9n\u00e9ficie d&rsquo;une excellente r\u00e9sistance \u00e0 l&rsquo;usure g\u00e9n\u00e9rale<br \/>\u2022 Volontairement fin pour un look sophistiqu\u00e9 et haut de gamme<\/p>\n<p><b><u>Caract\u00e9ristiques du produit :<\/u><\/b><br \/>\u2022 Lot : 6.0.<\/p>\n","protected":false},"excerpt":{"rendered":"<p>Quantit\u00e9 par paquet\u00a0: 6<\/p>\n","protected":false},"featured_media":109131,"comment_status":"open","ping_status":"closed","template":"","meta":[],"product_brand":[],"product_cat":[1023,1055,1297,1051],"product_tag":[],"class_list":{"0":"post-111560","1":"product","2":"type-product","3":"status-publish","4":"has-post-thumbnail","6":"product_cat-art-de-la-table","7":"product_cat-chopes-et-gobelets","8":"product_cat-non-palettisable","9":"product_cat-verrerie","10":"product_shipping_class-free-shipping","12":"first","13":"outofstock","14":"featured","15":"taxable","16":"shipping-taxable","17":"purchasable","18":"product-type-simple"},"_links":{"self":[{"href":"https:\/\/abinox-chr-clim.com\/index.php\/wp-json\/wp\/v2\/product\/111560","targetHints":{"allow":["GET"]}}],"collection":[{"href":"https:\/\/abinox-chr-clim.com\/index.php\/wp-json\/wp\/v2\/product"}],"about":[{"href":"https:\/\/abinox-chr-clim.com\/index.php\/wp-json\/wp\/v2\/types\/product"}],"replies":[{"embeddable":true,"href":"https:\/\/abinox-chr-clim.com\/index.php\/wp-json\/wp\/v2\/comments?post=111560"}],"wp:featuredmedia":[{"embeddable":true,"href":"https:\/\/abinox-chr-clim.com\/index.php\/wp-json\/wp\/v2\/media\/109131"}],"wp:attachment":[{"href":"https:\/\/abinox-chr-clim.com\/index.php\/wp-json\/wp\/v2\/media?parent=111560"}],"wp:term":[{"taxonomy":"product_brand","embeddable":true,"href":"https:\/\/abinox-chr-clim.com\/index.php\/wp-json\/wp\/v2\/product_brand?post=111560"},{"taxonomy":"product_cat","embeddable":true,"href":"https:\/\/abinox-chr-clim.com\/index.php\/wp-json\/wp\/v2\/product_cat?post=111560"},{"taxonomy":"product_tag","embeddable":true,"href":"https:\/\/abinox-chr-clim.com\/index.php\/wp-json\/wp\/v2\/product_tag?post=111560"}],"curies":[{"name":"wp","href":"https:\/\/api.w.org\/{rel}","templated":true}]}}