{"id":111558,"date":"2025-05-29T12:44:11","date_gmt":"2025-05-29T10:44:11","guid":{"rendered":"https:\/\/abinox-chr-clim.com\/index.php\/product\/verres-hauts-hayworth-utopia-370-ml-lot-de-6\/"},"modified":"2026-04-15T10:50:40","modified_gmt":"2026-04-15T08:50:40","slug":"verres-hauts-hayworth-utopia-370-ml-lot-de-6","status":"publish","type":"product","link":"https:\/\/abinox-chr-clim.com\/index.php\/product\/verres-hauts-hayworth-utopia-370-ml-lot-de-6\/","title":{"rendered":"Verres hauts Hayworth Utopia 370 ml (lot de 6)"},"content":{"rendered":"<p>Int\u00e9grez des verreries uniques et \u00e9l\u00e9gantes \u00e0 vos services avec les verres hiball Utopia Hayworth de 370ml. Ces verres sont synonymes d&rsquo;\u00e9l\u00e9gance intemporelle et d&rsquo;un look frais &#8211; de la forme effil\u00e9e \u00e0 la coupe pill\u00e9e. Chaque verre a un motif unique qui attire le regard, les rendant indispensables pour votre collection de verrerie.<\/p>\n<p>\u2022 Le verre sodocalcique fait \u00e0 la main b\u00e9n\u00e9ficie d&rsquo;une excellente clart\u00e9<br \/>\u2022 Le design intemporel s&rsquo;int\u00e8gre parfaitement dans n&rsquo;importe quel bar<br \/>\u2022 Le motif unique ajoute un style accrocheur<br \/>\u2022 Am\u00e9liorez votre exp\u00e9rience de consommation avec une \u00e9l\u00e9gance sans effort<\/p>\n<p><b><u>Caract\u00e9ristiques du produit :<\/u><\/b><br \/>\u2022 Lot : 6.0.<\/p>\n","protected":false},"excerpt":{"rendered":"<p>Quantit\u00e9 par paquet\u00a0: 6<\/p>\n","protected":false},"featured_media":106296,"comment_status":"open","ping_status":"closed","template":"","meta":[],"product_brand":[],"product_cat":[1023,1055,1297,1051],"product_tag":[],"class_list":{"0":"post-111558","1":"product","2":"type-product","3":"status-publish","4":"has-post-thumbnail","6":"product_cat-art-de-la-table","7":"product_cat-chopes-et-gobelets","8":"product_cat-non-palettisable","9":"product_cat-verrerie","10":"product_shipping_class-free-shipping","12":"first","13":"outofstock","14":"featured","15":"taxable","16":"shipping-taxable","17":"purchasable","18":"product-type-simple"},"_links":{"self":[{"href":"https:\/\/abinox-chr-clim.com\/index.php\/wp-json\/wp\/v2\/product\/111558","targetHints":{"allow":["GET"]}}],"collection":[{"href":"https:\/\/abinox-chr-clim.com\/index.php\/wp-json\/wp\/v2\/product"}],"about":[{"href":"https:\/\/abinox-chr-clim.com\/index.php\/wp-json\/wp\/v2\/types\/product"}],"replies":[{"embeddable":true,"href":"https:\/\/abinox-chr-clim.com\/index.php\/wp-json\/wp\/v2\/comments?post=111558"}],"wp:featuredmedia":[{"embeddable":true,"href":"https:\/\/abinox-chr-clim.com\/index.php\/wp-json\/wp\/v2\/media\/106296"}],"wp:attachment":[{"href":"https:\/\/abinox-chr-clim.com\/index.php\/wp-json\/wp\/v2\/media?parent=111558"}],"wp:term":[{"taxonomy":"product_brand","embeddable":true,"href":"https:\/\/abinox-chr-clim.com\/index.php\/wp-json\/wp\/v2\/product_brand?post=111558"},{"taxonomy":"product_cat","embeddable":true,"href":"https:\/\/abinox-chr-clim.com\/index.php\/wp-json\/wp\/v2\/product_cat?post=111558"},{"taxonomy":"product_tag","embeddable":true,"href":"https:\/\/abinox-chr-clim.com\/index.php\/wp-json\/wp\/v2\/product_tag?post=111558"}],"curies":[{"name":"wp","href":"https:\/\/api.w.org\/{rel}","templated":true}]}}