{"id":111557,"date":"2025-05-29T12:44:09","date_gmt":"2025-05-29T10:44:09","guid":{"rendered":"https:\/\/abinox-chr-clim.com\/index.php\/product\/verres-hauts-hayworth-utopia-480-ml-lot-de-6\/"},"modified":"2026-04-15T10:50:39","modified_gmt":"2026-04-15T08:50:39","slug":"verres-hauts-hayworth-utopia-480-ml-lot-de-6","status":"publish","type":"product","link":"https:\/\/abinox-chr-clim.com\/index.php\/product\/verres-hauts-hayworth-utopia-480-ml-lot-de-6\/","title":{"rendered":"Verres hauts Hayworth Utopia 480 ml (lot de 6)"},"content":{"rendered":"<p>Introduisez une verrerie unique et \u00e9l\u00e9gante \u00e0 vos services avec les verres hiball Utopia Hayworth de 480 ml. Ces verres incarnent l&rsquo;\u00e9l\u00e9gance intemporelle et un look frais &#8211; de la forme effil\u00e9e \u00e0 la d\u00e9coupe \u00e0 colonnes. Chaque verre poss\u00e8de un motif unique qui attire le regard, en faisant un incontournable pour votre collection de verrerie.<\/p>\n<p>\u2022 Le verre sodocalcique fait \u00e0 la main b\u00e9n\u00e9ficie d&rsquo;une excellente clart\u00e9<br \/>\u2022 Le design intemporel s&rsquo;int\u00e8gre parfaitement dans n&rsquo;importe quel bar<br \/>\u2022 Le motif unique ajoute un style accrocheur<\/p>\n<p><b><u>Caract\u00e9ristiques du produit :<\/u><\/b><br \/>\u2022 Lot : 6.0.<\/p>\n","protected":false},"excerpt":{"rendered":"<p>Quantit\u00e9 par paquet\u00a0: 6<\/p>\n","protected":false},"featured_media":107253,"comment_status":"open","ping_status":"closed","template":"","meta":[],"product_brand":[],"product_cat":[1023,1055,1297,1051],"product_tag":[],"class_list":{"0":"post-111557","1":"product","2":"type-product","3":"status-publish","4":"has-post-thumbnail","6":"product_cat-art-de-la-table","7":"product_cat-chopes-et-gobelets","8":"product_cat-non-palettisable","9":"product_cat-verrerie","10":"product_shipping_class-free-shipping","12":"first","13":"outofstock","14":"featured","15":"taxable","16":"shipping-taxable","17":"purchasable","18":"product-type-simple"},"_links":{"self":[{"href":"https:\/\/abinox-chr-clim.com\/index.php\/wp-json\/wp\/v2\/product\/111557","targetHints":{"allow":["GET"]}}],"collection":[{"href":"https:\/\/abinox-chr-clim.com\/index.php\/wp-json\/wp\/v2\/product"}],"about":[{"href":"https:\/\/abinox-chr-clim.com\/index.php\/wp-json\/wp\/v2\/types\/product"}],"replies":[{"embeddable":true,"href":"https:\/\/abinox-chr-clim.com\/index.php\/wp-json\/wp\/v2\/comments?post=111557"}],"wp:featuredmedia":[{"embeddable":true,"href":"https:\/\/abinox-chr-clim.com\/index.php\/wp-json\/wp\/v2\/media\/107253"}],"wp:attachment":[{"href":"https:\/\/abinox-chr-clim.com\/index.php\/wp-json\/wp\/v2\/media?parent=111557"}],"wp:term":[{"taxonomy":"product_brand","embeddable":true,"href":"https:\/\/abinox-chr-clim.com\/index.php\/wp-json\/wp\/v2\/product_brand?post=111557"},{"taxonomy":"product_cat","embeddable":true,"href":"https:\/\/abinox-chr-clim.com\/index.php\/wp-json\/wp\/v2\/product_cat?post=111557"},{"taxonomy":"product_tag","embeddable":true,"href":"https:\/\/abinox-chr-clim.com\/index.php\/wp-json\/wp\/v2\/product_tag?post=111557"}],"curies":[{"name":"wp","href":"https:\/\/api.w.org\/{rel}","templated":true}]}}