{"id":111556,"date":"2025-05-29T12:44:07","date_gmt":"2025-05-29T10:44:07","guid":{"rendered":"https:\/\/abinox-chr-clim.com\/index.php\/product\/cendrier-poubelle-bolero-12l\/"},"modified":"2026-04-14T11:30:23","modified_gmt":"2026-04-14T09:30:23","slug":"cendrier-poubelle-bolero-12l","status":"publish","type":"product","link":"https:\/\/abinox-chr-clim.com\/index.php\/product\/cendrier-poubelle-bolero-12l\/","title":{"rendered":"Cendrier poubelle Bolero 12L"},"content":{"rendered":"<p>Gardez un espace ext\u00e9rieur bien rang\u00e9 avec les cendriers Bolero. Disponibles en plusieurs tailles, ces poubelles offrent une solution pratique pour l&rsquo;\u00e9limination s\u00fbre et discr\u00e8te des m\u00e9gots de cigarette.<\/p>\n<p>\u2022 Garde les zones fumeurs propres<br \/>\u2022 La grande capacit\u00e9 de 12 litres r\u00e9duit la fr\u00e9quence de nettoyage<br \/>\u2022 Tube int\u00e9rieur et cendrier faciles \u00e0 retirer pour un vidage et un nettoyage rapides<br \/>\u2022 Parfait pour une utilisation ext\u00e9rieure intensive dans les \u00e9tablissements commerciaux<\/p>\n<p><b><u>Caract\u00e9ristiques du produit :<\/u><\/b><br \/>\u2022 Capacit\u00e9 : 12 L<br \/>\u2022 Dim. : 588(H)x209(\u00d8)mm<br \/>\u2022 Mati\u00e8re : Inox<br \/>\u2022 Couleur : Argent.<\/p>\n","protected":false},"excerpt":{"rendered":"<p>588(H)x209(\u00d8)mm. Capacit\u00e9 : 12L<\/p>\n","protected":false},"featured_media":107252,"comment_status":"open","ping_status":"closed","template":"","meta":[],"product_brand":[],"product_cat":[1218,1217,1297,1216],"product_tag":[],"class_list":{"0":"post-111556","1":"product","2":"type-product","3":"status-publish","4":"has-post-thumbnail","6":"product_cat-cendriers","7":"product_cat-collecte-des-dechets","8":"product_cat-non-palettisable","9":"product_cat-usage-unique-et-entretien","10":"product_shipping_class-free-shipping","12":"first","13":"instock","14":"featured","15":"taxable","16":"shipping-taxable","17":"purchasable","18":"product-type-simple"},"_links":{"self":[{"href":"https:\/\/abinox-chr-clim.com\/index.php\/wp-json\/wp\/v2\/product\/111556","targetHints":{"allow":["GET"]}}],"collection":[{"href":"https:\/\/abinox-chr-clim.com\/index.php\/wp-json\/wp\/v2\/product"}],"about":[{"href":"https:\/\/abinox-chr-clim.com\/index.php\/wp-json\/wp\/v2\/types\/product"}],"replies":[{"embeddable":true,"href":"https:\/\/abinox-chr-clim.com\/index.php\/wp-json\/wp\/v2\/comments?post=111556"}],"wp:featuredmedia":[{"embeddable":true,"href":"https:\/\/abinox-chr-clim.com\/index.php\/wp-json\/wp\/v2\/media\/107252"}],"wp:attachment":[{"href":"https:\/\/abinox-chr-clim.com\/index.php\/wp-json\/wp\/v2\/media?parent=111556"}],"wp:term":[{"taxonomy":"product_brand","embeddable":true,"href":"https:\/\/abinox-chr-clim.com\/index.php\/wp-json\/wp\/v2\/product_brand?post=111556"},{"taxonomy":"product_cat","embeddable":true,"href":"https:\/\/abinox-chr-clim.com\/index.php\/wp-json\/wp\/v2\/product_cat?post=111556"},{"taxonomy":"product_tag","embeddable":true,"href":"https:\/\/abinox-chr-clim.com\/index.php\/wp-json\/wp\/v2\/product_tag?post=111556"}],"curies":[{"name":"wp","href":"https:\/\/api.w.org\/{rel}","templated":true}]}}