{"id":111553,"date":"2025-05-29T12:44:01","date_gmt":"2025-05-29T10:44:01","guid":{"rendered":"https:\/\/abinox-chr-clim.com\/index.php\/product\/couvercles-en-pet-pour-barquettes-a-sushi-no-3-fiesta-recyclable-lot-de-300\/"},"modified":"2026-04-15T10:56:57","modified_gmt":"2026-04-15T08:56:57","slug":"couvercles-en-pet-pour-barquettes-a-sushi-no-3-fiesta-recyclable-lot-de-300","status":"publish","type":"product","link":"https:\/\/abinox-chr-clim.com\/index.php\/product\/couvercles-en-pet-pour-barquettes-a-sushi-no-3-fiesta-recyclable-lot-de-300\/","title":{"rendered":"Couvercles en PET pour barquettes \u00e0 sushi No. 3 Fiesta Recyclable (lot de 300)"},"content":{"rendered":"<p>Servez des sushis en respectant l&rsquo;environnement gr\u00e2ce aux r\u00e9cipients \u00e0 sushis recyclables Fiesta. Fabriqu\u00e9es \u00e0 partir de mat\u00e9riaux de haute qualit\u00e9, ces bo\u00eetes offrent une tenue s\u00fbre et \u00e9tanche, ce qui permet de conserver la fra\u00eecheur des aliments et une pr\u00e9sentation impeccable. Elles sont parfaites pour les restaurants qui cherchent \u00e0 r\u00e9duire leurs d\u00e9chets.<\/p>\n<p>\u2022 Garde les aliments en s\u00e9curit\u00e9 et prot\u00e9g\u00e9s pour le libre-service ou la livraison<br \/>\u2022 En PET largement recyclable; consultez votre conseil local pour les directives de recyclage<br \/>\u2022 Id\u00e9al pour les restaurants et les services de restauration<br \/>\u2022 Compatible avec les barquettes \u00e0 sushi n\u00b0 3 (vendue s\u00e9par\u00e9ment, voir code HX288)<\/p>\n<p><b><u>Caract\u00e9ristiques du produit :<\/u><\/b><br \/>\u2022 Lot : 300.0<br \/>\u2022 Couleur : Transparent.<\/p>\n","protected":false},"excerpt":{"rendered":"<p>Compatible avec les barquettes \u00e0 sushi No. 3 (HX288). Lot de 300<\/p>\n","protected":false},"featured_media":109128,"comment_status":"open","ping_status":"closed","template":"","meta":[],"product_brand":[],"product_cat":[1240,1297,1238,1216],"product_tag":[],"class_list":{"0":"post-111553","1":"product","2":"type-product","3":"status-publish","4":"has-post-thumbnail","6":"product_cat-emballages-alimentaires","7":"product_cat-non-palettisable","8":"product_cat-produits-a-usage-unique","9":"product_cat-usage-unique-et-entretien","10":"product_shipping_class-free-shipping","12":"first","13":"instock","14":"featured","15":"taxable","16":"shipping-taxable","17":"purchasable","18":"product-type-simple"},"_links":{"self":[{"href":"https:\/\/abinox-chr-clim.com\/index.php\/wp-json\/wp\/v2\/product\/111553","targetHints":{"allow":["GET"]}}],"collection":[{"href":"https:\/\/abinox-chr-clim.com\/index.php\/wp-json\/wp\/v2\/product"}],"about":[{"href":"https:\/\/abinox-chr-clim.com\/index.php\/wp-json\/wp\/v2\/types\/product"}],"replies":[{"embeddable":true,"href":"https:\/\/abinox-chr-clim.com\/index.php\/wp-json\/wp\/v2\/comments?post=111553"}],"wp:featuredmedia":[{"embeddable":true,"href":"https:\/\/abinox-chr-clim.com\/index.php\/wp-json\/wp\/v2\/media\/109128"}],"wp:attachment":[{"href":"https:\/\/abinox-chr-clim.com\/index.php\/wp-json\/wp\/v2\/media?parent=111553"}],"wp:term":[{"taxonomy":"product_brand","embeddable":true,"href":"https:\/\/abinox-chr-clim.com\/index.php\/wp-json\/wp\/v2\/product_brand?post=111553"},{"taxonomy":"product_cat","embeddable":true,"href":"https:\/\/abinox-chr-clim.com\/index.php\/wp-json\/wp\/v2\/product_cat?post=111553"},{"taxonomy":"product_tag","embeddable":true,"href":"https:\/\/abinox-chr-clim.com\/index.php\/wp-json\/wp\/v2\/product_tag?post=111553"}],"curies":[{"name":"wp","href":"https:\/\/api.w.org\/{rel}","templated":true}]}}