{"id":111546,"date":"2025-05-29T12:43:46","date_gmt":"2025-05-29T10:43:46","guid":{"rendered":"https:\/\/abinox-chr-clim.com\/index.php\/product\/barquettes-a-sushi-no-1-fiesta-recyclable-160x90mm-paquet-de-300\/"},"modified":"2026-04-15T10:56:51","modified_gmt":"2026-04-15T08:56:51","slug":"barquettes-a-sushi-no-1-fiesta-recyclable-160x90mm-paquet-de-300","status":"publish","type":"product","link":"https:\/\/abinox-chr-clim.com\/index.php\/product\/barquettes-a-sushi-no-1-fiesta-recyclable-160x90mm-paquet-de-300\/","title":{"rendered":"Barquettes \u00e0 sushi No 1 Fiesta Recyclable 160x90mm (Paquet de 300)"},"content":{"rendered":"<p>Servez des sushis en respectant l&rsquo;environnement gr\u00e2ce aux r\u00e9cipients \u00e0 sushis recyclables Fiesta. Fabriqu\u00e9es \u00e0 partir de mat\u00e9riaux de haute qualit\u00e9, ces bo\u00eetes offrent une tenue s\u00fbre et \u00e9tanche, ce qui permet de conserver la fra\u00eecheur des aliments et une pr\u00e9sentation impeccable. Elles sont parfaites pour les restaurants qui cherchent \u00e0 r\u00e9duire leurs d\u00e9chets.<\/p>\n<p>\u2022 En papier durable avec un rev\u00eatement antiadh\u00e9sif<br \/>\u2022 Parfait pour les sushis, assurant une pr\u00e9sentation professionnelle<br \/>\u2022 Alternative plus \u00e9cologique aux plateaux en plastique traditionnels<br \/>\u2022 Id\u00e9al pour servir diverses options de plats \u00e0 emporter<br \/>\u2022 Pour le couvercle en PET compatible, voir le code HX291<\/p>\n<p><b><u>Caract\u00e9ristiques du produit :<\/u><\/b><br \/>\u2022 Lot : 300.0<br \/>\u2022 Dim. : 160(L) x 90(P)mm<br \/>\u2022 Mati\u00e8re : Papier<br \/>\u2022 Couleur : Marron.<\/p>\n","protected":false},"excerpt":{"rendered":"<p>160(L)x90(P)mm. Lot de 300<\/p>\n","protected":false},"featured_media":107251,"comment_status":"open","ping_status":"closed","template":"","meta":[],"product_brand":[],"product_cat":[1240,1297,1238,1216],"product_tag":[],"class_list":{"0":"post-111546","1":"product","2":"type-product","3":"status-publish","4":"has-post-thumbnail","6":"product_cat-emballages-alimentaires","7":"product_cat-non-palettisable","8":"product_cat-produits-a-usage-unique","9":"product_cat-usage-unique-et-entretien","10":"product_shipping_class-free-shipping","12":"first","13":"instock","14":"featured","15":"taxable","16":"shipping-taxable","17":"purchasable","18":"product-type-simple"},"_links":{"self":[{"href":"https:\/\/abinox-chr-clim.com\/index.php\/wp-json\/wp\/v2\/product\/111546","targetHints":{"allow":["GET"]}}],"collection":[{"href":"https:\/\/abinox-chr-clim.com\/index.php\/wp-json\/wp\/v2\/product"}],"about":[{"href":"https:\/\/abinox-chr-clim.com\/index.php\/wp-json\/wp\/v2\/types\/product"}],"replies":[{"embeddable":true,"href":"https:\/\/abinox-chr-clim.com\/index.php\/wp-json\/wp\/v2\/comments?post=111546"}],"wp:featuredmedia":[{"embeddable":true,"href":"https:\/\/abinox-chr-clim.com\/index.php\/wp-json\/wp\/v2\/media\/107251"}],"wp:attachment":[{"href":"https:\/\/abinox-chr-clim.com\/index.php\/wp-json\/wp\/v2\/media?parent=111546"}],"wp:term":[{"taxonomy":"product_brand","embeddable":true,"href":"https:\/\/abinox-chr-clim.com\/index.php\/wp-json\/wp\/v2\/product_brand?post=111546"},{"taxonomy":"product_cat","embeddable":true,"href":"https:\/\/abinox-chr-clim.com\/index.php\/wp-json\/wp\/v2\/product_cat?post=111546"},{"taxonomy":"product_tag","embeddable":true,"href":"https:\/\/abinox-chr-clim.com\/index.php\/wp-json\/wp\/v2\/product_tag?post=111546"}],"curies":[{"name":"wp","href":"https:\/\/api.w.org\/{rel}","templated":true}]}}