{"id":111545,"date":"2025-05-29T12:43:44","date_gmt":"2025-05-29T10:43:44","guid":{"rendered":"https:\/\/abinox-chr-clim.com\/index.php\/product\/tampons-en-maille-pour-plaque-de-cuisson-jantex-lot-de-10\/"},"modified":"2026-04-14T11:30:22","modified_gmt":"2026-04-14T09:30:22","slug":"tampons-en-maille-pour-plaque-de-cuisson-jantex-lot-de-10","status":"publish","type":"product","link":"https:\/\/abinox-chr-clim.com\/index.php\/product\/tampons-en-maille-pour-plaque-de-cuisson-jantex-lot-de-10\/","title":{"rendered":"Tampons en maille pour plaque de cuisson Jantex (lot de 10)"},"content":{"rendered":"<p>Obtenez des plaques de cuisson impeccables sans effort gr\u00e2ce aux tampons pour plaques de cuisson Jantex. Gr\u00e2ce \u00e0 leur construction monobloc robuste et aux tampons de nettoyage, les t\u00e2ches de nettoyage les plus ardues ne vous poseront aucun probl\u00e8me.<\/p>\n<p>\u2022 \u00c9limine les aliments br\u00fbl\u00e9s et la graisse de votre plaque de cuisson<br \/>\u2022 Le design en maille ouverte \u00e9limine efficacement les aliments et les d\u00e9bris tenaces<br \/>\u2022 Le mat\u00e9riau r\u00e9sistant \u00e0 la chaleur permet une utilisation \u00e0 haute temp\u00e9rature sans fondre<br \/>\u2022 Se combine avec la poign\u00e9e porte-tampon (HX277 &#8211; vendue s\u00e9par\u00e9ment) pour un nettoyage rapide et facile<br \/>\u2022 Peut \u00e9galement \u00eatre utilis\u00e9 avec des tampons nettoyants (voir code HX278)<\/p>\n<p><b><u>Caract\u00e9ristiques du produit :<\/u><\/b><br \/>\u2022 Lot : 10.0<br \/>\u2022 Couleur : Gris.<\/p>\n","protected":false},"excerpt":{"rendered":"<p>Quantit\u00e9 par lot : 10<\/p>\n","protected":false},"featured_media":107715,"comment_status":"open","ping_status":"closed","template":"","meta":[],"product_brand":[],"product_cat":[1227,1297,1232,1216],"product_tag":[],"class_list":{"0":"post-111545","1":"product","2":"type-product","3":"status-publish","4":"has-post-thumbnail","6":"product_cat-nettoyage","7":"product_cat-non-palettisable","8":"product_cat-seaux-de-lavage-et-balais-brosse","9":"product_cat-usage-unique-et-entretien","10":"product_shipping_class-free-shipping","12":"first","13":"instock","14":"featured","15":"taxable","16":"shipping-taxable","17":"purchasable","18":"product-type-simple"},"_links":{"self":[{"href":"https:\/\/abinox-chr-clim.com\/index.php\/wp-json\/wp\/v2\/product\/111545","targetHints":{"allow":["GET"]}}],"collection":[{"href":"https:\/\/abinox-chr-clim.com\/index.php\/wp-json\/wp\/v2\/product"}],"about":[{"href":"https:\/\/abinox-chr-clim.com\/index.php\/wp-json\/wp\/v2\/types\/product"}],"replies":[{"embeddable":true,"href":"https:\/\/abinox-chr-clim.com\/index.php\/wp-json\/wp\/v2\/comments?post=111545"}],"wp:featuredmedia":[{"embeddable":true,"href":"https:\/\/abinox-chr-clim.com\/index.php\/wp-json\/wp\/v2\/media\/107715"}],"wp:attachment":[{"href":"https:\/\/abinox-chr-clim.com\/index.php\/wp-json\/wp\/v2\/media?parent=111545"}],"wp:term":[{"taxonomy":"product_brand","embeddable":true,"href":"https:\/\/abinox-chr-clim.com\/index.php\/wp-json\/wp\/v2\/product_brand?post=111545"},{"taxonomy":"product_cat","embeddable":true,"href":"https:\/\/abinox-chr-clim.com\/index.php\/wp-json\/wp\/v2\/product_cat?post=111545"},{"taxonomy":"product_tag","embeddable":true,"href":"https:\/\/abinox-chr-clim.com\/index.php\/wp-json\/wp\/v2\/product_tag?post=111545"}],"curies":[{"name":"wp","href":"https:\/\/api.w.org\/{rel}","templated":true}]}}