{"id":111544,"date":"2025-05-29T12:43:43","date_gmt":"2025-05-29T10:43:43","guid":{"rendered":"https:\/\/abinox-chr-clim.com\/index.php\/product\/tampons-nettoyants-pour-plaque-de-cuisson-jantex-lot-de-10\/"},"modified":"2026-04-15T10:56:31","modified_gmt":"2026-04-15T08:56:31","slug":"tampons-nettoyants-pour-plaque-de-cuisson-jantex-lot-de-10","status":"publish","type":"product","link":"https:\/\/abinox-chr-clim.com\/index.php\/product\/tampons-nettoyants-pour-plaque-de-cuisson-jantex-lot-de-10\/","title":{"rendered":"Tampons nettoyants pour plaque de cuisson Jantex (lot de 10)"},"content":{"rendered":"<p>Obtenez des plaques de cuisson impeccables sans effort gr\u00e2ce aux tampons pour plaques de cuisson Jantex. Gr\u00e2ce \u00e0 leur construction monobloc robuste et aux tampons de nettoyage, les t\u00e2ches de nettoyage les plus ardues ne vous poseront aucun probl\u00e8me.<\/p>\n<p>\u2022 \u00c9limine efficacement les taches et la salet\u00e9 de votre plaque de cuisson<br \/>\u2022 Peuvent \u00eatre rinc\u00e9s, r\u00e9duisant le besoin de remplacements fr\u00e9quents<br \/>\u2022 Compatible avec les tampons en maille (HX279) et le porte-tampon (HX277) &#8211; vendus s\u00e9par\u00e9ment<\/p>\n<p><b><u>Caract\u00e9ristiques du produit :<\/u><\/b><br \/>\u2022 Lot : 10.0<br \/>\u2022 Mati\u00e8re : Polyester<br \/>\u2022 Couleur : Noir.<\/p>\n","protected":false},"excerpt":{"rendered":"<p>Quantit\u00e9 du lot : 10<\/p>\n","protected":false},"featured_media":105932,"comment_status":"open","ping_status":"closed","template":"","meta":[],"product_brand":[],"product_cat":[1227,1297,1232,1216],"product_tag":[],"class_list":{"0":"post-111544","1":"product","2":"type-product","3":"status-publish","4":"has-post-thumbnail","6":"product_cat-nettoyage","7":"product_cat-non-palettisable","8":"product_cat-seaux-de-lavage-et-balais-brosse","9":"product_cat-usage-unique-et-entretien","10":"product_shipping_class-free-shipping","12":"first","13":"instock","14":"featured","15":"taxable","16":"shipping-taxable","17":"purchasable","18":"product-type-simple"},"_links":{"self":[{"href":"https:\/\/abinox-chr-clim.com\/index.php\/wp-json\/wp\/v2\/product\/111544","targetHints":{"allow":["GET"]}}],"collection":[{"href":"https:\/\/abinox-chr-clim.com\/index.php\/wp-json\/wp\/v2\/product"}],"about":[{"href":"https:\/\/abinox-chr-clim.com\/index.php\/wp-json\/wp\/v2\/types\/product"}],"replies":[{"embeddable":true,"href":"https:\/\/abinox-chr-clim.com\/index.php\/wp-json\/wp\/v2\/comments?post=111544"}],"wp:featuredmedia":[{"embeddable":true,"href":"https:\/\/abinox-chr-clim.com\/index.php\/wp-json\/wp\/v2\/media\/105932"}],"wp:attachment":[{"href":"https:\/\/abinox-chr-clim.com\/index.php\/wp-json\/wp\/v2\/media?parent=111544"}],"wp:term":[{"taxonomy":"product_brand","embeddable":true,"href":"https:\/\/abinox-chr-clim.com\/index.php\/wp-json\/wp\/v2\/product_brand?post=111544"},{"taxonomy":"product_cat","embeddable":true,"href":"https:\/\/abinox-chr-clim.com\/index.php\/wp-json\/wp\/v2\/product_cat?post=111544"},{"taxonomy":"product_tag","embeddable":true,"href":"https:\/\/abinox-chr-clim.com\/index.php\/wp-json\/wp\/v2\/product_tag?post=111544"}],"curies":[{"name":"wp","href":"https:\/\/api.w.org\/{rel}","templated":true}]}}