{"id":111543,"date":"2025-05-29T12:43:41","date_gmt":"2025-05-29T10:43:41","guid":{"rendered":"https:\/\/abinox-chr-clim.com\/index.php\/product\/poignee-porte-tampon-pour-plaque-de-cuisson-jantex\/"},"modified":"2026-04-14T11:30:19","modified_gmt":"2026-04-14T09:30:19","slug":"poignee-porte-tampon-pour-plaque-de-cuisson-jantex","status":"publish","type":"product","link":"https:\/\/abinox-chr-clim.com\/index.php\/product\/poignee-porte-tampon-pour-plaque-de-cuisson-jantex\/","title":{"rendered":"Poign\u00e9e porte-tampon pour plaque de cuisson Jantex"},"content":{"rendered":"<p>Obtenez des plaques de cuisson impeccables sans effort gr\u00e2ce aux tampons pour plaques de cuisson Jantex. Gr\u00e2ce \u00e0 leur construction monobloc robuste et aux tampons de nettoyage, les t\u00e2ches de nettoyage les plus ardues ne vous poseront aucun probl\u00e8me.<\/p>\n<p>\u2022 Fournit une stabilit\u00e9 accrue pour le nettoyage de votre plaque chauffante<br \/>\u2022 Id\u00e9al pour des nettoyages rapides sans attendre que la plaque refroidisse<br \/>\u2022 Poign\u00e9e int\u00e9gr\u00e9e pour maintenir en toute s\u00e9curit\u00e9 les tampons de nettoyage en place<br \/>\u2022 Tampon de nettoyage (HX278) et tampons en maille (HX279) disponibles s\u00e9par\u00e9ment<\/p>\n<p><b><u>Caract\u00e9ristiques du produit :<\/u><\/b><br \/>\u2022 Couleur : Noir.<\/p>\n","protected":false},"excerpt":{"rendered":"<p>Compatible avec les tampons nettoyants pour plaque de cuisson Jantex (HX278) et les tampons en maille (HX279)<\/p>\n","protected":false},"featured_media":109125,"comment_status":"open","ping_status":"closed","template":"","meta":[],"product_brand":[],"product_cat":[1227,1297,1232,1216],"product_tag":[],"class_list":{"0":"post-111543","1":"product","2":"type-product","3":"status-publish","4":"has-post-thumbnail","6":"product_cat-nettoyage","7":"product_cat-non-palettisable","8":"product_cat-seaux-de-lavage-et-balais-brosse","9":"product_cat-usage-unique-et-entretien","10":"product_shipping_class-free-shipping","12":"first","13":"instock","14":"featured","15":"taxable","16":"shipping-taxable","17":"purchasable","18":"product-type-simple"},"_links":{"self":[{"href":"https:\/\/abinox-chr-clim.com\/index.php\/wp-json\/wp\/v2\/product\/111543","targetHints":{"allow":["GET"]}}],"collection":[{"href":"https:\/\/abinox-chr-clim.com\/index.php\/wp-json\/wp\/v2\/product"}],"about":[{"href":"https:\/\/abinox-chr-clim.com\/index.php\/wp-json\/wp\/v2\/types\/product"}],"replies":[{"embeddable":true,"href":"https:\/\/abinox-chr-clim.com\/index.php\/wp-json\/wp\/v2\/comments?post=111543"}],"wp:featuredmedia":[{"embeddable":true,"href":"https:\/\/abinox-chr-clim.com\/index.php\/wp-json\/wp\/v2\/media\/109125"}],"wp:attachment":[{"href":"https:\/\/abinox-chr-clim.com\/index.php\/wp-json\/wp\/v2\/media?parent=111543"}],"wp:term":[{"taxonomy":"product_brand","embeddable":true,"href":"https:\/\/abinox-chr-clim.com\/index.php\/wp-json\/wp\/v2\/product_brand?post=111543"},{"taxonomy":"product_cat","embeddable":true,"href":"https:\/\/abinox-chr-clim.com\/index.php\/wp-json\/wp\/v2\/product_cat?post=111543"},{"taxonomy":"product_tag","embeddable":true,"href":"https:\/\/abinox-chr-clim.com\/index.php\/wp-json\/wp\/v2\/product_tag?post=111543"}],"curies":[{"name":"wp","href":"https:\/\/api.w.org\/{rel}","templated":true}]}}