{"id":111542,"date":"2025-05-29T12:43:39","date_gmt":"2025-05-29T10:43:39","guid":{"rendered":"https:\/\/abinox-chr-clim.com\/index.php\/product\/chiffons-de-nettoyage-en-eponge-jantex-bleus-lot-de-10\/"},"modified":"2026-04-14T11:28:50","modified_gmt":"2026-04-14T09:28:50","slug":"chiffons-de-nettoyage-en-eponge-jantex-bleus-lot-de-10","status":"publish","type":"product","link":"https:\/\/abinox-chr-clim.com\/index.php\/product\/chiffons-de-nettoyage-en-eponge-jantex-bleus-lot-de-10\/","title":{"rendered":"Chiffons de nettoyage en \u00e9ponge Jantex bleus (lot de 10)"},"content":{"rendered":"<p>\u00c9limine les taches et les marques sur presque toutes les surfaces, sans produits chimiques.<\/p>\n<p>\u2022 Enl\u00e8ve les taches et marques de presque toutes les surfaces, sans produits chimiques<br \/>\u2022 Haute capacit\u00e9 d&rsquo;absorption pour \u00e9ponger les d\u00e9versements et nettoyer les surfaces<br \/>\u2022 Id\u00e9al pour essuyer les mousseurs \u00e0 lait sur les machines \u00e0 caf\u00e9 et les zones de bar<br \/>\u2022 La couleur bleue facilite le nettoyage par code couleur<\/p>\n<p><b><u>Caract\u00e9ristiques du produit :<\/u><\/b><br \/>\u2022 Lot : 10.0<br \/>\u2022 Couleur : Bleu.<\/p>\n","protected":false},"excerpt":{"rendered":"<p>200(L)x175(l)mm. Quantit\u00e9 par paquet : 10<\/p>\n","protected":false},"featured_media":109124,"comment_status":"open","ping_status":"closed","template":"","meta":[],"product_brand":[],"product_cat":[1230,1227,1297,1216],"product_tag":[],"class_list":{"0":"post-111542","1":"product","2":"type-product","3":"status-publish","4":"has-post-thumbnail","6":"product_cat-chiffons-et-eponges","7":"product_cat-nettoyage","8":"product_cat-non-palettisable","9":"product_cat-usage-unique-et-entretien","10":"product_shipping_class-free-shipping","12":"first","13":"instock","14":"featured","15":"taxable","16":"shipping-taxable","17":"purchasable","18":"product-type-simple"},"_links":{"self":[{"href":"https:\/\/abinox-chr-clim.com\/index.php\/wp-json\/wp\/v2\/product\/111542","targetHints":{"allow":["GET"]}}],"collection":[{"href":"https:\/\/abinox-chr-clim.com\/index.php\/wp-json\/wp\/v2\/product"}],"about":[{"href":"https:\/\/abinox-chr-clim.com\/index.php\/wp-json\/wp\/v2\/types\/product"}],"replies":[{"embeddable":true,"href":"https:\/\/abinox-chr-clim.com\/index.php\/wp-json\/wp\/v2\/comments?post=111542"}],"wp:featuredmedia":[{"embeddable":true,"href":"https:\/\/abinox-chr-clim.com\/index.php\/wp-json\/wp\/v2\/media\/109124"}],"wp:attachment":[{"href":"https:\/\/abinox-chr-clim.com\/index.php\/wp-json\/wp\/v2\/media?parent=111542"}],"wp:term":[{"taxonomy":"product_brand","embeddable":true,"href":"https:\/\/abinox-chr-clim.com\/index.php\/wp-json\/wp\/v2\/product_brand?post=111542"},{"taxonomy":"product_cat","embeddable":true,"href":"https:\/\/abinox-chr-clim.com\/index.php\/wp-json\/wp\/v2\/product_cat?post=111542"},{"taxonomy":"product_tag","embeddable":true,"href":"https:\/\/abinox-chr-clim.com\/index.php\/wp-json\/wp\/v2\/product_tag?post=111542"}],"curies":[{"name":"wp","href":"https:\/\/api.w.org\/{rel}","templated":true}]}}