{"id":111540,"date":"2025-05-29T12:43:35","date_gmt":"2025-05-29T10:43:35","guid":{"rendered":"https:\/\/abinox-chr-clim.com\/index.php\/product\/serpillieres-jantex-480x675mm-lot-de-10\/"},"modified":"2026-04-14T11:41:47","modified_gmt":"2026-04-14T09:41:47","slug":"serpillieres-jantex-480x675mm-lot-de-10","status":"publish","type":"product","link":"https:\/\/abinox-chr-clim.com\/index.php\/product\/serpillieres-jantex-480x675mm-lot-de-10\/","title":{"rendered":"Serpilli\u00e8res Jantex 480x675mm (lot de 10)"},"content":{"rendered":"<p>La texture abrasive garantit une finition propre et polie. Les serpilli\u00e8res sont lavables en machine pour un usage r\u00e9p\u00e9t\u00e9, ce qui permet d&rsquo;\u00e9conomiser de l&rsquo;argent et de r\u00e9duire les d\u00e9chets.<\/p>\n<p>\u2022 La texture abrasive enl\u00e8ve les taches tenaces et la salet\u00e9 avec facilit\u00e9<br \/>\u2022 Convient pour une utilisation sur toutes les surfaces de sol<br \/>\u2022 Laisse les sols propres et polis<br \/>\u2022 Lavable en machine pour un nettoyage et une r\u00e9utilisation faciles<\/p>\n<p><b><u>Caract\u00e9ristiques du produit :<\/u><\/b><br \/>\u2022 Lot : 10.0<br \/>\u2022 Dim. : 480(L) x 675(P)mm<br \/>\u2022 Mati\u00e8re : Polyester<br \/>\u2022 Couleur : Blanc.<\/p>\n","protected":false},"excerpt":{"rendered":"<p>480(L)x675(P)mm. Quantit\u00e9 du paquet : 10<\/p>\n","protected":false},"featured_media":109123,"comment_status":"open","ping_status":"closed","template":"","meta":[],"product_brand":[],"product_cat":[1227,1297,1232,1216],"product_tag":[],"class_list":{"0":"post-111540","1":"product","2":"type-product","3":"status-publish","4":"has-post-thumbnail","6":"product_cat-nettoyage","7":"product_cat-non-palettisable","8":"product_cat-seaux-de-lavage-et-balais-brosse","9":"product_cat-usage-unique-et-entretien","10":"product_shipping_class-free-shipping","12":"first","13":"outofstock","14":"featured","15":"taxable","16":"shipping-taxable","17":"purchasable","18":"product-type-simple"},"_links":{"self":[{"href":"https:\/\/abinox-chr-clim.com\/index.php\/wp-json\/wp\/v2\/product\/111540","targetHints":{"allow":["GET"]}}],"collection":[{"href":"https:\/\/abinox-chr-clim.com\/index.php\/wp-json\/wp\/v2\/product"}],"about":[{"href":"https:\/\/abinox-chr-clim.com\/index.php\/wp-json\/wp\/v2\/types\/product"}],"replies":[{"embeddable":true,"href":"https:\/\/abinox-chr-clim.com\/index.php\/wp-json\/wp\/v2\/comments?post=111540"}],"wp:featuredmedia":[{"embeddable":true,"href":"https:\/\/abinox-chr-clim.com\/index.php\/wp-json\/wp\/v2\/media\/109123"}],"wp:attachment":[{"href":"https:\/\/abinox-chr-clim.com\/index.php\/wp-json\/wp\/v2\/media?parent=111540"}],"wp:term":[{"taxonomy":"product_brand","embeddable":true,"href":"https:\/\/abinox-chr-clim.com\/index.php\/wp-json\/wp\/v2\/product_brand?post=111540"},{"taxonomy":"product_cat","embeddable":true,"href":"https:\/\/abinox-chr-clim.com\/index.php\/wp-json\/wp\/v2\/product_cat?post=111540"},{"taxonomy":"product_tag","embeddable":true,"href":"https:\/\/abinox-chr-clim.com\/index.php\/wp-json\/wp\/v2\/product_tag?post=111540"}],"curies":[{"name":"wp","href":"https:\/\/api.w.org\/{rel}","templated":true}]}}